{"id":12629,"date":"2022-07-30T12:02:41","date_gmt":"2022-07-30T10:02:41","guid":{"rendered":"https:\/\/www.materialpoolbern.ch\/?page_id=12629"},"modified":"2026-04-01T11:53:15","modified_gmt":"2026-04-01T09:53:15","slug":"faqs","status":"publish","type":"page","link":"https:\/\/www.materialpoolbern.ch\/fr\/faqs\/","title":{"rendered":"FAQ"},"content":{"rendered":"<div style=\"height:55px\" aria-hidden=\"true\" class=\"wp-block-spacer\"><\/div>\n\n\n\n<h2 class=\"gb-text gb-text-f0251b05\">FAQ<\/h2>\n\n\n\n<div style=\"height:29px\" aria-hidden=\"true\" class=\"wp-block-spacer\"><\/div>\n\n\n\n<h3 class=\"gb-text gb-text-fee7aee0\">CONDITIONS DE LOCATION<\/h3>\n\n\n\n<ul style=\"font-style:normal;font-weight:300\" class=\"wp-block-list\">\n<li>Prix de location par jour, TVA en sus<\/li>\n\n\n\n<li>Conditions de paiement 30 jours net<\/li>\n\n\n\n<li>Seuls les jours d'intervention effectifs sont factur\u00e9s.<\/li>\n\n\n\n<li>Les jours de montage et de d\u00e9montage sont gratuits<\/li>\n\n\n\n<li>Les journ\u00e9es d'essai sont gratuites<\/li>\n\n\n\n<li>Plusieurs jours d'intervention d\u00e9pendent de la liste de facteurs suivante<\/li>\n\n\n\n<li style=\"font-style:normal;font-weight:300\">Jours de location - facteur<br>1 - 1<br>2 - 1.7<br>3 - 2.3<br>4 - 2.8<br>5 - 3.2<br>6 - 3.6<br>7 - 4<br>8 - 4.3<br>9 - 4.6<br>10 - 4.9<br>etc.<\/li>\n<\/ul>\n\n\n\n<h3 class=\"gb-text gb-text-0c9af731\" id=\"offerte\">COMMENT OBTENIR UNE OFFRE ?<\/h3>\n\n\n\n<p class=\"gb-text gb-text-13a8d9db\">Rassemblez les produits souhait\u00e9s sur la liste de souhaits et lancez une demande d'offre sans engagement.<br>Appelez-nous ou envoyez-nous un e-mail \u00e0 l'adresse suivante : <a href=\"mailto:info@materialpoolbern.ch\">info@materialpoolbern.ch<\/a><\/p>\n\n\n\n<p style=\"font-style:normal;font-weight:300\">Nous recommandons aux nouveaux clients de faire une demande via la liste de suivi, nous aurons ainsi imm\u00e9diatement vos coordonn\u00e9es.<\/p>\n\n\n\n<h3 class=\"gb-text gb-text-2b45067c\">COMBIEN CO\u00dbTE LE TRANSPORT ?<\/h3>\n\n\n\n<ul class=\"wp-block-list\">\n<li style=\"font-style:normal;font-weight:300\">Dans le canton de Berne, le transport co\u00fbte 50.-\/trajet<\/li>\n\n\n\n<li style=\"font-style:normal;font-weight:300\">En dehors du canton de Berne, les kilom\u00e8tres sont factur\u00e9s \u00e0 80 centimes, plus le temps de travail utilis\u00e9 \u00e0 80.-\/heure.<\/li>\n<\/ul>\n\n\n\n<h3 class=\"gb-text gb-text-07c631e8\">EST-CE QUE CELA CO\u00dbTE PLUS CHER EN DEHORS DU CANTON DE BERNE ?<\/h3>\n\n\n\n<ul class=\"wp-block-list\">\n<li style=\"font-style:normal;font-weight:300\">En dehors du canton de Berne, il y a une majoration de 20% sur le prix du projet.<\/li>\n\n\n\n<li style=\"font-style:normal;font-weight:300\">En dehors du canton de Berne, les kilom\u00e8tres sont factur\u00e9s \u00e0 80 centimes, plus le temps de travail utilis\u00e9 \u00e0 80.-\/heure.<\/li>\n<\/ul>\n\n\n\n<h3 class=\"gb-text gb-text-206835ba\">ADH\u00c9SION \u00c0 L'ASSOCIATION MATERIALPOOL BERN<\/h3>\n\n\n\n<p class=\"gb-text gb-text-33c9ea86\">Les membres b\u00e9n\u00e9ficient d'une r\u00e9duction de 10% sur le mat\u00e9riel de location<\/p>\n\n\n\n<h3 class=\"gb-text gb-text-e470dbe6\">MONTAGE ET D\u00c9MONTAGE, OPERATING<\/h3>\n\n\n\n<ul class=\"wp-block-list\">\n<li style=\"font-style:normal;font-weight:300\">Nous installons volontiers la technique, le montage et le d\u00e9montage<\/li>\n\n\n\n<li style=\"font-style:normal;font-weight:300\">Nous nous occupons volontiers de la technique lors de votre \u00e9v\u00e9nement.<br>Forfait journalier jusqu'\u00e0 10 heures \u00e0 500.- \/ chaque heure suppl\u00e9mentaire \u00e0 50.-.<br>Forfait demi-journ\u00e9e jusqu'\u00e0 5 heures \u00e0 300.- \/ chaque heure suppl\u00e9mentaire \u00e0 50.-.<\/li>\n<\/ul>\n\n\n\n<h3 class=\"gb-text gb-text-a183e3ed\">RAMASSAGE ET RETOUR DE MAT\u00c9RIEL<\/h3>\n\n\n\n<p class=\"gb-text gb-text-eaacc4f8\">Le mat\u00e9riel command\u00e9 peut \u00eatre retir\u00e9 pendant les heures d'ouverture du magasin. Lundi et mardi, jeudi et vendredi, de 10h00 \u00e0 13h00. Autres horaires sur rendez-vous.<br>De plus, le mat\u00e9riel peut \u00eatre r\u00e9cup\u00e9r\u00e9 et rapport\u00e9 de mani\u00e8re autonome dans notre antichambre, munie d'un coffre \u00e0 cl\u00e9s. Une notice explicative sera fournie sur demande.<\/p>\n\n\n\n<h3 class=\"gb-text gb-text-5af4b4a1\">CONDITIONS G\u00c9N\u00c9RALES DE VENTE<\/h3>\n\n\n\n<p class=\"gb-text gb-text-af14a082\">Le\/la locataire re\u00e7oit du pool de mat\u00e9riel de Berne le mat\u00e9riel susmentionn\u00e9 pour une utilisation libre et appropri\u00e9e.<br>Il\/elle\/iel sera responsable du mat\u00e9riel lou\u00e9 pendant toute la dur\u00e9e du contrat de location. Le\/la\/iel locataire s'engage \u00e0 utiliser le mat\u00e9riel avec soin. Les dommages r\u00e9sultant d'une mauvaise manipulation ou d'une utilisation inappropri\u00e9e seront factur\u00e9s.<br>La marchandise doit \u00eatre retourn\u00e9e \u00e0 la centrale de mat\u00e9riel \u00e0 la date convenue. Les frais occasionn\u00e9s \u00e0 la centrale de mat\u00e9riel de Berne par un retour tardif seront factur\u00e9s.<br>Le montant de la facture est payable soit en esp\u00e8ces lors de la restitution du mat\u00e9riel, soit dans les 30 jours suivant la r\u00e9ception de la facture accompagn\u00e9e d'un bulletin de versement.<br>Le\/la soussign\u00e9(e) confirme avoir re\u00e7u le mat\u00e9riel ci-dessus en bon \u00e9tat et en sa totalit\u00e9, et d\u00e9clare avoir pris connaissance des conditions g\u00e9n\u00e9rales de location.<br>La confirmation de l'offre vaut \u00e9galement confirmation des conditions de location.<br>L'offre reste valable pendant la p\u00e9riode indiqu\u00e9e, sous r\u00e9serve de modifications de prix qui seront communiqu\u00e9es.<\/p>\n\n\n\n<p><\/p>","protected":false},"excerpt":{"rendered":"<p>FAQs MIETKONDITIONEN WIE ERHALTE ICH EINE OFFERTE? Sammeln Sie die gew\u00fcnschten Produkte auf der Merkliste und starten Sie eine unverbindliche Offertanfrage.Rufen Sie uns an, oder schreiben Sie uns eine E-Mail an: info@materialpoolbern.ch Neukunden empfehlen wir eine Anfrage \u00fcber die Merkliste, dann haben wir gleich Ihre Kontaktangaben WIEVIEL KOSTET DER TRANSPORT? KOSTET ES MEHR AUSSERHALB VOM &#8230; <a title=\"FAQ\" class=\"read-more\" href=\"https:\/\/www.materialpoolbern.ch\/fr\/faqs\/\" aria-label=\"En savoir plus sur FAQs\">Lire la suite<\/a><\/p>","protected":false},"author":2,"featured_media":0,"parent":0,"menu_order":0,"comment_status":"closed","ping_status":"closed","template":"","meta":{"footnotes":""},"class_list":["post-12629","page","type-page","status-publish"],"yoast_head":"<!-- This site is optimized with the Yoast SEO plugin v27.4 - https:\/\/yoast.com\/product\/yoast-seo-wordpress\/ -->\n<title>FAQs - Materialpool Bern<\/title>\n<meta name=\"robots\" content=\"index, follow, max-snippet:-1, max-image-preview:large, max-video-preview:-1\" \/>\n<link rel=\"canonical\" href=\"https:\/\/www.materialpoolbern.ch\/fr\/faqs\/\" \/>\n<meta property=\"og:locale\" content=\"fr_FR\" \/>\n<meta property=\"og:type\" content=\"article\" \/>\n<meta property=\"og:title\" content=\"FAQs - Materialpool Bern\" \/>\n<meta property=\"og:description\" content=\"FAQs MIETKONDITIONEN WIE ERHALTE ICH EINE OFFERTE? Sammeln Sie die gew\u00fcnschten Produkte auf der Merkliste und starten Sie eine unverbindliche Offertanfrage.Rufen Sie uns an, oder schreiben Sie uns eine E-Mail an: info@materialpoolbern.ch Neukunden empfehlen wir eine Anfrage \u00fcber die Merkliste, dann haben wir gleich Ihre Kontaktangaben WIEVIEL KOSTET DER TRANSPORT? KOSTET ES MEHR AUSSERHALB VOM ... Lire la suite\" \/>\n<meta property=\"og:url\" content=\"https:\/\/www.materialpoolbern.ch\/fr\/faqs\/\" \/>\n<meta property=\"og:site_name\" content=\"Materialpool Bern\" \/>\n<meta property=\"article:modified_time\" content=\"2026-04-01T09:53:15+00:00\" \/>\n<meta name=\"twitter:card\" content=\"summary_large_image\" \/>\n<meta name=\"twitter:label1\" content=\"Dur\u00e9e de lecture estim\u00e9e\" \/>\n\t<meta name=\"twitter:data1\" content=\"3 minutes\" \/>\n<script type=\"application\/ld+json\" class=\"yoast-schema-graph\">{\"@context\":\"https:\\\/\\\/schema.org\",\"@graph\":[{\"@type\":\"WebPage\",\"@id\":\"https:\\\/\\\/www.materialpoolbern.ch\\\/faqs\\\/\",\"url\":\"https:\\\/\\\/www.materialpoolbern.ch\\\/faqs\\\/\",\"name\":\"FAQs - Materialpool Bern\",\"isPartOf\":{\"@id\":\"https:\\\/\\\/www.materialpoolbern.ch\\\/#website\"},\"datePublished\":\"2022-07-30T10:02:41+00:00\",\"dateModified\":\"2026-04-01T09:53:15+00:00\",\"breadcrumb\":{\"@id\":\"https:\\\/\\\/www.materialpoolbern.ch\\\/faqs\\\/#breadcrumb\"},\"inLanguage\":\"fr-FR\",\"potentialAction\":[{\"@type\":\"ReadAction\",\"target\":[\"https:\\\/\\\/www.materialpoolbern.ch\\\/faqs\\\/\"]}]},{\"@type\":\"BreadcrumbList\",\"@id\":\"https:\\\/\\\/www.materialpoolbern.ch\\\/faqs\\\/#breadcrumb\",\"itemListElement\":[{\"@type\":\"ListItem\",\"position\":1,\"name\":\"Startseite\",\"item\":\"https:\\\/\\\/www.materialpoolbern.ch\\\/\"},{\"@type\":\"ListItem\",\"position\":2,\"name\":\"FAQs\"}]},{\"@type\":\"WebSite\",\"@id\":\"https:\\\/\\\/www.materialpoolbern.ch\\\/#website\",\"url\":\"https:\\\/\\\/www.materialpoolbern.ch\\\/\",\"name\":\"Materialpool Bern\",\"description\":\"Material f\u00fcr Kulturschaffende\",\"publisher\":{\"@id\":\"https:\\\/\\\/www.materialpoolbern.ch\\\/#organization\"},\"potentialAction\":[{\"@type\":\"SearchAction\",\"target\":{\"@type\":\"EntryPoint\",\"urlTemplate\":\"https:\\\/\\\/www.materialpoolbern.ch\\\/?s={search_term_string}\"},\"query-input\":{\"@type\":\"PropertyValueSpecification\",\"valueRequired\":true,\"valueName\":\"search_term_string\"}}],\"inLanguage\":\"fr-FR\"},{\"@type\":\"Organization\",\"@id\":\"https:\\\/\\\/www.materialpoolbern.ch\\\/#organization\",\"name\":\"Materialpool Bern\",\"url\":\"https:\\\/\\\/www.materialpoolbern.ch\\\/\",\"logo\":{\"@type\":\"ImageObject\",\"inLanguage\":\"fr-FR\",\"@id\":\"https:\\\/\\\/www.materialpoolbern.ch\\\/#\\\/schema\\\/logo\\\/image\\\/\",\"url\":\"https:\\\/\\\/www.materialpoolbern.ch\\\/wp-content\\\/uploads\\\/2019\\\/11\\\/Logo_materialpool.png\",\"contentUrl\":\"https:\\\/\\\/www.materialpoolbern.ch\\\/wp-content\\\/uploads\\\/2019\\\/11\\\/Logo_materialpool.png\",\"width\":758,\"height\":295,\"caption\":\"Materialpool Bern\"},\"image\":{\"@id\":\"https:\\\/\\\/www.materialpoolbern.ch\\\/#\\\/schema\\\/logo\\\/image\\\/\"}}]}<\/script>\n<!-- \/ Yoast SEO plugin. -->","yoast_head_json":{"title":"FAQ - Materialpool Berne","robots":{"index":"index","follow":"follow","max-snippet":"max-snippet:-1","max-image-preview":"max-image-preview:large","max-video-preview":"max-video-preview:-1"},"canonical":"https:\/\/www.materialpoolbern.ch\/fr\/faqs\/","og_locale":"fr_FR","og_type":"article","og_title":"FAQs - Materialpool Bern","og_description":"FAQs MIETKONDITIONEN WIE ERHALTE ICH EINE OFFERTE? Sammeln Sie die gew\u00fcnschten Produkte auf der Merkliste und starten Sie eine unverbindliche Offertanfrage.Rufen Sie uns an, oder schreiben Sie uns eine E-Mail an: info@materialpoolbern.ch Neukunden empfehlen wir eine Anfrage \u00fcber die Merkliste, dann haben wir gleich Ihre Kontaktangaben WIEVIEL KOSTET DER TRANSPORT? KOSTET ES MEHR AUSSERHALB VOM ... Lire la suite","og_url":"https:\/\/www.materialpoolbern.ch\/fr\/faqs\/","og_site_name":"Materialpool Bern","article_modified_time":"2026-04-01T09:53:15+00:00","twitter_card":"summary_large_image","twitter_misc":{"Dur\u00e9e de lecture estim\u00e9e":"3 minutes"},"schema":{"@context":"https:\/\/schema.org","@graph":[{"@type":"WebPage","@id":"https:\/\/www.materialpoolbern.ch\/faqs\/","url":"https:\/\/www.materialpoolbern.ch\/faqs\/","name":"FAQ - Materialpool Berne","isPartOf":{"@id":"https:\/\/www.materialpoolbern.ch\/#website"},"datePublished":"2022-07-30T10:02:41+00:00","dateModified":"2026-04-01T09:53:15+00:00","breadcrumb":{"@id":"https:\/\/www.materialpoolbern.ch\/faqs\/#breadcrumb"},"inLanguage":"fr-FR","potentialAction":[{"@type":"ReadAction","target":["https:\/\/www.materialpoolbern.ch\/faqs\/"]}]},{"@type":"BreadcrumbList","@id":"https:\/\/www.materialpoolbern.ch\/faqs\/#breadcrumb","itemListElement":[{"@type":"ListItem","position":1,"name":"Startseite","item":"https:\/\/www.materialpoolbern.ch\/"},{"@type":"ListItem","position":2,"name":"FAQs"}]},{"@type":"WebSite","@id":"https:\/\/www.materialpoolbern.ch\/#website","url":"https:\/\/www.materialpoolbern.ch\/","name":"Pool De Mat\u00e9riel Berne","description":"Mat\u00e9riel pour les professionnels de la culture","publisher":{"@id":"https:\/\/www.materialpoolbern.ch\/#organization"},"potentialAction":[{"@type":"SearchAction","target":{"@type":"EntryPoint","urlTemplate":"https:\/\/www.materialpoolbern.ch\/?s={search_term_string}"},"query-input":{"@type":"PropertyValueSpecification","valueRequired":true,"valueName":"search_term_string"}}],"inLanguage":"fr-FR"},{"@type":"Organization","@id":"https:\/\/www.materialpoolbern.ch\/#organization","name":"Pool De Mat\u00e9riel Berne","url":"https:\/\/www.materialpoolbern.ch\/","logo":{"@type":"ImageObject","inLanguage":"fr-FR","@id":"https:\/\/www.materialpoolbern.ch\/#\/schema\/logo\/image\/","url":"https:\/\/www.materialpoolbern.ch\/wp-content\/uploads\/2019\/11\/Logo_materialpool.png","contentUrl":"https:\/\/www.materialpoolbern.ch\/wp-content\/uploads\/2019\/11\/Logo_materialpool.png","width":758,"height":295,"caption":"Materialpool Bern"},"image":{"@id":"https:\/\/www.materialpoolbern.ch\/#\/schema\/logo\/image\/"}}]}},"_links":{"self":[{"href":"https:\/\/www.materialpoolbern.ch\/fr\/wp-json\/wp\/v2\/pages\/12629","targetHints":{"allow":["GET"]}}],"collection":[{"href":"https:\/\/www.materialpoolbern.ch\/fr\/wp-json\/wp\/v2\/pages"}],"about":[{"href":"https:\/\/www.materialpoolbern.ch\/fr\/wp-json\/wp\/v2\/types\/page"}],"author":[{"embeddable":true,"href":"https:\/\/www.materialpoolbern.ch\/fr\/wp-json\/wp\/v2\/users\/2"}],"replies":[{"embeddable":true,"href":"https:\/\/www.materialpoolbern.ch\/fr\/wp-json\/wp\/v2\/comments?post=12629"}],"version-history":[{"count":141,"href":"https:\/\/www.materialpoolbern.ch\/fr\/wp-json\/wp\/v2\/pages\/12629\/revisions"}],"predecessor-version":[{"id":18743,"href":"https:\/\/www.materialpoolbern.ch\/fr\/wp-json\/wp\/v2\/pages\/12629\/revisions\/18743"}],"wp:attachment":[{"href":"https:\/\/www.materialpoolbern.ch\/fr\/wp-json\/wp\/v2\/media?parent=12629"}],"curies":[{"name":"wp","href":"https:\/\/api.w.org\/{rel}","templated":true}]}}