{"id":15680,"date":"2025-05-23T11:02:34","date_gmt":"2025-05-23T09:02:34","guid":{"rendered":"https:\/\/www.materialpoolbern.ch\/?page_id=15680"},"modified":"2026-02-28T17:04:27","modified_gmt":"2026-02-28T16:04:27","slug":"developpement-durable","status":"publish","type":"page","link":"https:\/\/www.materialpoolbern.ch\/fr\/nachhaltigkeit\/","title":{"rendered":"Durabilit\u00e9"},"content":{"rendered":"<div style=\"height:55px\" aria-hidden=\"true\" class=\"wp-block-spacer\"><\/div>\n\n\n\n<div>\n<h3 class=\"gb-text gb-text-f0251b05\">LE D\u00c9VELOPPEMENT DURABLE DANS LA PISCINE<\/h3>\n\n\n\n<div style=\"height:9px\" aria-hidden=\"true\" class=\"wp-block-spacer\"><\/div>\n\n\n\n<div class=\"wp-block-columns is-layout-flex wp-container-core-columns-is-layout-9d6595d7 wp-block-columns-is-layout-flex\">\n<div class=\"wp-block-column mp-ipad-imgcol is-layout-flow wp-block-column-is-layout-flow\" style=\"flex-basis:33.33%\">\n<figure class=\"wp-block-image size-full\"><img loading=\"lazy\" decoding=\"async\" width=\"311\" height=\"123\" src=\"https:\/\/www.materialpoolbern.ch\/wp-content\/uploads\/2026\/02\/mietenstattkaufen-1.png\" alt=\"\" class=\"wp-image-18551\" srcset=\"https:\/\/www.materialpoolbern.ch\/wp-content\/uploads\/2026\/02\/mietenstattkaufen-1.png 311w, https:\/\/www.materialpoolbern.ch\/wp-content\/uploads\/2026\/02\/mietenstattkaufen-1-300x119.png 300w, https:\/\/www.materialpoolbern.ch\/wp-content\/uploads\/2026\/02\/mietenstattkaufen-1-18x7.png 18w\" sizes=\"auto, (max-width: 311px) 100vw, 311px\" \/><\/figure>\n<\/div>\n\n\n\n<div class=\"wp-block-column is-layout-flow wp-block-column-is-layout-flow\" style=\"flex-basis:66.66%\">\n<p class=\"gb-text gb-text-7aef8fe1\">Le pool de mat\u00e9riel s'efforce d'acheter des appareils r\u00e9parables et de les garder en location le plus longtemps possible. Les appareils qui ont atteint le stade de la \u00abfin de vie\u00bb sont, si possible, revendus \u00e0 un prix avantageux ou donn\u00e9s. Les appareils qui doivent \u00eatre \u00e9limin\u00e9s sont recycl\u00e9s dans les r\u00e8gles de l'art.<\/p>\n<\/div>\n<\/div>\n\n\n\n<div style=\"height:59px\" aria-hidden=\"true\" class=\"wp-block-spacer\"><\/div>\n\n\n\n<h3 class=\"gb-text gb-text-cddc51eb\">LE D\u00c9VELOPPEMENT DURABLE DANS LES \u00c9V\u00c9NEMENTS<\/h3>\n\n\n\n<div style=\"height:5px\" aria-hidden=\"true\" class=\"wp-block-spacer\"><\/div>\n\n\n\n<div class=\"wp-block-columns is-layout-flex wp-container-core-columns-is-layout-9d6595d7 wp-block-columns-is-layout-flex\">\n<div class=\"wp-block-column is-layout-flow wp-block-column-is-layout-flow\" style=\"flex-basis:33.33%\">\n<figure class=\"wp-block-image size-full\"><a href=\"https:\/\/eventkit.ch\" target=\"_blank\" rel=\" noreferrer noopener\"><img loading=\"lazy\" decoding=\"async\" width=\"311\" height=\"119\" src=\"https:\/\/www.materialpoolbern.ch\/wp-content\/uploads\/2026\/02\/eventkit-1.png\" alt=\"\" class=\"wp-image-18545\" srcset=\"https:\/\/www.materialpoolbern.ch\/wp-content\/uploads\/2026\/02\/eventkit-1.png 311w, https:\/\/www.materialpoolbern.ch\/wp-content\/uploads\/2026\/02\/eventkit-1-300x115.png 300w, https:\/\/www.materialpoolbern.ch\/wp-content\/uploads\/2026\/02\/eventkit-1-18x7.png 18w\" sizes=\"auto, (max-width: 311px) 100vw, 311px\" \/><\/a><\/figure>\n<\/div>\n\n\n\n<div class=\"wp-block-column mp-ipad-imgcol is-layout-flow wp-block-column-is-layout-flow\" style=\"flex-basis:66.66%\">\n<p class=\"gb-text gb-text-9b528f18\">Une durabilit\u00e9 qui fait son effet : Ton \u00e9v\u00e9nement en question. Plateforme pour des \u00e9v\u00e9nements sportifs et culturels durables. Commence \u00e0 v\u00e9rifier la durabilit\u00e9 de ton \u00e9v\u00e9nement en cinq \u00e9tapes simples.<br><a href=\"https:\/\/eventkit.ch\/\" type=\"link\" id=\"https:\/\/eventkit.ch\/\">D\u00e9marrer la v\u00e9rification<\/a><\/p>\n<\/div>\n<\/div>\n<\/div>","protected":false},"excerpt":{"rendered":"<p>NACHHALTIGKEIT IM POOL Der Materialpool ist bem\u00fcht Ger\u00e4te anzuschaffen die reparierbar sind und diese so lange wie m\u00f6glich in der Vermietung zu halten. Ger\u00e4te, die das \u00abEnd Of Life\u00bb-Stadium erreicht haben, werden falls m\u00f6glich kosteng\u00fcnstig weiterverkauft oder verschenkt. Ger\u00e4te, die entsorgt werden m\u00fcssen, werden einem fachgerechten Recycling zugef\u00fchrt. NACHHALTIGKEIT BEI VERANSTALTUNGEN Nachhaltigkeit, die wirkt: Dein &#8230; <a title=\"Durabilit\u00e9\" class=\"read-more\" href=\"https:\/\/www.materialpoolbern.ch\/fr\/nachhaltigkeit\/\" aria-label=\"En savoir plus sur Nachhaltigkeit\">Lire la suite<\/a><\/p>","protected":false},"author":2,"featured_media":0,"parent":0,"menu_order":0,"comment_status":"closed","ping_status":"closed","template":"","meta":{"footnotes":""},"class_list":["post-15680","page","type-page","status-publish"],"yoast_head":"<!-- This site is optimized with the Yoast SEO plugin v27.4 - https:\/\/yoast.com\/product\/yoast-seo-wordpress\/ -->\n<title>Nachhaltigkeit - Materialpool Bern<\/title>\n<meta name=\"robots\" content=\"index, follow, max-snippet:-1, max-image-preview:large, max-video-preview:-1\" \/>\n<link rel=\"canonical\" href=\"https:\/\/www.materialpoolbern.ch\/fr\/developpement-durable\/\" \/>\n<meta property=\"og:locale\" content=\"fr_FR\" \/>\n<meta property=\"og:type\" content=\"article\" \/>\n<meta property=\"og:title\" content=\"Nachhaltigkeit - Materialpool Bern\" \/>\n<meta property=\"og:description\" content=\"NACHHALTIGKEIT IM POOL Der Materialpool ist bem\u00fcht Ger\u00e4te anzuschaffen die reparierbar sind und diese so lange wie m\u00f6glich in der Vermietung zu halten. Ger\u00e4te, die das \u00abEnd Of Life\u00bb-Stadium erreicht haben, werden falls m\u00f6glich kosteng\u00fcnstig weiterverkauft oder verschenkt. Ger\u00e4te, die entsorgt werden m\u00fcssen, werden einem fachgerechten Recycling zugef\u00fchrt. NACHHALTIGKEIT BEI VERANSTALTUNGEN Nachhaltigkeit, die wirkt: Dein ... Lire la suite\" \/>\n<meta property=\"og:url\" content=\"https:\/\/www.materialpoolbern.ch\/fr\/developpement-durable\/\" \/>\n<meta property=\"og:site_name\" content=\"Materialpool Bern\" \/>\n<meta property=\"article:modified_time\" content=\"2026-02-28T16:04:27+00:00\" \/>\n<meta property=\"og:image\" content=\"https:\/\/www.materialpoolbern.ch\/wp-content\/uploads\/2026\/02\/mietenstattkaufen-1.png\" \/>\n<meta name=\"twitter:card\" content=\"summary_large_image\" \/>\n<meta name=\"twitter:label1\" content=\"Dur\u00e9e de lecture estim\u00e9e\" \/>\n\t<meta name=\"twitter:data1\" content=\"1 minute\" \/>\n<script type=\"application\/ld+json\" class=\"yoast-schema-graph\">{\"@context\":\"https:\\\/\\\/schema.org\",\"@graph\":[{\"@type\":\"WebPage\",\"@id\":\"https:\\\/\\\/www.materialpoolbern.ch\\\/nachhaltigkeit\\\/\",\"url\":\"https:\\\/\\\/www.materialpoolbern.ch\\\/nachhaltigkeit\\\/\",\"name\":\"Nachhaltigkeit - Materialpool Bern\",\"isPartOf\":{\"@id\":\"https:\\\/\\\/www.materialpoolbern.ch\\\/#website\"},\"primaryImageOfPage\":{\"@id\":\"https:\\\/\\\/www.materialpoolbern.ch\\\/nachhaltigkeit\\\/#primaryimage\"},\"image\":{\"@id\":\"https:\\\/\\\/www.materialpoolbern.ch\\\/nachhaltigkeit\\\/#primaryimage\"},\"thumbnailUrl\":\"https:\\\/\\\/www.materialpoolbern.ch\\\/wp-content\\\/uploads\\\/2026\\\/02\\\/mietenstattkaufen-1.png\",\"datePublished\":\"2025-05-23T09:02:34+00:00\",\"dateModified\":\"2026-02-28T16:04:27+00:00\",\"breadcrumb\":{\"@id\":\"https:\\\/\\\/www.materialpoolbern.ch\\\/nachhaltigkeit\\\/#breadcrumb\"},\"inLanguage\":\"fr-FR\",\"potentialAction\":[{\"@type\":\"ReadAction\",\"target\":[\"https:\\\/\\\/www.materialpoolbern.ch\\\/nachhaltigkeit\\\/\"]}]},{\"@type\":\"ImageObject\",\"inLanguage\":\"fr-FR\",\"@id\":\"https:\\\/\\\/www.materialpoolbern.ch\\\/nachhaltigkeit\\\/#primaryimage\",\"url\":\"https:\\\/\\\/www.materialpoolbern.ch\\\/wp-content\\\/uploads\\\/2026\\\/02\\\/mietenstattkaufen-1.png\",\"contentUrl\":\"https:\\\/\\\/www.materialpoolbern.ch\\\/wp-content\\\/uploads\\\/2026\\\/02\\\/mietenstattkaufen-1.png\"},{\"@type\":\"BreadcrumbList\",\"@id\":\"https:\\\/\\\/www.materialpoolbern.ch\\\/nachhaltigkeit\\\/#breadcrumb\",\"itemListElement\":[{\"@type\":\"ListItem\",\"position\":1,\"name\":\"Startseite\",\"item\":\"https:\\\/\\\/www.materialpoolbern.ch\\\/\"},{\"@type\":\"ListItem\",\"position\":2,\"name\":\"Nachhaltigkeit\"}]},{\"@type\":\"WebSite\",\"@id\":\"https:\\\/\\\/www.materialpoolbern.ch\\\/#website\",\"url\":\"https:\\\/\\\/www.materialpoolbern.ch\\\/\",\"name\":\"Materialpool Bern\",\"description\":\"Material f\u00fcr Kulturschaffende\",\"publisher\":{\"@id\":\"https:\\\/\\\/www.materialpoolbern.ch\\\/#organization\"},\"potentialAction\":[{\"@type\":\"SearchAction\",\"target\":{\"@type\":\"EntryPoint\",\"urlTemplate\":\"https:\\\/\\\/www.materialpoolbern.ch\\\/?s={search_term_string}\"},\"query-input\":{\"@type\":\"PropertyValueSpecification\",\"valueRequired\":true,\"valueName\":\"search_term_string\"}}],\"inLanguage\":\"fr-FR\"},{\"@type\":\"Organization\",\"@id\":\"https:\\\/\\\/www.materialpoolbern.ch\\\/#organization\",\"name\":\"Materialpool Bern\",\"url\":\"https:\\\/\\\/www.materialpoolbern.ch\\\/\",\"logo\":{\"@type\":\"ImageObject\",\"inLanguage\":\"fr-FR\",\"@id\":\"https:\\\/\\\/www.materialpoolbern.ch\\\/#\\\/schema\\\/logo\\\/image\\\/\",\"url\":\"https:\\\/\\\/www.materialpoolbern.ch\\\/wp-content\\\/uploads\\\/2019\\\/11\\\/Logo_materialpool.png\",\"contentUrl\":\"https:\\\/\\\/www.materialpoolbern.ch\\\/wp-content\\\/uploads\\\/2019\\\/11\\\/Logo_materialpool.png\",\"width\":758,\"height\":295,\"caption\":\"Materialpool Bern\"},\"image\":{\"@id\":\"https:\\\/\\\/www.materialpoolbern.ch\\\/#\\\/schema\\\/logo\\\/image\\\/\"}}]}<\/script>\n<!-- \/ Yoast SEO plugin. -->","yoast_head_json":{"title":"Durabilit\u00e9 - Materialpool Bern","robots":{"index":"index","follow":"follow","max-snippet":"max-snippet:-1","max-image-preview":"max-image-preview:large","max-video-preview":"max-video-preview:-1"},"canonical":"https:\/\/www.materialpoolbern.ch\/fr\/developpement-durable\/","og_locale":"fr_FR","og_type":"article","og_title":"Nachhaltigkeit - Materialpool Bern","og_description":"NACHHALTIGKEIT IM POOL Der Materialpool ist bem\u00fcht Ger\u00e4te anzuschaffen die reparierbar sind und diese so lange wie m\u00f6glich in der Vermietung zu halten. Ger\u00e4te, die das \u00abEnd Of Life\u00bb-Stadium erreicht haben, werden falls m\u00f6glich kosteng\u00fcnstig weiterverkauft oder verschenkt. Ger\u00e4te, die entsorgt werden m\u00fcssen, werden einem fachgerechten Recycling zugef\u00fchrt. NACHHALTIGKEIT BEI VERANSTALTUNGEN Nachhaltigkeit, die wirkt: Dein ... Lire la suite","og_url":"https:\/\/www.materialpoolbern.ch\/fr\/developpement-durable\/","og_site_name":"Materialpool Bern","article_modified_time":"2026-02-28T16:04:27+00:00","og_image":[{"url":"https:\/\/www.materialpoolbern.ch\/wp-content\/uploads\/2026\/02\/mietenstattkaufen-1.png","type":"","width":"","height":""}],"twitter_card":"summary_large_image","twitter_misc":{"Dur\u00e9e de lecture estim\u00e9e":"1 minute"},"schema":{"@context":"https:\/\/schema.org","@graph":[{"@type":"WebPage","@id":"https:\/\/www.materialpoolbern.ch\/nachhaltigkeit\/","url":"https:\/\/www.materialpoolbern.ch\/nachhaltigkeit\/","name":"Durabilit\u00e9 - Materialpool Bern","isPartOf":{"@id":"https:\/\/www.materialpoolbern.ch\/#website"},"primaryImageOfPage":{"@id":"https:\/\/www.materialpoolbern.ch\/nachhaltigkeit\/#primaryimage"},"image":{"@id":"https:\/\/www.materialpoolbern.ch\/nachhaltigkeit\/#primaryimage"},"thumbnailUrl":"https:\/\/www.materialpoolbern.ch\/wp-content\/uploads\/2026\/02\/mietenstattkaufen-1.png","datePublished":"2025-05-23T09:02:34+00:00","dateModified":"2026-02-28T16:04:27+00:00","breadcrumb":{"@id":"https:\/\/www.materialpoolbern.ch\/nachhaltigkeit\/#breadcrumb"},"inLanguage":"fr-FR","potentialAction":[{"@type":"ReadAction","target":["https:\/\/www.materialpoolbern.ch\/nachhaltigkeit\/"]}]},{"@type":"ImageObject","inLanguage":"fr-FR","@id":"https:\/\/www.materialpoolbern.ch\/nachhaltigkeit\/#primaryimage","url":"https:\/\/www.materialpoolbern.ch\/wp-content\/uploads\/2026\/02\/mietenstattkaufen-1.png","contentUrl":"https:\/\/www.materialpoolbern.ch\/wp-content\/uploads\/2026\/02\/mietenstattkaufen-1.png"},{"@type":"BreadcrumbList","@id":"https:\/\/www.materialpoolbern.ch\/nachhaltigkeit\/#breadcrumb","itemListElement":[{"@type":"ListItem","position":1,"name":"Startseite","item":"https:\/\/www.materialpoolbern.ch\/"},{"@type":"ListItem","position":2,"name":"Nachhaltigkeit"}]},{"@type":"WebSite","@id":"https:\/\/www.materialpoolbern.ch\/#website","url":"https:\/\/www.materialpoolbern.ch\/","name":"Pool De Mat\u00e9riel Berne","description":"Mat\u00e9riel pour les professionnels de la culture","publisher":{"@id":"https:\/\/www.materialpoolbern.ch\/#organization"},"potentialAction":[{"@type":"SearchAction","target":{"@type":"EntryPoint","urlTemplate":"https:\/\/www.materialpoolbern.ch\/?s={search_term_string}"},"query-input":{"@type":"PropertyValueSpecification","valueRequired":true,"valueName":"search_term_string"}}],"inLanguage":"fr-FR"},{"@type":"Organization","@id":"https:\/\/www.materialpoolbern.ch\/#organization","name":"Pool De Mat\u00e9riel Berne","url":"https:\/\/www.materialpoolbern.ch\/","logo":{"@type":"ImageObject","inLanguage":"fr-FR","@id":"https:\/\/www.materialpoolbern.ch\/#\/schema\/logo\/image\/","url":"https:\/\/www.materialpoolbern.ch\/wp-content\/uploads\/2019\/11\/Logo_materialpool.png","contentUrl":"https:\/\/www.materialpoolbern.ch\/wp-content\/uploads\/2019\/11\/Logo_materialpool.png","width":758,"height":295,"caption":"Materialpool Bern"},"image":{"@id":"https:\/\/www.materialpoolbern.ch\/#\/schema\/logo\/image\/"}}]}},"_links":{"self":[{"href":"https:\/\/www.materialpoolbern.ch\/fr\/wp-json\/wp\/v2\/pages\/15680","targetHints":{"allow":["GET"]}}],"collection":[{"href":"https:\/\/www.materialpoolbern.ch\/fr\/wp-json\/wp\/v2\/pages"}],"about":[{"href":"https:\/\/www.materialpoolbern.ch\/fr\/wp-json\/wp\/v2\/types\/page"}],"author":[{"embeddable":true,"href":"https:\/\/www.materialpoolbern.ch\/fr\/wp-json\/wp\/v2\/users\/2"}],"replies":[{"embeddable":true,"href":"https:\/\/www.materialpoolbern.ch\/fr\/wp-json\/wp\/v2\/comments?post=15680"}],"version-history":[{"count":66,"href":"https:\/\/www.materialpoolbern.ch\/fr\/wp-json\/wp\/v2\/pages\/15680\/revisions"}],"predecessor-version":[{"id":18554,"href":"https:\/\/www.materialpoolbern.ch\/fr\/wp-json\/wp\/v2\/pages\/15680\/revisions\/18554"}],"wp:attachment":[{"href":"https:\/\/www.materialpoolbern.ch\/fr\/wp-json\/wp\/v2\/media?parent=15680"}],"curies":[{"name":"wp","href":"https:\/\/api.w.org\/{rel}","templated":true}]}}