{"id":16082,"date":"2025-09-09T15:46:19","date_gmt":"2025-09-09T13:46:19","guid":{"rendered":"https:\/\/www.materialpoolbern.ch\/?page_id=16082"},"modified":"2026-02-16T19:33:19","modified_gmt":"2026-02-16T18:33:19","slug":"inscription-a-la-newsletter","status":"publish","type":"page","link":"https:\/\/www.materialpoolbern.ch\/fr\/anmeldung-newsletter\/","title":{"rendered":"Newsletter"},"content":{"rendered":"\n<div style=\"height:55px\" aria-hidden=\"true\" class=\"wp-block-spacer\"><\/div>\n\n\n\n<div>\n<div id=\"mc_embed_shell\">\n\n<link href=\"\/\/cdn-images.mailchimp.com\/embedcode\/classic-061523.css\" rel=\"stylesheet\" type=\"text\/css\">\n\n<div id=\"mc_embed_signup\">\n<form action=\"https:\/\/materialpoolbern.us13.list-manage.com\/subscribe\/post?u=f8d9f515f49e1ecf34ad183c4&amp;id=a8deb5a3ba&amp;f_id=008348e1f0\"\nmethod=\"post\"\nid=\"mc-embedded-subscribe-form\"\nname=\"mc-embedded-subscribe-form\"\nclass=\"validate\"\ntarget=\"_blank\">\n\n<div id=\"mc_embed_signup_scroll\">\n\n<h2>Materialpool Newsletter abonnieren<\/h2>\n\n<div class=\"indicates-required\">\n<span class=\"asterisk\">*<\/span> Angaben erforderlich\n<\/div>\n\n<div class=\"mc-field-group\">\n<label for=\"mce-EMAIL\">E-Mail-Adresse <span class=\"asterisk\">*<\/span><\/label>\n<input type=\"email\" name=\"EMAIL\" class=\"required email\" id=\"mce-EMAIL\" required>\n<\/div>\n\n<div class=\"mc-field-group\">\n<label for=\"mce-FNAME\">Vorname<\/label>\n<input type=\"text\" name=\"FNAME\" id=\"mce-FNAME\">\n<\/div>\n\n<div class=\"mc-field-group\">\n<label for=\"mce-LNAME\">Nachname<\/label>\n<input type=\"text\" name=\"LNAME\" id=\"mce-LNAME\">\n<\/div>\n\n<div class=\"mc-field-group\">\n<label for=\"mce-COMPANY\">Organisation<\/label>\n<input type=\"text\" name=\"COMPANY\" id=\"mce-COMPANY\">\n<\/div>\n\n<div class=\"mc-field-group\">\n<label for=\"mce-PHONE\">Telefon<\/label>\n<input type=\"text\" name=\"PHONE\" id=\"mce-PHONE\">\n<\/div>\n\n<div hidden>\n<input type=\"hidden\" name=\"tags\" value=\"3679797\">\n<\/div>\n\n<div id=\"mce-responses\" class=\"clear foot\">\n<div class=\"response\" id=\"mce-error-response\" style=\"display:none\"><\/div>\n<div class=\"response\" id=\"mce-success-response\" style=\"display:none\"><\/div>\n<\/div>\n\n<div aria-hidden=\"true\" style=\"position:absolute; left:-5000px;\">\n<input type=\"text\" name=\"b_f8d9f515f49e1ecf34ad183c4_a8deb5a3ba\" tabindex=\"-1\" value=\"\">\n<\/div>\n\n<div class=\"optionalParent\">\n<div class=\"clear foot\">\n\n<input type=\"submit\"\nname=\"subscribe\"\nid=\"mc-embedded-subscribe\"\nclass=\"button\"\nvalue=\"Abonnieren\">\n\n<p style=\"margin:10px 0 0;\">\n<a href=\"http:\/\/eepurl.com\/iYjE8I\" title=\"Mailchimp\">\n<img class=\"refferal_badge\"\nsrc=\"https:\/\/digitalasset.intuit.com\/render\/content\/dam\/intuit\/mc-fe\/en_us\/images\/intuit-mc-rewards-text-dark.svg\"\nalt=\"Mailchimp\"\nstyle=\"width:180px;height:auto;\">\n<\/a>\n<\/p>\n\n<\/div>\n<\/div>\n\n<\/div>\n<\/form>\n<\/div>\n\n<script src=\"\/\/s3.amazonaws.com\/downloads.mailchimp.com\/js\/mc-validate.js\"><\/script>\n\n<script>\n(function($) {\nwindow.fnames = [];\nwindow.ftypes = [];\nfnames[0]='EMAIL'; ftypes[0]='email';\nfnames[1]='FNAME'; ftypes[1]='text';\nfnames[2]='LNAME'; ftypes[2]='text';\nfnames[6]='COMPANY'; ftypes[6]='text';\nfnames[4]='PHONE'; ftypes[4]='phone';\n}(jQuery));\nvar $mcj = jQuery.noConflict(true);\n<\/script>\n\n<\/div>\n\n<\/div>\n\n\n\n<p><\/p>\n","protected":false},"excerpt":{"rendered":"<p>S'abonner \u00e0 la newsletter de Materialpool * Donn\u00e9es requises Adresse e-mail * Pr\u00e9nom Nom Organisation T\u00e9l\u00e9phone<\/p>","protected":false},"author":2,"featured_media":0,"parent":0,"menu_order":0,"comment_status":"closed","ping_status":"closed","template":"","meta":{"footnotes":""},"class_list":["post-16082","page","type-page","status-publish"],"yoast_head":"<!-- This site is optimized with the Yoast SEO plugin v27.5 - https:\/\/yoast.com\/product\/yoast-seo-wordpress\/ -->\n<title>Newsletter - Materialpool Bern<\/title>\n<meta name=\"robots\" content=\"index, follow, max-snippet:-1, max-image-preview:large, max-video-preview:-1\" \/>\n<link rel=\"canonical\" href=\"https:\/\/www.materialpoolbern.ch\/fr\/inscription-a-la-newsletter\/\" \/>\n<meta property=\"og:locale\" content=\"fr_FR\" \/>\n<meta property=\"og:type\" content=\"article\" \/>\n<meta property=\"og:title\" content=\"Newsletter - Materialpool Bern\" \/>\n<meta property=\"og:description\" content=\"Materialpool Newsletter abonnieren * Angaben erforderlich E-Mail-Adresse * Vorname Nachname Organisation Telefon\" \/>\n<meta property=\"og:url\" content=\"https:\/\/www.materialpoolbern.ch\/fr\/inscription-a-la-newsletter\/\" \/>\n<meta property=\"og:site_name\" content=\"Materialpool Bern\" \/>\n<meta property=\"article:modified_time\" content=\"2026-02-16T18:33:19+00:00\" \/>\n<meta property=\"og:image\" content=\"https:\/\/digitalasset.intuit.com\/render\/content\/dam\/intuit\/mc-fe\/en_us\/images\/intuit-mc-rewards-text-dark.svg\" \/>\n<meta name=\"twitter:card\" content=\"summary_large_image\" \/>\n<meta name=\"twitter:label1\" content=\"Dur\u00e9e de lecture estim\u00e9e\" \/>\n\t<meta name=\"twitter:data1\" content=\"1 minute\" \/>\n<script type=\"application\/ld+json\" class=\"yoast-schema-graph\">{\"@context\":\"https:\\\/\\\/schema.org\",\"@graph\":[{\"@type\":\"WebPage\",\"@id\":\"https:\\\/\\\/www.materialpoolbern.ch\\\/anmeldung-newsletter\\\/\",\"url\":\"https:\\\/\\\/www.materialpoolbern.ch\\\/anmeldung-newsletter\\\/\",\"name\":\"Newsletter - Materialpool Bern\",\"isPartOf\":{\"@id\":\"https:\\\/\\\/www.materialpoolbern.ch\\\/#website\"},\"primaryImageOfPage\":{\"@id\":\"https:\\\/\\\/www.materialpoolbern.ch\\\/anmeldung-newsletter\\\/#primaryimage\"},\"image\":{\"@id\":\"https:\\\/\\\/www.materialpoolbern.ch\\\/anmeldung-newsletter\\\/#primaryimage\"},\"thumbnailUrl\":\"https:\\\/\\\/digitalasset.intuit.com\\\/render\\\/content\\\/dam\\\/intuit\\\/mc-fe\\\/en_us\\\/images\\\/intuit-mc-rewards-text-dark.svg\",\"datePublished\":\"2025-09-09T13:46:19+00:00\",\"dateModified\":\"2026-02-16T18:33:19+00:00\",\"breadcrumb\":{\"@id\":\"https:\\\/\\\/www.materialpoolbern.ch\\\/anmeldung-newsletter\\\/#breadcrumb\"},\"inLanguage\":\"fr-FR\",\"potentialAction\":[{\"@type\":\"ReadAction\",\"target\":[\"https:\\\/\\\/www.materialpoolbern.ch\\\/anmeldung-newsletter\\\/\"]}]},{\"@type\":\"ImageObject\",\"inLanguage\":\"fr-FR\",\"@id\":\"https:\\\/\\\/www.materialpoolbern.ch\\\/anmeldung-newsletter\\\/#primaryimage\",\"url\":\"https:\\\/\\\/digitalasset.intuit.com\\\/render\\\/content\\\/dam\\\/intuit\\\/mc-fe\\\/en_us\\\/images\\\/intuit-mc-rewards-text-dark.svg\",\"contentUrl\":\"https:\\\/\\\/digitalasset.intuit.com\\\/render\\\/content\\\/dam\\\/intuit\\\/mc-fe\\\/en_us\\\/images\\\/intuit-mc-rewards-text-dark.svg\"},{\"@type\":\"BreadcrumbList\",\"@id\":\"https:\\\/\\\/www.materialpoolbern.ch\\\/anmeldung-newsletter\\\/#breadcrumb\",\"itemListElement\":[{\"@type\":\"ListItem\",\"position\":1,\"name\":\"Startseite\",\"item\":\"https:\\\/\\\/www.materialpoolbern.ch\\\/\"},{\"@type\":\"ListItem\",\"position\":2,\"name\":\"Newsletter\"}]},{\"@type\":\"WebSite\",\"@id\":\"https:\\\/\\\/www.materialpoolbern.ch\\\/#website\",\"url\":\"https:\\\/\\\/www.materialpoolbern.ch\\\/\",\"name\":\"Materialpool Bern\",\"description\":\"Material f\u00fcr Kulturschaffende\",\"publisher\":{\"@id\":\"https:\\\/\\\/www.materialpoolbern.ch\\\/#organization\"},\"potentialAction\":[{\"@type\":\"SearchAction\",\"target\":{\"@type\":\"EntryPoint\",\"urlTemplate\":\"https:\\\/\\\/www.materialpoolbern.ch\\\/?s={search_term_string}\"},\"query-input\":{\"@type\":\"PropertyValueSpecification\",\"valueRequired\":true,\"valueName\":\"search_term_string\"}}],\"inLanguage\":\"fr-FR\"},{\"@type\":\"Organization\",\"@id\":\"https:\\\/\\\/www.materialpoolbern.ch\\\/#organization\",\"name\":\"Materialpool Bern\",\"url\":\"https:\\\/\\\/www.materialpoolbern.ch\\\/\",\"logo\":{\"@type\":\"ImageObject\",\"inLanguage\":\"fr-FR\",\"@id\":\"https:\\\/\\\/www.materialpoolbern.ch\\\/#\\\/schema\\\/logo\\\/image\\\/\",\"url\":\"https:\\\/\\\/www.materialpoolbern.ch\\\/wp-content\\\/uploads\\\/2019\\\/11\\\/Logo_materialpool.png\",\"contentUrl\":\"https:\\\/\\\/www.materialpoolbern.ch\\\/wp-content\\\/uploads\\\/2019\\\/11\\\/Logo_materialpool.png\",\"width\":758,\"height\":295,\"caption\":\"Materialpool Bern\"},\"image\":{\"@id\":\"https:\\\/\\\/www.materialpoolbern.ch\\\/#\\\/schema\\\/logo\\\/image\\\/\"}}]}<\/script>\n<!-- \/ Yoast SEO plugin. -->","yoast_head_json":{"title":"Newsletter - Materialpool Berne","robots":{"index":"index","follow":"follow","max-snippet":"max-snippet:-1","max-image-preview":"max-image-preview:large","max-video-preview":"max-video-preview:-1"},"canonical":"https:\/\/www.materialpoolbern.ch\/fr\/inscription-a-la-newsletter\/","og_locale":"fr_FR","og_type":"article","og_title":"Newsletter - Materialpool Bern","og_description":"Materialpool Newsletter abonnieren * Angaben erforderlich E-Mail-Adresse * Vorname Nachname Organisation Telefon","og_url":"https:\/\/www.materialpoolbern.ch\/fr\/inscription-a-la-newsletter\/","og_site_name":"Materialpool Bern","article_modified_time":"2026-02-16T18:33:19+00:00","og_image":[{"url":"https:\/\/digitalasset.intuit.com\/render\/content\/dam\/intuit\/mc-fe\/en_us\/images\/intuit-mc-rewards-text-dark.svg","type":"","width":"","height":""}],"twitter_card":"summary_large_image","twitter_misc":{"Dur\u00e9e de lecture estim\u00e9e":"1 minute"},"schema":{"@context":"https:\/\/schema.org","@graph":[{"@type":"WebPage","@id":"https:\/\/www.materialpoolbern.ch\/anmeldung-newsletter\/","url":"https:\/\/www.materialpoolbern.ch\/anmeldung-newsletter\/","name":"Newsletter - Materialpool Berne","isPartOf":{"@id":"https:\/\/www.materialpoolbern.ch\/#website"},"primaryImageOfPage":{"@id":"https:\/\/www.materialpoolbern.ch\/anmeldung-newsletter\/#primaryimage"},"image":{"@id":"https:\/\/www.materialpoolbern.ch\/anmeldung-newsletter\/#primaryimage"},"thumbnailUrl":"https:\/\/digitalasset.intuit.com\/render\/content\/dam\/intuit\/mc-fe\/en_us\/images\/intuit-mc-rewards-text-dark.svg","datePublished":"2025-09-09T13:46:19+00:00","dateModified":"2026-02-16T18:33:19+00:00","breadcrumb":{"@id":"https:\/\/www.materialpoolbern.ch\/anmeldung-newsletter\/#breadcrumb"},"inLanguage":"fr-FR","potentialAction":[{"@type":"ReadAction","target":["https:\/\/www.materialpoolbern.ch\/anmeldung-newsletter\/"]}]},{"@type":"ImageObject","inLanguage":"fr-FR","@id":"https:\/\/www.materialpoolbern.ch\/anmeldung-newsletter\/#primaryimage","url":"https:\/\/digitalasset.intuit.com\/render\/content\/dam\/intuit\/mc-fe\/en_us\/images\/intuit-mc-rewards-text-dark.svg","contentUrl":"https:\/\/digitalasset.intuit.com\/render\/content\/dam\/intuit\/mc-fe\/en_us\/images\/intuit-mc-rewards-text-dark.svg"},{"@type":"BreadcrumbList","@id":"https:\/\/www.materialpoolbern.ch\/anmeldung-newsletter\/#breadcrumb","itemListElement":[{"@type":"ListItem","position":1,"name":"Startseite","item":"https:\/\/www.materialpoolbern.ch\/"},{"@type":"ListItem","position":2,"name":"Newsletter"}]},{"@type":"WebSite","@id":"https:\/\/www.materialpoolbern.ch\/#website","url":"https:\/\/www.materialpoolbern.ch\/","name":"Pool De Mat\u00e9riel Berne","description":"Mat\u00e9riel pour les professionnels de la culture","publisher":{"@id":"https:\/\/www.materialpoolbern.ch\/#organization"},"potentialAction":[{"@type":"SearchAction","target":{"@type":"EntryPoint","urlTemplate":"https:\/\/www.materialpoolbern.ch\/?s={search_term_string}"},"query-input":{"@type":"PropertyValueSpecification","valueRequired":true,"valueName":"search_term_string"}}],"inLanguage":"fr-FR"},{"@type":"Organization","@id":"https:\/\/www.materialpoolbern.ch\/#organization","name":"Pool De Mat\u00e9riel Berne","url":"https:\/\/www.materialpoolbern.ch\/","logo":{"@type":"ImageObject","inLanguage":"fr-FR","@id":"https:\/\/www.materialpoolbern.ch\/#\/schema\/logo\/image\/","url":"https:\/\/www.materialpoolbern.ch\/wp-content\/uploads\/2019\/11\/Logo_materialpool.png","contentUrl":"https:\/\/www.materialpoolbern.ch\/wp-content\/uploads\/2019\/11\/Logo_materialpool.png","width":758,"height":295,"caption":"Materialpool Bern"},"image":{"@id":"https:\/\/www.materialpoolbern.ch\/#\/schema\/logo\/image\/"}}]}},"_links":{"self":[{"href":"https:\/\/www.materialpoolbern.ch\/fr\/wp-json\/wp\/v2\/pages\/16082","targetHints":{"allow":["GET"]}}],"collection":[{"href":"https:\/\/www.materialpoolbern.ch\/fr\/wp-json\/wp\/v2\/pages"}],"about":[{"href":"https:\/\/www.materialpoolbern.ch\/fr\/wp-json\/wp\/v2\/types\/page"}],"author":[{"embeddable":true,"href":"https:\/\/www.materialpoolbern.ch\/fr\/wp-json\/wp\/v2\/users\/2"}],"replies":[{"embeddable":true,"href":"https:\/\/www.materialpoolbern.ch\/fr\/wp-json\/wp\/v2\/comments?post=16082"}],"version-history":[{"count":12,"href":"https:\/\/www.materialpoolbern.ch\/fr\/wp-json\/wp\/v2\/pages\/16082\/revisions"}],"predecessor-version":[{"id":17700,"href":"https:\/\/www.materialpoolbern.ch\/fr\/wp-json\/wp\/v2\/pages\/16082\/revisions\/17700"}],"wp:attachment":[{"href":"https:\/\/www.materialpoolbern.ch\/fr\/wp-json\/wp\/v2\/media?parent=16082"}],"curies":[{"name":"wp","href":"https:\/\/api.w.org\/{rel}","templated":true}]}}