{"id":3890,"date":"2020-07-04T13:23:41","date_gmt":"2020-07-04T11:23:41","guid":{"rendered":"https:\/\/www.materialpoolbern.ch\/?page_id=3890"},"modified":"2024-12-02T14:25:04","modified_gmt":"2024-12-02T13:25:04","slug":"declaration-de-protection-des-donnees","status":"publish","type":"page","link":"https:\/\/www.materialpoolbern.ch\/fr\/kontakt\/datenschutzerklaerung\/","title":{"rendered":"D\u00e9claration de confidentialit\u00e9"},"content":{"rendered":"<h2>D\u00c9CLARATION DE PROTECTION DES DONN\u00c9ES<br \/><\/h2>\n<p style=\"margin: 0cm; font-size: medium; font-family: Aptos, sans-serif; caret-color: #000000; color: #000000; letter-spacing: normal;\">Berthoud, 2.12.2024<\/p>\n<p style=\"margin: 0cm; font-size: medium; font-family: Aptos, sans-serif; caret-color: #000000; color: #000000; letter-spacing: normal;\">\u00a0<\/p>\n<p style=\"margin: 0cm; font-size: medium; font-family: Aptos, sans-serif; caret-color: #000000; color: #000000; letter-spacing: normal;\">La pr\u00e9sente d\u00e9claration de protection des donn\u00e9es informe sur le traitement des donn\u00e9es personnelles en relation avec ce site web. Pour certaines offres et prestations ou pour des offres et prestations suppl\u00e9mentaires, il peut exister des d\u00e9clarations de protection des donn\u00e9es particuli\u00e8res, compl\u00e9mentaires ou autres ainsi que d'autres documents juridiques tels que des conditions g\u00e9n\u00e9rales de vente.<\/p>\n<p><b>Contact<\/b><br \/>Pool De Mat\u00e9riel Berne<\/p>\n<p style=\"margin: 0cm; font-size: medium; font-family: Aptos, sans-serif; caret-color: #000000; color: #000000; letter-spacing: normal;\">Micha Loosli<br \/>Kirchbergstrasse 19<br \/>3400 Burgdorf<br \/><a style=\"color: #96607d; text-decoration: underline;\" href=\"mailto:info@materialpoolbern.ch\">info@materialpoolbern.ch<\/a><\/p>\n<p><b>D\u00e9finitions et bases juridiques<\/b><br \/>Les donn\u00e9es personnelles sont toutes les donn\u00e9es qui se rapportent \u00e0 une personne identifi\u00e9e ou identifiable. Une personne concern\u00e9e est une personne au sujet de laquelle des donn\u00e9es personnelles sont trait\u00e9es. Le traitement comprend toute manipulation de donn\u00e9es personnelles, ind\u00e9pendamment des moyens et des proc\u00e9dures utilis\u00e9s, notamment la conservation, la communication, la collecte, l'enregistrement, l'effacement, la sauvegarde, la modification, la destruction et l'utilisation de donn\u00e9es personnelles. Ce site web est soumis \u00e0 la l\u00e9gislation suisse en mati\u00e8re de protection des donn\u00e9es.<\/p>\n<p><b>Nature, port\u00e9e et objectif<\/b><br \/>Les donn\u00e9es personnelles ne sont trait\u00e9es que dans la mesure de l'objectif respectif et si elles ont \u00e9t\u00e9 transmises en connaissance de cause (newsletter, formulaire d'inscription, e-mail) ou pour assurer le fonctionnement et la s\u00e9curit\u00e9 de ce site web (fichiers journaux du serveur).<\/p>\n<p><b>Droits des personnes concern\u00e9es<\/b><br \/>Les personnes concern\u00e9es dont les donn\u00e9es personnelles sont trait\u00e9es disposent des droits pr\u00e9vus par le droit suisse de la protection des donn\u00e9es. Il s'agit notamment du droit \u00e0 l'information ainsi que du droit de rectification, de suppression ou de blocage des donn\u00e9es personnelles trait\u00e9es et du droit de recours aupr\u00e8s d'une autorit\u00e9 de surveillance comp\u00e9tente.<\/p>\n<p><b>S\u00e9curit\u00e9 des donn\u00e9es<\/b><br \/>L'acc\u00e8s \u00e0 ce site web s'effectue au moyen du cryptage de transport (HTTPS). Le site web est soumis \u00e0 la surveillance de masse sans motif ni soup\u00e7on ainsi qu'\u00e0 toute autre surveillance par les autorit\u00e9s de s\u00e9curit\u00e9. Il n'est pas possible d'exercer une influence directe sur le traitement correspondant des donn\u00e9es personnelles par les services secrets, les services de police et autres autorit\u00e9s de s\u00e9curit\u00e9.<\/p>\n<p><b>Cookies<\/b><br \/>Aucun cookie n'est enregistr\u00e9 lors de l'utilisation de ce site web.<\/p>\n<p><b>Fichiers journaux du serveur<\/b><br \/>Lors de l'acc\u00e8s \u00e0 ce site web, des donn\u00e9es telles que la date et l'heure, y compris le fuseau horaire, l'adresse IP, le code d'\u00e9tat HTTP, le syst\u00e8me d'exploitation, y compris l'interface utilisateur et la version, le navigateur, y compris la langue et la version, la quantit\u00e9 de donn\u00e9es transmises et la derni\u00e8re page web consult\u00e9e dans la m\u00eame fen\u00eatre du navigateur peuvent, dans certaines circonstances, \u00eatre transmises automatiquement et enregistr\u00e9es dans un fichier journal.<\/p>\n<p><b>Services de tiers<\/b><br \/>Pour certains contenus, des services de tiers sont utilis\u00e9s. Les conditions g\u00e9n\u00e9rales et les conditions d'utilisation ainsi que les d\u00e9clarations de protection des donn\u00e9es et autres dispositions des diff\u00e9rents exploitants de ces plates-formes s'appliquent. M\u00e9dias sociaux : Facebook\/Instagram, fichiers audio et vid\u00e9o : Youtube, newsletter et adh\u00e9sion : Mailchimp, formulaires d'inscription : Elementor et Mailgun. En outre, nous utilisons : Google Maps, Google Web Fonts.<\/p>\n<p><b>Newsletter<\/b><br \/>Lors de l'inscription \u00e0 la newsletter, un lien de confirmation est envoy\u00e9 \u00e0 l'adresse e-mail saisie. L'adresse e-mail n'est enregistr\u00e9e durablement qu'apr\u00e8s confirmation. Un lien de d\u00e9sinscription est int\u00e9gr\u00e9 dans chaque newsletter. Apr\u00e8s le d\u00e9sabonnement de la newsletter, l'adresse est d\u00e9sactiv\u00e9e. Sur demande, l'adresse sera supprim\u00e9e de mani\u00e8re permanente.<\/p>\n<p><b>Formulaires d'inscription<\/b><br \/>Les donn\u00e9es transmises par formulaire ne sont utilis\u00e9es qu'une seule fois et dans le but d'organiser l'\u00e9v\u00e9nement en question.<\/p>\n<p><b>Adh\u00e9sion<\/b><br \/>Les donn\u00e9es (adresse de domicile, adresse e-mail) sont enregistr\u00e9es durablement dans une liste (Mailchimp) et utilis\u00e9es uniquement pour la communication (invitations, renouvellement de l'adh\u00e9sion). Apr\u00e8s d\u00e9sinscription de la liste ou en cas de non-paiement de la cotisation annuelle, les donn\u00e9es d'adresse sont d\u00e9sactiv\u00e9es. Sur demande, les donn\u00e9es seront supprim\u00e9es de mani\u00e8re permanente.<\/p>\n<p>Cette d\u00e9claration de protection des donn\u00e9es peut \u00eatre adapt\u00e9e et compl\u00e9t\u00e9e \u00e0 tout moment.<\/p>","protected":false},"excerpt":{"rendered":"<p>DATENSCHUTZERKL\u00c4RUNG Burgdorf, 2.12.2024 \u00a0 Diese Datenschutzerkl\u00e4rung informiert \u00fcber die Bearbeitung von Personendaten im Zusammenhang mit dieser Webseite. F\u00fcr einzelne oder zus\u00e4tzliche Angebote und Leistungen k\u00f6nnen besondere, erg\u00e4nzende oder weitere Datenschutzerkl\u00e4rungen sowie sonstige rechtliche Dokumente wie allgemeine Gesch\u00e4ftsbedingungen bestehen. KontaktMaterialpool Bern Micha LoosliKirchbergstrasse 193400\u00a0Burgdorfinfo@materialpoolbern.ch Begriffe und RechtsgrundlagenPersonendaten sind alle Angaben, die sich auf eine bestimmte oder &#8230; <a title=\"D\u00e9claration de confidentialit\u00e9\" class=\"read-more\" href=\"https:\/\/www.materialpoolbern.ch\/fr\/kontakt\/datenschutzerklaerung\/\" aria-label=\"En savoir plus sur Datenschutzerkl\u00e4rung\">Lire la suite<\/a><\/p>","protected":false},"author":2,"featured_media":0,"parent":90,"menu_order":0,"comment_status":"closed","ping_status":"closed","template":"","meta":{"footnotes":""},"class_list":["post-3890","page","type-page","status-publish"],"yoast_head":"<!-- This site is optimized with the Yoast SEO plugin v27.4 - https:\/\/yoast.com\/product\/yoast-seo-wordpress\/ -->\n<title>Datenschutzerkl\u00e4rung - Materialpool Bern<\/title>\n<meta name=\"robots\" content=\"index, follow, max-snippet:-1, max-image-preview:large, max-video-preview:-1\" \/>\n<link rel=\"canonical\" href=\"https:\/\/www.materialpoolbern.ch\/fr\/contact\/declaration-de-protection-des-donnees\/\" \/>\n<meta property=\"og:locale\" content=\"fr_FR\" \/>\n<meta property=\"og:type\" content=\"article\" \/>\n<meta property=\"og:title\" content=\"Datenschutzerkl\u00e4rung - Materialpool Bern\" \/>\n<meta property=\"og:description\" content=\"DATENSCHUTZERKL\u00c4RUNG Burgdorf, 2.12.2024 \u00a0 Diese Datenschutzerkl\u00e4rung informiert \u00fcber die Bearbeitung von Personendaten im Zusammenhang mit dieser Webseite. F\u00fcr einzelne oder zus\u00e4tzliche Angebote und Leistungen k\u00f6nnen besondere, erg\u00e4nzende oder weitere Datenschutzerkl\u00e4rungen sowie sonstige rechtliche Dokumente wie allgemeine Gesch\u00e4ftsbedingungen bestehen. KontaktMaterialpool Bern Micha LoosliKirchbergstrasse 193400\u00a0Burgdorfinfo@materialpoolbern.ch Begriffe und RechtsgrundlagenPersonendaten sind alle Angaben, die sich auf eine bestimmte oder ... Lire la suite\" \/>\n<meta property=\"og:url\" content=\"https:\/\/www.materialpoolbern.ch\/fr\/contact\/declaration-de-protection-des-donnees\/\" \/>\n<meta property=\"og:site_name\" content=\"Materialpool Bern\" \/>\n<meta property=\"article:modified_time\" content=\"2024-12-02T13:25:04+00:00\" \/>\n<meta name=\"twitter:card\" content=\"summary_large_image\" \/>\n<meta name=\"twitter:label1\" content=\"Dur\u00e9e de lecture estim\u00e9e\" \/>\n\t<meta name=\"twitter:data1\" content=\"3 minutes\" \/>\n<script type=\"application\/ld+json\" class=\"yoast-schema-graph\">{\"@context\":\"https:\\\/\\\/schema.org\",\"@graph\":[{\"@type\":\"WebPage\",\"@id\":\"https:\\\/\\\/www.materialpoolbern.ch\\\/kontakt\\\/datenschutzerklaerung\\\/\",\"url\":\"https:\\\/\\\/www.materialpoolbern.ch\\\/kontakt\\\/datenschutzerklaerung\\\/\",\"name\":\"Datenschutzerkl\u00e4rung - Materialpool Bern\",\"isPartOf\":{\"@id\":\"https:\\\/\\\/www.materialpoolbern.ch\\\/#website\"},\"datePublished\":\"2020-07-04T11:23:41+00:00\",\"dateModified\":\"2024-12-02T13:25:04+00:00\",\"breadcrumb\":{\"@id\":\"https:\\\/\\\/www.materialpoolbern.ch\\\/kontakt\\\/datenschutzerklaerung\\\/#breadcrumb\"},\"inLanguage\":\"fr-FR\",\"potentialAction\":[{\"@type\":\"ReadAction\",\"target\":[\"https:\\\/\\\/www.materialpoolbern.ch\\\/kontakt\\\/datenschutzerklaerung\\\/\"]}]},{\"@type\":\"BreadcrumbList\",\"@id\":\"https:\\\/\\\/www.materialpoolbern.ch\\\/kontakt\\\/datenschutzerklaerung\\\/#breadcrumb\",\"itemListElement\":[{\"@type\":\"ListItem\",\"position\":1,\"name\":\"Startseite\",\"item\":\"https:\\\/\\\/www.materialpoolbern.ch\\\/\"},{\"@type\":\"ListItem\",\"position\":2,\"name\":\"Kontakt\",\"item\":\"https:\\\/\\\/www.materialpoolbern.ch\\\/kontakt\\\/\"},{\"@type\":\"ListItem\",\"position\":3,\"name\":\"Datenschutzerkl\u00e4rung\"}]},{\"@type\":\"WebSite\",\"@id\":\"https:\\\/\\\/www.materialpoolbern.ch\\\/#website\",\"url\":\"https:\\\/\\\/www.materialpoolbern.ch\\\/\",\"name\":\"Materialpool Bern\",\"description\":\"Material f\u00fcr Kulturschaffende\",\"publisher\":{\"@id\":\"https:\\\/\\\/www.materialpoolbern.ch\\\/#organization\"},\"potentialAction\":[{\"@type\":\"SearchAction\",\"target\":{\"@type\":\"EntryPoint\",\"urlTemplate\":\"https:\\\/\\\/www.materialpoolbern.ch\\\/?s={search_term_string}\"},\"query-input\":{\"@type\":\"PropertyValueSpecification\",\"valueRequired\":true,\"valueName\":\"search_term_string\"}}],\"inLanguage\":\"fr-FR\"},{\"@type\":\"Organization\",\"@id\":\"https:\\\/\\\/www.materialpoolbern.ch\\\/#organization\",\"name\":\"Materialpool Bern\",\"url\":\"https:\\\/\\\/www.materialpoolbern.ch\\\/\",\"logo\":{\"@type\":\"ImageObject\",\"inLanguage\":\"fr-FR\",\"@id\":\"https:\\\/\\\/www.materialpoolbern.ch\\\/#\\\/schema\\\/logo\\\/image\\\/\",\"url\":\"https:\\\/\\\/www.materialpoolbern.ch\\\/wp-content\\\/uploads\\\/2019\\\/11\\\/Logo_materialpool.png\",\"contentUrl\":\"https:\\\/\\\/www.materialpoolbern.ch\\\/wp-content\\\/uploads\\\/2019\\\/11\\\/Logo_materialpool.png\",\"width\":758,\"height\":295,\"caption\":\"Materialpool Bern\"},\"image\":{\"@id\":\"https:\\\/\\\/www.materialpoolbern.ch\\\/#\\\/schema\\\/logo\\\/image\\\/\"}}]}<\/script>\n<!-- \/ Yoast SEO plugin. -->","yoast_head_json":{"title":"D\u00e9claration de protection des donn\u00e9es - Materialpool Bern","robots":{"index":"index","follow":"follow","max-snippet":"max-snippet:-1","max-image-preview":"max-image-preview:large","max-video-preview":"max-video-preview:-1"},"canonical":"https:\/\/www.materialpoolbern.ch\/fr\/contact\/declaration-de-protection-des-donnees\/","og_locale":"fr_FR","og_type":"article","og_title":"Datenschutzerkl\u00e4rung - Materialpool Bern","og_description":"DATENSCHUTZERKL\u00c4RUNG Burgdorf, 2.12.2024 \u00a0 Diese Datenschutzerkl\u00e4rung informiert \u00fcber die Bearbeitung von Personendaten im Zusammenhang mit dieser Webseite. F\u00fcr einzelne oder zus\u00e4tzliche Angebote und Leistungen k\u00f6nnen besondere, erg\u00e4nzende oder weitere Datenschutzerkl\u00e4rungen sowie sonstige rechtliche Dokumente wie allgemeine Gesch\u00e4ftsbedingungen bestehen. KontaktMaterialpool Bern Micha LoosliKirchbergstrasse 193400\u00a0Burgdorfinfo@materialpoolbern.ch Begriffe und RechtsgrundlagenPersonendaten sind alle Angaben, die sich auf eine bestimmte oder ... Lire la suite","og_url":"https:\/\/www.materialpoolbern.ch\/fr\/contact\/declaration-de-protection-des-donnees\/","og_site_name":"Materialpool Bern","article_modified_time":"2024-12-02T13:25:04+00:00","twitter_card":"summary_large_image","twitter_misc":{"Dur\u00e9e de lecture estim\u00e9e":"3 minutes"},"schema":{"@context":"https:\/\/schema.org","@graph":[{"@type":"WebPage","@id":"https:\/\/www.materialpoolbern.ch\/kontakt\/datenschutzerklaerung\/","url":"https:\/\/www.materialpoolbern.ch\/kontakt\/datenschutzerklaerung\/","name":"D\u00e9claration de protection des donn\u00e9es - Materialpool Bern","isPartOf":{"@id":"https:\/\/www.materialpoolbern.ch\/#website"},"datePublished":"2020-07-04T11:23:41+00:00","dateModified":"2024-12-02T13:25:04+00:00","breadcrumb":{"@id":"https:\/\/www.materialpoolbern.ch\/kontakt\/datenschutzerklaerung\/#breadcrumb"},"inLanguage":"fr-FR","potentialAction":[{"@type":"ReadAction","target":["https:\/\/www.materialpoolbern.ch\/kontakt\/datenschutzerklaerung\/"]}]},{"@type":"BreadcrumbList","@id":"https:\/\/www.materialpoolbern.ch\/kontakt\/datenschutzerklaerung\/#breadcrumb","itemListElement":[{"@type":"ListItem","position":1,"name":"Startseite","item":"https:\/\/www.materialpoolbern.ch\/"},{"@type":"ListItem","position":2,"name":"Kontakt","item":"https:\/\/www.materialpoolbern.ch\/kontakt\/"},{"@type":"ListItem","position":3,"name":"Datenschutzerkl\u00e4rung"}]},{"@type":"WebSite","@id":"https:\/\/www.materialpoolbern.ch\/#website","url":"https:\/\/www.materialpoolbern.ch\/","name":"Pool De Mat\u00e9riel Berne","description":"Mat\u00e9riel pour les professionnels de la culture","publisher":{"@id":"https:\/\/www.materialpoolbern.ch\/#organization"},"potentialAction":[{"@type":"SearchAction","target":{"@type":"EntryPoint","urlTemplate":"https:\/\/www.materialpoolbern.ch\/?s={search_term_string}"},"query-input":{"@type":"PropertyValueSpecification","valueRequired":true,"valueName":"search_term_string"}}],"inLanguage":"fr-FR"},{"@type":"Organization","@id":"https:\/\/www.materialpoolbern.ch\/#organization","name":"Pool De Mat\u00e9riel Berne","url":"https:\/\/www.materialpoolbern.ch\/","logo":{"@type":"ImageObject","inLanguage":"fr-FR","@id":"https:\/\/www.materialpoolbern.ch\/#\/schema\/logo\/image\/","url":"https:\/\/www.materialpoolbern.ch\/wp-content\/uploads\/2019\/11\/Logo_materialpool.png","contentUrl":"https:\/\/www.materialpoolbern.ch\/wp-content\/uploads\/2019\/11\/Logo_materialpool.png","width":758,"height":295,"caption":"Materialpool Bern"},"image":{"@id":"https:\/\/www.materialpoolbern.ch\/#\/schema\/logo\/image\/"}}]}},"_links":{"self":[{"href":"https:\/\/www.materialpoolbern.ch\/fr\/wp-json\/wp\/v2\/pages\/3890","targetHints":{"allow":["GET"]}}],"collection":[{"href":"https:\/\/www.materialpoolbern.ch\/fr\/wp-json\/wp\/v2\/pages"}],"about":[{"href":"https:\/\/www.materialpoolbern.ch\/fr\/wp-json\/wp\/v2\/types\/page"}],"author":[{"embeddable":true,"href":"https:\/\/www.materialpoolbern.ch\/fr\/wp-json\/wp\/v2\/users\/2"}],"replies":[{"embeddable":true,"href":"https:\/\/www.materialpoolbern.ch\/fr\/wp-json\/wp\/v2\/comments?post=3890"}],"version-history":[{"count":22,"href":"https:\/\/www.materialpoolbern.ch\/fr\/wp-json\/wp\/v2\/pages\/3890\/revisions"}],"predecessor-version":[{"id":15592,"href":"https:\/\/www.materialpoolbern.ch\/fr\/wp-json\/wp\/v2\/pages\/3890\/revisions\/15592"}],"up":[{"embeddable":true,"href":"https:\/\/www.materialpoolbern.ch\/fr\/wp-json\/wp\/v2\/pages\/90"}],"wp:attachment":[{"href":"https:\/\/www.materialpoolbern.ch\/fr\/wp-json\/wp\/v2\/media?parent=3890"}],"curies":[{"name":"wp","href":"https:\/\/api.w.org\/{rel}","templated":true}]}}