{"id":94,"date":"2019-11-27T10:32:30","date_gmt":"2019-11-27T09:32:30","guid":{"rendered":"https:\/\/www.materialpoolbern.ch\/?page_id=94"},"modified":"2026-02-28T17:24:46","modified_gmt":"2026-02-28T16:24:46","slug":"association-materialpool","status":"publish","type":"page","link":"https:\/\/www.materialpoolbern.ch\/fr\/verein-materialpool\/","title":{"rendered":"Association"},"content":{"rendered":"\n<div style=\"height:55px\" aria-hidden=\"true\" class=\"wp-block-spacer\"><\/div>\n\n\n\n<h2 class=\"gb-text gb-text-f0251b05\">VEREIN MATERIALPOOL BERN<\/h2>\n\n\n\n<div style=\"height:13px\" aria-hidden=\"true\" class=\"wp-block-spacer\"><\/div>\n\n\n\n<div class=\"wp-block-columns is-layout-flex wp-container-core-columns-is-layout-9d6595d7 wp-block-columns-is-layout-flex\">\n<div class=\"wp-block-column is-layout-flow wp-block-column-is-layout-flow\" style=\"flex-basis:500px\">\n<div class=\"wp-block-columns is-layout-flex wp-container-core-columns-is-layout-9d6595d7 wp-block-columns-is-layout-flex\">\n<div class=\"wp-block-column is-layout-flow wp-block-column-is-layout-flow\">\n<figure class=\"wp-block-image size-full is-style-rounded\"><img loading=\"lazy\" decoding=\"async\" width=\"450\" height=\"450\" src=\"https:\/\/www.materialpoolbern.ch\/wp-content\/uploads\/2024\/04\/Jetzt-Mitglied-werden.jpg\" alt=\"\" class=\"wp-image-15428\" srcset=\"https:\/\/www.materialpoolbern.ch\/wp-content\/uploads\/2024\/04\/Jetzt-Mitglied-werden.jpg 450w, https:\/\/www.materialpoolbern.ch\/wp-content\/uploads\/2024\/04\/Jetzt-Mitglied-werden-300x300.jpg 300w, https:\/\/www.materialpoolbern.ch\/wp-content\/uploads\/2024\/04\/Jetzt-Mitglied-werden-100x100.jpg 100w, https:\/\/www.materialpoolbern.ch\/wp-content\/uploads\/2024\/04\/Jetzt-Mitglied-werden-150x150.jpg 150w, https:\/\/www.materialpoolbern.ch\/wp-content\/uploads\/2024\/04\/Jetzt-Mitglied-werden-250x250.jpg 250w\" sizes=\"auto, (max-width: 450px) 100vw, 450px\" \/><\/figure>\n<\/div>\n\n\n\n<div class=\"wp-block-column is-layout-flow wp-block-column-is-layout-flow\">\n<p class=\"gb-text gb-text-024a6f9c\"><strong>Einzelmitgliedschaft 40.-<br>Gruppenmitgliedschaft 80.-<\/strong><br><br>Der Mitgliederbeitrag wird direkt nach der Anmeldung f\u00e4llig, danach jeweils zu Beginn des Jahres. Auf Arbeitsstunden, Transport und Verkaufsmaterial gibt es keinen Rabatt.<\/p>\n<\/div>\n<\/div>\n\n\n\n<p class=\"gb-text gb-text-9d3a5ca5\">Leitbild Materialpool Bern<br>Basierend auf den Statuten des Materialpools Bern<\/p>\n\n\n\n<p class=\"gb-text gb-text-aab3077b\"><br>Der Verein Materialpool Bern ist seit 1991 die zentrale, nicht gewinnorientierte Verleih- und Kompetenzstelle f\u00fcr Veranstaltungstechnik im Kanton Bern. Entstanden in Zusammenarbeit mit dem Kanton Bern und seinem Amt f\u00fcr Kultur, st\u00e4rken wir seither die kulturelle Infrastruktur nachhaltig.<br>Wir unterst\u00fctzen Kulturschaffende und Veranstaltende mit fachkundiger Beratung und einem breit gef\u00e4cherten Angebot an B\u00fchnen-, Licht-, Ton-, Video- und Ausstellungstechnik zu fairen Konditionen.<br>Unser Ziel ist es, kulturelle Vielfalt im ganzen Kanton Bern zu erm\u00f6glichen \u2013 auch ausserhalb der urbanen Zentren. Mit unseren Dienstleistungen tragen wir dazu bei, Produktionsbudgets zu entlasten und Projekte realisierbar zu machen.<br>Wir engagieren uns f\u00fcr kulturelle Bildung, indem wir Schulen den Zugang zu professioneller Technik und Know-how er\u00f6ffnen.<br>Als Netzwerk f\u00f6rdern wir den Austausch von Wissen, Erfahrung und Ressourcen zwischen Kulturschaffenden und Veranstaltenden.<br>Mitglieder mit Lebens- und\/oder Arbeitsmittelpunkt im Kanton Bern profitieren von verg\u00fcnstigten Mieten und Dienstleistungen.<\/p>\n\n\n\n<p class=\"has-contrast-color has-text-color has-link-color wp-elements-3a6e1d99fd950fa6d3424a0a3680d4c7\"><br><a href=\"https:\/\/www.materialpoolbern.ch\/wp-content\/uploads\/2022\/12\/Statuten-Deutsch.pdf\" target=\"_blank\" rel=\"noreferrer noopener\">Statuten Materialpool Bern<\/a><\/p>\n<\/div>\n\n\n\n<div class=\"wp-block-column is-layout-flow wp-block-column-is-layout-flow\" style=\"flex-basis:400px\">\n<h3 class=\"gb-text gb-text-b2d6016d\">ANTRAG MITGLIEDSCHAFT<\/h3>\n\n\n<div class=\"webling-form \"><form action=\"?\" method=\"post\" enctype=\"multipart\/form-data\" onsubmit=\"webling_disableSubmitButton()\"><input type=\"hidden\" id=\"_wpnonce\" name=\"_wpnonce\" value=\"3391e3d030\" \/><input type=\"hidden\" name=\"_wp_http_referer\" value=\"\/fr\/wp-json\/wp\/v2\/pages\/94\" \/><input type=\"hidden\" name=\"webling-form-id\" value=\"1\"\/><input type=\"hidden\" name=\"webling-form-redirect\" value=\"https:\/\/www.materialpoolbern.ch\/fr\/verein-materialpool\/\"\/><div class=\"webling-form__group webling-form__group--top  webling-form__group--field-GruppennameFirmenname\"><label for=\"webling-form-field-372\" class=\"webling-form__label\">Gruppenname \/ Firmenname<\/label><div class=\"webling-form__field\"><input type=\"text\" name=\"webling-form-field[372]\" id=\"webling-form-field-372\" placeholder=\"\" class=\"webling-form__input\" ><\/div><\/div><div class=\"webling-form__group webling-form__group--top  webling-form__group--field-VornameKontaktperson\"><label for=\"webling-form-field-373\" class=\"webling-form__label\">Vorname (Kontaktperson)<\/label><div class=\"webling-form__field\"><input type=\"text\" name=\"webling-form-field[373]\" id=\"webling-form-field-373\" placeholder=\"\" class=\"webling-form__input\" ><\/div><\/div><div class=\"webling-form__group webling-form__group--top  webling-form__group--field-NachnameKontaktperson\"><label for=\"webling-form-field-374\" class=\"webling-form__label\">Nachname (Kontaktperson)<\/label><div class=\"webling-form__field\"><input type=\"text\" name=\"webling-form-field[374]\" id=\"webling-form-field-374\" placeholder=\"\" class=\"webling-form__input\" ><\/div><\/div><div class=\"webling-form__group webling-form__group--top  webling-form__group--field-VornamenurwennkeineGruppeoderFirma\"><label for=\"webling-form-field-375\" class=\"webling-form__label\">Vorname (nur wenn keine Gruppe oder Firma)<\/label><div class=\"webling-form__field\"><input type=\"text\" name=\"webling-form-field[375]\" id=\"webling-form-field-375\" placeholder=\"\" class=\"webling-form__input\" ><\/div><\/div><div class=\"webling-form__group webling-form__group--top  webling-form__group--field-NachnamenurwennkeineGruppeoderFirma\"><label for=\"webling-form-field-376\" class=\"webling-form__label\">Nachname (nur wenn keine Gruppe oder Firma)<\/label><div class=\"webling-form__field\"><input type=\"text\" name=\"webling-form-field[376]\" id=\"webling-form-field-376\" placeholder=\"\" class=\"webling-form__input\" ><\/div><\/div><div class=\"webling-form__group webling-form__group--top  webling-form__group--field-Mitgliedschaft\"><label for=\"webling-form-field-377\" class=\"webling-form__label\">Mitgliedschaft <span class=\"webling-form__required\">*<\/span><\/label><div class=\"webling-form__field\"><select name=\"webling-form-field[377]\" id=\"webling-form-field-377\" class=\"webling-form__select\" required><option value=\"\">Ausw\u00e4hlen<\/option><option value=\"Einzelmitgliedschaft\">Einzelmitgliedschaft<\/option><option value=\"Gruppenmitgliedschaft\">Gruppenmitgliedschaft<\/option><option value=\"G\u00f6nnermitgliedschaft\">G\u00f6nnermitgliedschaft<\/option><option value=\"Rechnungsempf\u00e4nger Nicht Mitglied\">Rechnungsempf\u00e4nger Nicht Mitglied<\/option><\/select><\/div><\/div><div class=\"webling-form__group webling-form__group--top  webling-form__group--field-EMail\"><label for=\"webling-form-field-378\" class=\"webling-form__label\">E-Mail <span class=\"webling-form__required\">*<\/span><\/label><div class=\"webling-form__field\"><input type=\"email\" name=\"webling-form-field[378]\" id=\"webling-form-field-378\" placeholder=\"\" class=\"webling-form__input\" required><\/div><\/div><div class=\"webling-form__group webling-form__group--top  webling-form__group--field-Strasse\"><label for=\"webling-form-field-379\" class=\"webling-form__label\">Strasse <span class=\"webling-form__required\">*<\/span><\/label><div class=\"webling-form__field\"><input type=\"text\" name=\"webling-form-field[379]\" id=\"webling-form-field-379\" placeholder=\"\" class=\"webling-form__input\" required><\/div><\/div><div class=\"webling-form__group webling-form__group--top  webling-form__group--field-Nummer\"><label for=\"webling-form-field-380\" class=\"webling-form__label\">Nummer <span class=\"webling-form__required\">*<\/span><\/label><div class=\"webling-form__field\"><input type=\"text\" name=\"webling-form-field[380]\" id=\"webling-form-field-380\" placeholder=\"\" class=\"webling-form__input\" required><\/div><\/div><div class=\"webling-form__group webling-form__group--top  webling-form__group--field-PLZ\"><label for=\"webling-form-field-381\" class=\"webling-form__label\">PLZ <span class=\"webling-form__required\">*<\/span><\/label><div class=\"webling-form__field\"><input type=\"text\" name=\"webling-form-field[381]\" id=\"webling-form-field-381\" placeholder=\"\" class=\"webling-form__input\" required><\/div><\/div><div class=\"webling-form__group webling-form__group--top  webling-form__group--field-Ort\"><label for=\"webling-form-field-382\" class=\"webling-form__label\">Ort <span class=\"webling-form__required\">*<\/span><\/label><div class=\"webling-form__field\"><input type=\"text\" name=\"webling-form-field[382]\" id=\"webling-form-field-382\" placeholder=\"\" class=\"webling-form__input\" required><\/div><\/div><div class=\"webling-form__group webling-form__group--top  webling-form__group--field-Telefon\"><label for=\"webling-form-field-383\" class=\"webling-form__label\">Telefon <span class=\"webling-form__required\">*<\/span><\/label><div class=\"webling-form__field\"><input type=\"tel\" name=\"webling-form-field[383]\" id=\"webling-form-field-383\" placeholder=\"\" class=\"webling-form__input\" required><\/div><\/div><div class=\"webling-form__group webling-form__group--top  webling-form__group--field-Mobile\"><label for=\"webling-form-field-384\" class=\"webling-form__label\">Mobile<\/label><div class=\"webling-form__field\"><input type=\"tel\" name=\"webling-form-field[384]\" id=\"webling-form-field-384\" placeholder=\"\" class=\"webling-form__input\" ><\/div><\/div><div class=\"webling-form__group webling-form__group--top  webling-form__group--field-Funktion\"><label for=\"webling-form-field-385\" class=\"webling-form__label\">Funktion<\/label><div class=\"webling-form__field\"><select name=\"webling-form-field[385]\" id=\"webling-form-field-385\" class=\"webling-form__select\" ><option value=\"\">Ausw\u00e4hlen<\/option><option value=\"Pr\u00e4sident*in\">Pr\u00e4sident*in<\/option><option value=\"Gesch\u00e4ftsleitung\">Gesch\u00e4ftsleitung<\/option><option value=\"Kassier*in\">Kassier*in<\/option><option value=\"Vorstandsmitglied\">Vorstandsmitglied<\/option><option value=\"Mitglied\">Mitglied<\/option><option value=\"Keine Angabe\">Keine Angabe<\/option><\/select><\/div><\/div><div class=\"webling-form__group webling-form__group--top  webling-form__group--field-Pronomen\"><label for=\"webling-form-field-386\" class=\"webling-form__label\">Pronomen<\/label><div class=\"webling-form__field\"><select name=\"webling-form-field[386]\" id=\"webling-form-field-386\" class=\"webling-form__select\" ><option value=\"\">Ausw\u00e4hlen<\/option><option value=\"keine Angabe\">keine Angabe<\/option><option value=\"sie\">sie<\/option><option value=\"er\">er<\/option><option value=\"they\">they<\/option><\/select><\/div><\/div><div class=\"webling-form__group webling-form__group--top  webling-form__group--field-Mitgliederbild\"><label for=\"webling-form-field-387\" class=\"webling-form__label\">Mitgliederbild<\/label><div class=\"webling-form__field\"><input type=\"file\" name=\"webling-form-field-387\" id=\"webling-form-field-387\" class=\"webling-form__input\"  accept=\"image\/*\"><\/div><\/div><div class=\"webling-form__group webling-form__group--top  webling-form__group--field-Bemerkungen\"><label for=\"webling-form-field-388\" class=\"webling-form__label\">Bemerkungen<\/label><div class=\"webling-form__field\"><textarea rows=\"6\" name=\"webling-form-field[388]\" id=\"webling-form-field-388\" placeholder=\"\" class=\"webling-form__input\" ><\/textarea><\/div><\/div><input type=\"text\" id=\"webling-form-field_0\" autocomplete=\"off\" name=\"webling-form-field[0]\" value=\"\"\/><p><input type=\"submit\" value=\"Absenden\" class=\"webling-form__submit\" id=\"webling-form__submit\"><\/p><\/form><script type=\"text\/javascript\">\n\/\/ disable submit button after form was submitted to prevent multiple entries\nfunction webling_disableSubmitButton() {\n    document.getElementById(\"webling-form__submit\").disabled = true;\n}\n<\/script><\/div>\n<\/div>\n<\/div>\n","protected":false},"excerpt":{"rendered":"<p>VEREIN MATERIALPOOL BERN Einzelmitgliedschaft 40.-Gruppenmitgliedschaft 80.- Der Mitgliederbeitrag wird direkt nach der Anmeldung f\u00e4llig, danach jeweils zu Beginn des Jahres. Auf Arbeitsstunden, Transport und Verkaufsmaterial gibt es keinen Rabatt. Leitbild Materialpool BernBasierend auf den Statuten des Materialpools Bern Der Verein Materialpool Bern ist seit 1991 die zentrale, nicht gewinnorientierte Verleih- und Kompetenzstelle f\u00fcr Veranstaltungstechnik im &#8230; <a title=\"Association\" class=\"read-more\" href=\"https:\/\/www.materialpoolbern.ch\/fr\/verein-materialpool\/\" aria-label=\"En savoir plus sur Verein\">Lire la suite<\/a><\/p>","protected":false},"author":3,"featured_media":0,"parent":0,"menu_order":4,"comment_status":"closed","ping_status":"closed","template":"","meta":{"footnotes":""},"class_list":["post-94","page","type-page","status-publish"],"yoast_head":"<!-- This site is optimized with the Yoast SEO plugin v27.4 - https:\/\/yoast.com\/product\/yoast-seo-wordpress\/ -->\n<title>Verein - Materialpool Bern<\/title>\n<meta name=\"robots\" content=\"index, follow, max-snippet:-1, max-image-preview:large, max-video-preview:-1\" \/>\n<link rel=\"canonical\" href=\"https:\/\/www.materialpoolbern.ch\/fr\/association-materialpool\/\" \/>\n<meta property=\"og:locale\" content=\"fr_FR\" \/>\n<meta property=\"og:type\" content=\"article\" \/>\n<meta property=\"og:title\" content=\"Verein - Materialpool Bern\" \/>\n<meta property=\"og:description\" content=\"VEREIN MATERIALPOOL BERN Einzelmitgliedschaft 40.-Gruppenmitgliedschaft 80.- Der Mitgliederbeitrag wird direkt nach der Anmeldung f\u00e4llig, danach jeweils zu Beginn des Jahres. Auf Arbeitsstunden, Transport und Verkaufsmaterial gibt es keinen Rabatt. Leitbild Materialpool BernBasierend auf den Statuten des Materialpools Bern Der Verein Materialpool Bern ist seit 1991 die zentrale, nicht gewinnorientierte Verleih- und Kompetenzstelle f\u00fcr Veranstaltungstechnik im ... Lire la suite\" \/>\n<meta property=\"og:url\" content=\"https:\/\/www.materialpoolbern.ch\/fr\/association-materialpool\/\" \/>\n<meta property=\"og:site_name\" content=\"Materialpool Bern\" \/>\n<meta property=\"article:modified_time\" content=\"2026-02-28T16:24:46+00:00\" \/>\n<meta property=\"og:image\" content=\"https:\/\/www.materialpoolbern.ch\/wp-content\/uploads\/2024\/04\/Jetzt-Mitglied-werden.jpg\" \/>\n<meta name=\"twitter:card\" content=\"summary_large_image\" \/>\n<meta name=\"twitter:label1\" content=\"Dur\u00e9e de lecture estim\u00e9e\" \/>\n\t<meta name=\"twitter:data1\" content=\"2 minutes\" \/>\n<script type=\"application\/ld+json\" class=\"yoast-schema-graph\">{\"@context\":\"https:\\\/\\\/schema.org\",\"@graph\":[{\"@type\":\"WebPage\",\"@id\":\"https:\\\/\\\/www.materialpoolbern.ch\\\/verein-materialpool\\\/\",\"url\":\"https:\\\/\\\/www.materialpoolbern.ch\\\/verein-materialpool\\\/\",\"name\":\"Verein - Materialpool Bern\",\"isPartOf\":{\"@id\":\"https:\\\/\\\/www.materialpoolbern.ch\\\/#website\"},\"primaryImageOfPage\":{\"@id\":\"https:\\\/\\\/www.materialpoolbern.ch\\\/verein-materialpool\\\/#primaryimage\"},\"image\":{\"@id\":\"https:\\\/\\\/www.materialpoolbern.ch\\\/verein-materialpool\\\/#primaryimage\"},\"thumbnailUrl\":\"https:\\\/\\\/www.materialpoolbern.ch\\\/wp-content\\\/uploads\\\/2024\\\/04\\\/Jetzt-Mitglied-werden.jpg\",\"datePublished\":\"2019-11-27T09:32:30+00:00\",\"dateModified\":\"2026-02-28T16:24:46+00:00\",\"breadcrumb\":{\"@id\":\"https:\\\/\\\/www.materialpoolbern.ch\\\/verein-materialpool\\\/#breadcrumb\"},\"inLanguage\":\"fr-FR\",\"potentialAction\":[{\"@type\":\"ReadAction\",\"target\":[\"https:\\\/\\\/www.materialpoolbern.ch\\\/verein-materialpool\\\/\"]}]},{\"@type\":\"ImageObject\",\"inLanguage\":\"fr-FR\",\"@id\":\"https:\\\/\\\/www.materialpoolbern.ch\\\/verein-materialpool\\\/#primaryimage\",\"url\":\"https:\\\/\\\/www.materialpoolbern.ch\\\/wp-content\\\/uploads\\\/2024\\\/04\\\/Jetzt-Mitglied-werden.jpg\",\"contentUrl\":\"https:\\\/\\\/www.materialpoolbern.ch\\\/wp-content\\\/uploads\\\/2024\\\/04\\\/Jetzt-Mitglied-werden.jpg\"},{\"@type\":\"BreadcrumbList\",\"@id\":\"https:\\\/\\\/www.materialpoolbern.ch\\\/verein-materialpool\\\/#breadcrumb\",\"itemListElement\":[{\"@type\":\"ListItem\",\"position\":1,\"name\":\"Startseite\",\"item\":\"https:\\\/\\\/www.materialpoolbern.ch\\\/\"},{\"@type\":\"ListItem\",\"position\":2,\"name\":\"Verein\"}]},{\"@type\":\"WebSite\",\"@id\":\"https:\\\/\\\/www.materialpoolbern.ch\\\/#website\",\"url\":\"https:\\\/\\\/www.materialpoolbern.ch\\\/\",\"name\":\"Materialpool Bern\",\"description\":\"Material f\u00fcr Kulturschaffende\",\"publisher\":{\"@id\":\"https:\\\/\\\/www.materialpoolbern.ch\\\/#organization\"},\"potentialAction\":[{\"@type\":\"SearchAction\",\"target\":{\"@type\":\"EntryPoint\",\"urlTemplate\":\"https:\\\/\\\/www.materialpoolbern.ch\\\/?s={search_term_string}\"},\"query-input\":{\"@type\":\"PropertyValueSpecification\",\"valueRequired\":true,\"valueName\":\"search_term_string\"}}],\"inLanguage\":\"fr-FR\"},{\"@type\":\"Organization\",\"@id\":\"https:\\\/\\\/www.materialpoolbern.ch\\\/#organization\",\"name\":\"Materialpool Bern\",\"url\":\"https:\\\/\\\/www.materialpoolbern.ch\\\/\",\"logo\":{\"@type\":\"ImageObject\",\"inLanguage\":\"fr-FR\",\"@id\":\"https:\\\/\\\/www.materialpoolbern.ch\\\/#\\\/schema\\\/logo\\\/image\\\/\",\"url\":\"https:\\\/\\\/www.materialpoolbern.ch\\\/wp-content\\\/uploads\\\/2019\\\/11\\\/Logo_materialpool.png\",\"contentUrl\":\"https:\\\/\\\/www.materialpoolbern.ch\\\/wp-content\\\/uploads\\\/2019\\\/11\\\/Logo_materialpool.png\",\"width\":758,\"height\":295,\"caption\":\"Materialpool Bern\"},\"image\":{\"@id\":\"https:\\\/\\\/www.materialpoolbern.ch\\\/#\\\/schema\\\/logo\\\/image\\\/\"}}]}<\/script>\n<!-- \/ Yoast SEO plugin. -->","yoast_head_json":{"title":"Association - Materialpool Bern","robots":{"index":"index","follow":"follow","max-snippet":"max-snippet:-1","max-image-preview":"max-image-preview:large","max-video-preview":"max-video-preview:-1"},"canonical":"https:\/\/www.materialpoolbern.ch\/fr\/association-materialpool\/","og_locale":"fr_FR","og_type":"article","og_title":"Verein - Materialpool Bern","og_description":"VEREIN MATERIALPOOL BERN Einzelmitgliedschaft 40.-Gruppenmitgliedschaft 80.- Der Mitgliederbeitrag wird direkt nach der Anmeldung f\u00e4llig, danach jeweils zu Beginn des Jahres. Auf Arbeitsstunden, Transport und Verkaufsmaterial gibt es keinen Rabatt. Leitbild Materialpool BernBasierend auf den Statuten des Materialpools Bern Der Verein Materialpool Bern ist seit 1991 die zentrale, nicht gewinnorientierte Verleih- und Kompetenzstelle f\u00fcr Veranstaltungstechnik im ... Lire la suite","og_url":"https:\/\/www.materialpoolbern.ch\/fr\/association-materialpool\/","og_site_name":"Materialpool Bern","article_modified_time":"2026-02-28T16:24:46+00:00","og_image":[{"url":"https:\/\/www.materialpoolbern.ch\/wp-content\/uploads\/2024\/04\/Jetzt-Mitglied-werden.jpg","type":"","width":"","height":""}],"twitter_card":"summary_large_image","twitter_misc":{"Dur\u00e9e de lecture estim\u00e9e":"2 minutes"},"schema":{"@context":"https:\/\/schema.org","@graph":[{"@type":"WebPage","@id":"https:\/\/www.materialpoolbern.ch\/verein-materialpool\/","url":"https:\/\/www.materialpoolbern.ch\/verein-materialpool\/","name":"Association - Materialpool Bern","isPartOf":{"@id":"https:\/\/www.materialpoolbern.ch\/#website"},"primaryImageOfPage":{"@id":"https:\/\/www.materialpoolbern.ch\/verein-materialpool\/#primaryimage"},"image":{"@id":"https:\/\/www.materialpoolbern.ch\/verein-materialpool\/#primaryimage"},"thumbnailUrl":"https:\/\/www.materialpoolbern.ch\/wp-content\/uploads\/2024\/04\/Jetzt-Mitglied-werden.jpg","datePublished":"2019-11-27T09:32:30+00:00","dateModified":"2026-02-28T16:24:46+00:00","breadcrumb":{"@id":"https:\/\/www.materialpoolbern.ch\/verein-materialpool\/#breadcrumb"},"inLanguage":"fr-FR","potentialAction":[{"@type":"ReadAction","target":["https:\/\/www.materialpoolbern.ch\/verein-materialpool\/"]}]},{"@type":"ImageObject","inLanguage":"fr-FR","@id":"https:\/\/www.materialpoolbern.ch\/verein-materialpool\/#primaryimage","url":"https:\/\/www.materialpoolbern.ch\/wp-content\/uploads\/2024\/04\/Jetzt-Mitglied-werden.jpg","contentUrl":"https:\/\/www.materialpoolbern.ch\/wp-content\/uploads\/2024\/04\/Jetzt-Mitglied-werden.jpg"},{"@type":"BreadcrumbList","@id":"https:\/\/www.materialpoolbern.ch\/verein-materialpool\/#breadcrumb","itemListElement":[{"@type":"ListItem","position":1,"name":"Startseite","item":"https:\/\/www.materialpoolbern.ch\/"},{"@type":"ListItem","position":2,"name":"Verein"}]},{"@type":"WebSite","@id":"https:\/\/www.materialpoolbern.ch\/#website","url":"https:\/\/www.materialpoolbern.ch\/","name":"Pool De Mat\u00e9riel Berne","description":"Mat\u00e9riel pour les professionnels de la culture","publisher":{"@id":"https:\/\/www.materialpoolbern.ch\/#organization"},"potentialAction":[{"@type":"SearchAction","target":{"@type":"EntryPoint","urlTemplate":"https:\/\/www.materialpoolbern.ch\/?s={search_term_string}"},"query-input":{"@type":"PropertyValueSpecification","valueRequired":true,"valueName":"search_term_string"}}],"inLanguage":"fr-FR"},{"@type":"Organization","@id":"https:\/\/www.materialpoolbern.ch\/#organization","name":"Pool De Mat\u00e9riel Berne","url":"https:\/\/www.materialpoolbern.ch\/","logo":{"@type":"ImageObject","inLanguage":"fr-FR","@id":"https:\/\/www.materialpoolbern.ch\/#\/schema\/logo\/image\/","url":"https:\/\/www.materialpoolbern.ch\/wp-content\/uploads\/2019\/11\/Logo_materialpool.png","contentUrl":"https:\/\/www.materialpoolbern.ch\/wp-content\/uploads\/2019\/11\/Logo_materialpool.png","width":758,"height":295,"caption":"Materialpool Bern"},"image":{"@id":"https:\/\/www.materialpoolbern.ch\/#\/schema\/logo\/image\/"}}]}},"_links":{"self":[{"href":"https:\/\/www.materialpoolbern.ch\/fr\/wp-json\/wp\/v2\/pages\/94","targetHints":{"allow":["GET"]}}],"collection":[{"href":"https:\/\/www.materialpoolbern.ch\/fr\/wp-json\/wp\/v2\/pages"}],"about":[{"href":"https:\/\/www.materialpoolbern.ch\/fr\/wp-json\/wp\/v2\/types\/page"}],"author":[{"embeddable":true,"href":"https:\/\/www.materialpoolbern.ch\/fr\/wp-json\/wp\/v2\/users\/3"}],"replies":[{"embeddable":true,"href":"https:\/\/www.materialpoolbern.ch\/fr\/wp-json\/wp\/v2\/comments?post=94"}],"version-history":[{"count":161,"href":"https:\/\/www.materialpoolbern.ch\/fr\/wp-json\/wp\/v2\/pages\/94\/revisions"}],"predecessor-version":[{"id":18572,"href":"https:\/\/www.materialpoolbern.ch\/fr\/wp-json\/wp\/v2\/pages\/94\/revisions\/18572"}],"wp:attachment":[{"href":"https:\/\/www.materialpoolbern.ch\/fr\/wp-json\/wp\/v2\/media?parent=94"}],"curies":[{"name":"wp","href":"https:\/\/api.w.org\/{rel}","templated":true}]}}