{"id":11580,"date":"2022-12-30T10:06:49","date_gmt":"2022-12-30T10:06:49","guid":{"rendered":"https:\/\/www.materialpoolbern.ch\/material\/unkategorisiert\/video-beamer-lcd-pt-lb90\/"},"modified":"2026-04-13T15:54:30","modified_gmt":"2026-04-13T13:54:30","slug":"video-projecteur-lcd-pt-lb90","status":"publish","type":"product","link":"https:\/\/www.materialpoolbern.ch\/fr\/material\/video-beamer-lcd-pt-lb90\/","title":{"rendered":"Vid\u00e9o projecteur LCD PT-LB90"},"content":{"rendered":"<p>Projecteur vid\u00e9o 3500 ANSI, Inp YC, VGA, Composite - Panasonic PT-LB90, Projecteur vid\u00e9o<\/p>","protected":false},"excerpt":{"rendered":"<p>Panasonic PT-LB90, projecteur vid\u00e9o<\/p>","protected":false},"featured_media":13859,"template":"","meta":[],"product_brand":[],"product_cat":[13204],"product_tag":[],"class_list":{"0":"post-11580","1":"product","2":"type-product","3":"status-publish","4":"has-post-thumbnail","6":"product_cat-beamer","8":"first","9":"instock","10":"shipping-taxable","11":"product-type-rentable"},"yoast_head":"<!-- This site is optimized with the Yoast SEO plugin v27.4 - https:\/\/yoast.com\/product\/yoast-seo-wordpress\/ -->\n<title>Video Beamer LCD PT-LB90 - Materialpool Bern<\/title>\n<meta name=\"description\" content=\"Video Beamer 3500 ANSI, Inp YC, VGA, Composite - Panasonic PT-LB90, Video Beamer\" \/>\n<meta name=\"robots\" content=\"index, follow, max-snippet:-1, max-image-preview:large, max-video-preview:-1\" \/>\n<link rel=\"canonical\" href=\"https:\/\/www.materialpoolbern.ch\/fr\/materiaux\/video-projecteur-lcd-pt-lb90\/\" \/>\n<meta property=\"og:locale\" content=\"fr_FR\" \/>\n<meta property=\"og:type\" content=\"article\" \/>\n<meta property=\"og:title\" content=\"Video Beamer LCD PT-LB90 - Materialpool Bern\" \/>\n<meta property=\"og:description\" content=\"Video Beamer 3500 ANSI, Inp YC, VGA, Composite - Panasonic PT-LB90, Video Beamer\" \/>\n<meta property=\"og:url\" content=\"https:\/\/www.materialpoolbern.ch\/fr\/materiaux\/video-projecteur-lcd-pt-lb90\/\" \/>\n<meta property=\"og:site_name\" content=\"Materialpool Bern\" \/>\n<meta property=\"article:modified_time\" content=\"2026-04-13T13:54:30+00:00\" \/>\n<meta property=\"og:image\" content=\"https:\/\/www.materialpoolbern.ch\/wp-content\/uploads\/2022\/12\/lb90.jpg\" \/>\n\t<meta property=\"og:image:width\" content=\"404\" \/>\n\t<meta property=\"og:image:height\" content=\"290\" \/>\n\t<meta property=\"og:image:type\" content=\"image\/jpeg\" \/>\n<meta name=\"twitter:card\" content=\"summary_large_image\" \/>\n<script type=\"application\/ld+json\" class=\"yoast-schema-graph\">{\"@context\":\"https:\\\/\\\/schema.org\",\"@graph\":[{\"@type\":\"WebPage\",\"@id\":\"https:\\\/\\\/www.materialpoolbern.ch\\\/material\\\/video-beamer-lcd-pt-lb90\\\/\",\"url\":\"https:\\\/\\\/www.materialpoolbern.ch\\\/material\\\/video-beamer-lcd-pt-lb90\\\/\",\"name\":\"Video Beamer LCD PT-LB90 - Materialpool Bern\",\"isPartOf\":{\"@id\":\"https:\\\/\\\/www.materialpoolbern.ch\\\/#website\"},\"primaryImageOfPage\":{\"@id\":\"https:\\\/\\\/www.materialpoolbern.ch\\\/material\\\/video-beamer-lcd-pt-lb90\\\/#primaryimage\"},\"image\":{\"@id\":\"https:\\\/\\\/www.materialpoolbern.ch\\\/material\\\/video-beamer-lcd-pt-lb90\\\/#primaryimage\"},\"thumbnailUrl\":\"https:\\\/\\\/www.materialpoolbern.ch\\\/wp-content\\\/uploads\\\/2022\\\/12\\\/lb90.jpg\",\"datePublished\":\"2022-12-30T10:06:49+00:00\",\"dateModified\":\"2026-04-13T13:54:30+00:00\",\"description\":\"Video Beamer 3500 ANSI, Inp YC, VGA, Composite - Panasonic PT-LB90, Video Beamer\",\"breadcrumb\":{\"@id\":\"https:\\\/\\\/www.materialpoolbern.ch\\\/material\\\/video-beamer-lcd-pt-lb90\\\/#breadcrumb\"},\"inLanguage\":\"fr-FR\",\"potentialAction\":[{\"@type\":\"ReadAction\",\"target\":[\"https:\\\/\\\/www.materialpoolbern.ch\\\/material\\\/video-beamer-lcd-pt-lb90\\\/\"]}]},{\"@type\":\"ImageObject\",\"inLanguage\":\"fr-FR\",\"@id\":\"https:\\\/\\\/www.materialpoolbern.ch\\\/material\\\/video-beamer-lcd-pt-lb90\\\/#primaryimage\",\"url\":\"https:\\\/\\\/www.materialpoolbern.ch\\\/wp-content\\\/uploads\\\/2022\\\/12\\\/lb90.jpg\",\"contentUrl\":\"https:\\\/\\\/www.materialpoolbern.ch\\\/wp-content\\\/uploads\\\/2022\\\/12\\\/lb90.jpg\",\"width\":404,\"height\":290},{\"@type\":\"BreadcrumbList\",\"@id\":\"https:\\\/\\\/www.materialpoolbern.ch\\\/material\\\/video-beamer-lcd-pt-lb90\\\/#breadcrumb\",\"itemListElement\":[{\"@type\":\"ListItem\",\"position\":1,\"name\":\"Startseite\",\"item\":\"https:\\\/\\\/www.materialpoolbern.ch\\\/\"},{\"@type\":\"ListItem\",\"position\":2,\"name\":\"Material\",\"item\":\"https:\\\/\\\/www.materialpoolbern.ch\\\/material\\\/\"},{\"@type\":\"ListItem\",\"position\":3,\"name\":\"Video Beamer LCD PT-LB90\"}]},{\"@type\":\"WebSite\",\"@id\":\"https:\\\/\\\/www.materialpoolbern.ch\\\/#website\",\"url\":\"https:\\\/\\\/www.materialpoolbern.ch\\\/\",\"name\":\"Materialpool Bern\",\"description\":\"Material f\u00fcr Kulturschaffende\",\"publisher\":{\"@id\":\"https:\\\/\\\/www.materialpoolbern.ch\\\/#organization\"},\"potentialAction\":[{\"@type\":\"SearchAction\",\"target\":{\"@type\":\"EntryPoint\",\"urlTemplate\":\"https:\\\/\\\/www.materialpoolbern.ch\\\/?s={search_term_string}\"},\"query-input\":{\"@type\":\"PropertyValueSpecification\",\"valueRequired\":true,\"valueName\":\"search_term_string\"}}],\"inLanguage\":\"fr-FR\"},{\"@type\":\"Organization\",\"@id\":\"https:\\\/\\\/www.materialpoolbern.ch\\\/#organization\",\"name\":\"Materialpool Bern\",\"url\":\"https:\\\/\\\/www.materialpoolbern.ch\\\/\",\"logo\":{\"@type\":\"ImageObject\",\"inLanguage\":\"fr-FR\",\"@id\":\"https:\\\/\\\/www.materialpoolbern.ch\\\/#\\\/schema\\\/logo\\\/image\\\/\",\"url\":\"https:\\\/\\\/www.materialpoolbern.ch\\\/wp-content\\\/uploads\\\/2019\\\/11\\\/Logo_materialpool.png\",\"contentUrl\":\"https:\\\/\\\/www.materialpoolbern.ch\\\/wp-content\\\/uploads\\\/2019\\\/11\\\/Logo_materialpool.png\",\"width\":758,\"height\":295,\"caption\":\"Materialpool Bern\"},\"image\":{\"@id\":\"https:\\\/\\\/www.materialpoolbern.ch\\\/#\\\/schema\\\/logo\\\/image\\\/\"}}]}<\/script>\n<!-- \/ Yoast SEO plugin. -->","yoast_head_json":{"title":"Projecteur vid\u00e9o LCD PT-LB90 - Materialpool Bern","description":"Projecteur vid\u00e9o 3500 ANSI, Inp YC, VGA, Composite - Panasonic PT-LB90, Projecteur vid\u00e9o","robots":{"index":"index","follow":"follow","max-snippet":"max-snippet:-1","max-image-preview":"max-image-preview:large","max-video-preview":"max-video-preview:-1"},"canonical":"https:\/\/www.materialpoolbern.ch\/fr\/materiaux\/video-projecteur-lcd-pt-lb90\/","og_locale":"fr_FR","og_type":"article","og_title":"Video Beamer LCD PT-LB90 - Materialpool Bern","og_description":"Video Beamer 3500 ANSI, Inp YC, VGA, Composite - Panasonic PT-LB90, Video Beamer","og_url":"https:\/\/www.materialpoolbern.ch\/fr\/materiaux\/video-projecteur-lcd-pt-lb90\/","og_site_name":"Materialpool Bern","article_modified_time":"2026-04-13T13:54:30+00:00","og_image":[{"width":404,"height":290,"url":"https:\/\/www.materialpoolbern.ch\/wp-content\/uploads\/2022\/12\/lb90.jpg","type":"image\/jpeg"}],"twitter_card":"summary_large_image","schema":{"@context":"https:\/\/schema.org","@graph":[{"@type":"WebPage","@id":"https:\/\/www.materialpoolbern.ch\/material\/video-beamer-lcd-pt-lb90\/","url":"https:\/\/www.materialpoolbern.ch\/material\/video-beamer-lcd-pt-lb90\/","name":"Projecteur vid\u00e9o LCD PT-LB90 - Materialpool Bern","isPartOf":{"@id":"https:\/\/www.materialpoolbern.ch\/#website"},"primaryImageOfPage":{"@id":"https:\/\/www.materialpoolbern.ch\/material\/video-beamer-lcd-pt-lb90\/#primaryimage"},"image":{"@id":"https:\/\/www.materialpoolbern.ch\/material\/video-beamer-lcd-pt-lb90\/#primaryimage"},"thumbnailUrl":"https:\/\/www.materialpoolbern.ch\/wp-content\/uploads\/2022\/12\/lb90.jpg","datePublished":"2022-12-30T10:06:49+00:00","dateModified":"2026-04-13T13:54:30+00:00","description":"Projecteur vid\u00e9o 3500 ANSI, Inp YC, VGA, Composite - Panasonic PT-LB90, Projecteur vid\u00e9o","breadcrumb":{"@id":"https:\/\/www.materialpoolbern.ch\/material\/video-beamer-lcd-pt-lb90\/#breadcrumb"},"inLanguage":"fr-FR","potentialAction":[{"@type":"ReadAction","target":["https:\/\/www.materialpoolbern.ch\/material\/video-beamer-lcd-pt-lb90\/"]}]},{"@type":"ImageObject","inLanguage":"fr-FR","@id":"https:\/\/www.materialpoolbern.ch\/material\/video-beamer-lcd-pt-lb90\/#primaryimage","url":"https:\/\/www.materialpoolbern.ch\/wp-content\/uploads\/2022\/12\/lb90.jpg","contentUrl":"https:\/\/www.materialpoolbern.ch\/wp-content\/uploads\/2022\/12\/lb90.jpg","width":404,"height":290},{"@type":"BreadcrumbList","@id":"https:\/\/www.materialpoolbern.ch\/material\/video-beamer-lcd-pt-lb90\/#breadcrumb","itemListElement":[{"@type":"ListItem","position":1,"name":"Startseite","item":"https:\/\/www.materialpoolbern.ch\/"},{"@type":"ListItem","position":2,"name":"Material","item":"https:\/\/www.materialpoolbern.ch\/material\/"},{"@type":"ListItem","position":3,"name":"Video Beamer LCD PT-LB90"}]},{"@type":"WebSite","@id":"https:\/\/www.materialpoolbern.ch\/#website","url":"https:\/\/www.materialpoolbern.ch\/","name":"Pool De Mat\u00e9riel Berne","description":"Mat\u00e9riel pour les professionnels de la culture","publisher":{"@id":"https:\/\/www.materialpoolbern.ch\/#organization"},"potentialAction":[{"@type":"SearchAction","target":{"@type":"EntryPoint","urlTemplate":"https:\/\/www.materialpoolbern.ch\/?s={search_term_string}"},"query-input":{"@type":"PropertyValueSpecification","valueRequired":true,"valueName":"search_term_string"}}],"inLanguage":"fr-FR"},{"@type":"Organization","@id":"https:\/\/www.materialpoolbern.ch\/#organization","name":"Pool De Mat\u00e9riel Berne","url":"https:\/\/www.materialpoolbern.ch\/","logo":{"@type":"ImageObject","inLanguage":"fr-FR","@id":"https:\/\/www.materialpoolbern.ch\/#\/schema\/logo\/image\/","url":"https:\/\/www.materialpoolbern.ch\/wp-content\/uploads\/2019\/11\/Logo_materialpool.png","contentUrl":"https:\/\/www.materialpoolbern.ch\/wp-content\/uploads\/2019\/11\/Logo_materialpool.png","width":758,"height":295,"caption":"Materialpool Bern"},"image":{"@id":"https:\/\/www.materialpoolbern.ch\/#\/schema\/logo\/image\/"}}]}},"_links":{"self":[{"href":"https:\/\/www.materialpoolbern.ch\/fr\/wp-json\/wp\/v2\/product\/11580","targetHints":{"allow":["GET"]}}],"collection":[{"href":"https:\/\/www.materialpoolbern.ch\/fr\/wp-json\/wp\/v2\/product"}],"about":[{"href":"https:\/\/www.materialpoolbern.ch\/fr\/wp-json\/wp\/v2\/types\/product"}],"wp:featuredmedia":[{"embeddable":true,"href":"https:\/\/www.materialpoolbern.ch\/fr\/wp-json\/wp\/v2\/media\/13859"}],"wp:attachment":[{"href":"https:\/\/www.materialpoolbern.ch\/fr\/wp-json\/wp\/v2\/media?parent=11580"}],"wp:term":[{"taxonomy":"product_brand","embeddable":true,"href":"https:\/\/www.materialpoolbern.ch\/fr\/wp-json\/wp\/v2\/product_brand?post=11580"},{"taxonomy":"product_cat","embeddable":true,"href":"https:\/\/www.materialpoolbern.ch\/fr\/wp-json\/wp\/v2\/product_cat?post=11580"},{"taxonomy":"product_tag","embeddable":true,"href":"https:\/\/www.materialpoolbern.ch\/fr\/wp-json\/wp\/v2\/product_tag?post=11580"}],"curies":[{"name":"wp","href":"https:\/\/api.w.org\/{rel}","templated":true}]}}