{"id":11912,"date":"2022-12-30T10:06:52","date_gmt":"2022-12-30T10:06:52","guid":{"rendered":"https:\/\/www.materialpoolbern.ch\/material\/unkategorisiert\/powertainer\/"},"modified":"2026-04-13T15:54:40","modified_gmt":"2026-04-13T13:54:40","slug":"powertainer","status":"publish","type":"product","link":"https:\/\/www.materialpoolbern.ch\/fr\/material\/powertainer\/","title":{"rendered":"PowerTainer"},"content":{"rendered":"<p>2 x CEE32, 2 x CEE16, 6 x SEV23 &#8211; PowerTainer CEE63<\/p>\n<p>Schwarzer IP44 Isolierstoffverteiler<br \/>In- und Outdoor Betrieb m\u00f6glich, integrierter Wasserablauf<br \/>Optionale Schutzschieber verschlie\u00dfen Armaturen\u00f6ffnungen bei Transport<br \/>Verschlie\u00dfbare Schutzfenster f\u00fcr Sicherungsautomaten<br \/>Kabelauslass nach oben, integriertes Kabelfach<br \/>Optionaler Transportdeckel mit Spannbandkerben<br \/>Geringes Gewicht, integrierte Tragegriffe<br \/>Stapelbar, Europalettenrasterma\u00df<br \/>Gemeinsamer FI 0,03mA<br \/>Abg\u00e4nge entsprechend mit C-Automaten abgesichert<br \/>Hochwertige Industrieautomaten und Steckverbinder<\/p>","protected":false},"excerpt":{"rendered":"<p>PowerTainer CEE63<\/p>","protected":false},"featured_media":14043,"template":"","meta":[],"product_brand":[],"product_cat":[13225],"product_tag":[],"class_list":{"0":"post-11912","1":"product","2":"type-product","3":"status-publish","4":"has-post-thumbnail","6":"product_cat-netzverteiler","8":"first","9":"instock","10":"shipping-taxable","11":"product-type-rentable"},"yoast_head":"<!-- This site is optimized with the Yoast SEO plugin v27.4 - https:\/\/yoast.com\/product\/yoast-seo-wordpress\/ -->\n<title>PowerTainer - Materialpool Bern<\/title>\n<meta name=\"description\" content=\"2 x CEE32, 2 x CEE16, 6 x SEV23 - PowerTainer CEE63Schwarzer IP44 IsolierstoffverteilerIn- und Outdoor Betrieb m\u00f6glich, integrierter WasserablaufOptionale Schutzschieber verschlie\u00dfen Armaturen\u00f6ffnungen bei TransportVerschlie\u00dfbare Schutzfenster f\u00fcr SicherungsautomatenKabelauslass nach oben, integriertes KabelfachOptionaler Transportdeckel mit SpannbandkerbenGeringes Gewicht, integrierte TragegriffeStapelbar, Europalettenrasterma\u00dfGemeinsamer FI 0,03mAAbg\u00e4nge entsprechend mit C-Automaten abgesichertHochwertige Industrieautomaten und Steckverbinder\" \/>\n<meta name=\"robots\" content=\"index, follow, max-snippet:-1, max-image-preview:large, max-video-preview:-1\" \/>\n<link rel=\"canonical\" href=\"https:\/\/www.materialpoolbern.ch\/fr\/materiaux\/powertainer\/\" \/>\n<meta property=\"og:locale\" content=\"fr_FR\" \/>\n<meta property=\"og:type\" content=\"article\" \/>\n<meta property=\"og:title\" content=\"PowerTainer - Materialpool Bern\" \/>\n<meta property=\"og:description\" content=\"2 x CEE32, 2 x CEE16, 6 x SEV23 - PowerTainer CEE63Schwarzer IP44 IsolierstoffverteilerIn- und Outdoor Betrieb m\u00f6glich, integrierter WasserablaufOptionale Schutzschieber verschlie\u00dfen Armaturen\u00f6ffnungen bei TransportVerschlie\u00dfbare Schutzfenster f\u00fcr SicherungsautomatenKabelauslass nach oben, integriertes KabelfachOptionaler Transportdeckel mit SpannbandkerbenGeringes Gewicht, integrierte TragegriffeStapelbar, Europalettenrasterma\u00dfGemeinsamer FI 0,03mAAbg\u00e4nge entsprechend mit C-Automaten abgesichertHochwertige Industrieautomaten und Steckverbinder\" \/>\n<meta property=\"og:url\" content=\"https:\/\/www.materialpoolbern.ch\/fr\/materiaux\/powertainer\/\" \/>\n<meta property=\"og:site_name\" content=\"Materialpool Bern\" \/>\n<meta property=\"article:modified_time\" content=\"2026-04-13T13:54:40+00:00\" \/>\n<meta property=\"og:image\" content=\"https:\/\/www.materialpoolbern.ch\/wp-content\/uploads\/2022\/12\/pt.jpg\" \/>\n\t<meta property=\"og:image:width\" content=\"438\" \/>\n\t<meta property=\"og:image:height\" content=\"438\" \/>\n\t<meta property=\"og:image:type\" content=\"image\/jpeg\" \/>\n<meta name=\"twitter:card\" content=\"summary_large_image\" \/>\n<script type=\"application\/ld+json\" class=\"yoast-schema-graph\">{\"@context\":\"https:\\\/\\\/schema.org\",\"@graph\":[{\"@type\":\"WebPage\",\"@id\":\"https:\\\/\\\/www.materialpoolbern.ch\\\/material\\\/powertainer\\\/\",\"url\":\"https:\\\/\\\/www.materialpoolbern.ch\\\/material\\\/powertainer\\\/\",\"name\":\"PowerTainer - Materialpool Bern\",\"isPartOf\":{\"@id\":\"https:\\\/\\\/www.materialpoolbern.ch\\\/#website\"},\"primaryImageOfPage\":{\"@id\":\"https:\\\/\\\/www.materialpoolbern.ch\\\/material\\\/powertainer\\\/#primaryimage\"},\"image\":{\"@id\":\"https:\\\/\\\/www.materialpoolbern.ch\\\/material\\\/powertainer\\\/#primaryimage\"},\"thumbnailUrl\":\"https:\\\/\\\/www.materialpoolbern.ch\\\/wp-content\\\/uploads\\\/2022\\\/12\\\/pt.jpg\",\"datePublished\":\"2022-12-30T10:06:52+00:00\",\"dateModified\":\"2026-04-13T13:54:40+00:00\",\"description\":\"2 x CEE32, 2 x CEE16, 6 x SEV23 - PowerTainer CEE63Schwarzer IP44 IsolierstoffverteilerIn- und Outdoor Betrieb m\u00f6glich, integrierter WasserablaufOptionale Schutzschieber verschlie\u00dfen Armaturen\u00f6ffnungen bei TransportVerschlie\u00dfbare Schutzfenster f\u00fcr SicherungsautomatenKabelauslass nach oben, integriertes KabelfachOptionaler Transportdeckel mit SpannbandkerbenGeringes Gewicht, integrierte TragegriffeStapelbar, Europalettenrasterma\u00dfGemeinsamer FI 0,03mAAbg\u00e4nge entsprechend mit C-Automaten abgesichertHochwertige Industrieautomaten und Steckverbinder\",\"breadcrumb\":{\"@id\":\"https:\\\/\\\/www.materialpoolbern.ch\\\/material\\\/powertainer\\\/#breadcrumb\"},\"inLanguage\":\"fr-FR\",\"potentialAction\":[{\"@type\":\"ReadAction\",\"target\":[\"https:\\\/\\\/www.materialpoolbern.ch\\\/material\\\/powertainer\\\/\"]}]},{\"@type\":\"ImageObject\",\"inLanguage\":\"fr-FR\",\"@id\":\"https:\\\/\\\/www.materialpoolbern.ch\\\/material\\\/powertainer\\\/#primaryimage\",\"url\":\"https:\\\/\\\/www.materialpoolbern.ch\\\/wp-content\\\/uploads\\\/2022\\\/12\\\/pt.jpg\",\"contentUrl\":\"https:\\\/\\\/www.materialpoolbern.ch\\\/wp-content\\\/uploads\\\/2022\\\/12\\\/pt.jpg\",\"width\":438,\"height\":438},{\"@type\":\"BreadcrumbList\",\"@id\":\"https:\\\/\\\/www.materialpoolbern.ch\\\/material\\\/powertainer\\\/#breadcrumb\",\"itemListElement\":[{\"@type\":\"ListItem\",\"position\":1,\"name\":\"Startseite\",\"item\":\"https:\\\/\\\/www.materialpoolbern.ch\\\/\"},{\"@type\":\"ListItem\",\"position\":2,\"name\":\"Material\",\"item\":\"https:\\\/\\\/www.materialpoolbern.ch\\\/material\\\/\"},{\"@type\":\"ListItem\",\"position\":3,\"name\":\"PowerTainer\"}]},{\"@type\":\"WebSite\",\"@id\":\"https:\\\/\\\/www.materialpoolbern.ch\\\/#website\",\"url\":\"https:\\\/\\\/www.materialpoolbern.ch\\\/\",\"name\":\"Materialpool Bern\",\"description\":\"Material f\u00fcr Kulturschaffende\",\"publisher\":{\"@id\":\"https:\\\/\\\/www.materialpoolbern.ch\\\/#organization\"},\"potentialAction\":[{\"@type\":\"SearchAction\",\"target\":{\"@type\":\"EntryPoint\",\"urlTemplate\":\"https:\\\/\\\/www.materialpoolbern.ch\\\/?s={search_term_string}\"},\"query-input\":{\"@type\":\"PropertyValueSpecification\",\"valueRequired\":true,\"valueName\":\"search_term_string\"}}],\"inLanguage\":\"fr-FR\"},{\"@type\":\"Organization\",\"@id\":\"https:\\\/\\\/www.materialpoolbern.ch\\\/#organization\",\"name\":\"Materialpool Bern\",\"url\":\"https:\\\/\\\/www.materialpoolbern.ch\\\/\",\"logo\":{\"@type\":\"ImageObject\",\"inLanguage\":\"fr-FR\",\"@id\":\"https:\\\/\\\/www.materialpoolbern.ch\\\/#\\\/schema\\\/logo\\\/image\\\/\",\"url\":\"https:\\\/\\\/www.materialpoolbern.ch\\\/wp-content\\\/uploads\\\/2019\\\/11\\\/Logo_materialpool.png\",\"contentUrl\":\"https:\\\/\\\/www.materialpoolbern.ch\\\/wp-content\\\/uploads\\\/2019\\\/11\\\/Logo_materialpool.png\",\"width\":758,\"height\":295,\"caption\":\"Materialpool Bern\"},\"image\":{\"@id\":\"https:\\\/\\\/www.materialpoolbern.ch\\\/#\\\/schema\\\/logo\\\/image\\\/\"}}]}<\/script>\n<!-- \/ Yoast SEO plugin. -->","yoast_head_json":{"title":"PowerTainer - Materialpool Bern","description":"2 x CEE32, 2 x CEE16, 6 x SEV23 - PowerTainer CEE63Schwarzer IP44 IsolierstoffverteilerIn- und Outdoor Betrieb m\u00f6glich, integrierter WasserablaufOptionale Schutzschieber verschlie\u00dfen Armaturen\u00f6ffnungen bei TransportVerschlie\u00dfbare Schutzfenster f\u00fcr SicherungsautomatenKabelauslass nach oben, integriertes KabelfachOptionaler Transportdeckel mit SpannbandkerbenGeringes Gewicht, integrierte TragegriffeStapelbar, Europalettenrasterma\u00dfGemeinsamer FI 0,03mAAbg\u00e4nge entsprechend mit C-Automaten abgesichertHochwertige Industrieautomaten und Steckverbinder","robots":{"index":"index","follow":"follow","max-snippet":"max-snippet:-1","max-image-preview":"max-image-preview:large","max-video-preview":"max-video-preview:-1"},"canonical":"https:\/\/www.materialpoolbern.ch\/fr\/materiaux\/powertainer\/","og_locale":"fr_FR","og_type":"article","og_title":"PowerTainer - Materialpool Bern","og_description":"2 x CEE32, 2 x CEE16, 6 x SEV23 - PowerTainer CEE63Schwarzer IP44 IsolierstoffverteilerIn- und Outdoor Betrieb m\u00f6glich, integrierter WasserablaufOptionale Schutzschieber verschlie\u00dfen Armaturen\u00f6ffnungen bei TransportVerschlie\u00dfbare Schutzfenster f\u00fcr SicherungsautomatenKabelauslass nach oben, integriertes KabelfachOptionaler Transportdeckel mit SpannbandkerbenGeringes Gewicht, integrierte TragegriffeStapelbar, Europalettenrasterma\u00dfGemeinsamer FI 0,03mAAbg\u00e4nge entsprechend mit C-Automaten abgesichertHochwertige Industrieautomaten und Steckverbinder","og_url":"https:\/\/www.materialpoolbern.ch\/fr\/materiaux\/powertainer\/","og_site_name":"Materialpool Bern","article_modified_time":"2026-04-13T13:54:40+00:00","og_image":[{"width":438,"height":438,"url":"https:\/\/www.materialpoolbern.ch\/wp-content\/uploads\/2022\/12\/pt.jpg","type":"image\/jpeg"}],"twitter_card":"summary_large_image","schema":{"@context":"https:\/\/schema.org","@graph":[{"@type":"WebPage","@id":"https:\/\/www.materialpoolbern.ch\/material\/powertainer\/","url":"https:\/\/www.materialpoolbern.ch\/material\/powertainer\/","name":"PowerTainer - Materialpool Bern","isPartOf":{"@id":"https:\/\/www.materialpoolbern.ch\/#website"},"primaryImageOfPage":{"@id":"https:\/\/www.materialpoolbern.ch\/material\/powertainer\/#primaryimage"},"image":{"@id":"https:\/\/www.materialpoolbern.ch\/material\/powertainer\/#primaryimage"},"thumbnailUrl":"https:\/\/www.materialpoolbern.ch\/wp-content\/uploads\/2022\/12\/pt.jpg","datePublished":"2022-12-30T10:06:52+00:00","dateModified":"2026-04-13T13:54:40+00:00","description":"2 x CEE32, 2 x CEE16, 6 x SEV23 - PowerTainer CEE63Schwarzer IP44 IsolierstoffverteilerIn- und Outdoor Betrieb m\u00f6glich, integrierter WasserablaufOptionale Schutzschieber verschlie\u00dfen Armaturen\u00f6ffnungen bei TransportVerschlie\u00dfbare Schutzfenster f\u00fcr SicherungsautomatenKabelauslass nach oben, integriertes KabelfachOptionaler Transportdeckel mit SpannbandkerbenGeringes Gewicht, integrierte TragegriffeStapelbar, Europalettenrasterma\u00dfGemeinsamer FI 0,03mAAbg\u00e4nge entsprechend mit C-Automaten abgesichertHochwertige Industrieautomaten und Steckverbinder","breadcrumb":{"@id":"https:\/\/www.materialpoolbern.ch\/material\/powertainer\/#breadcrumb"},"inLanguage":"fr-FR","potentialAction":[{"@type":"ReadAction","target":["https:\/\/www.materialpoolbern.ch\/material\/powertainer\/"]}]},{"@type":"ImageObject","inLanguage":"fr-FR","@id":"https:\/\/www.materialpoolbern.ch\/material\/powertainer\/#primaryimage","url":"https:\/\/www.materialpoolbern.ch\/wp-content\/uploads\/2022\/12\/pt.jpg","contentUrl":"https:\/\/www.materialpoolbern.ch\/wp-content\/uploads\/2022\/12\/pt.jpg","width":438,"height":438},{"@type":"BreadcrumbList","@id":"https:\/\/www.materialpoolbern.ch\/material\/powertainer\/#breadcrumb","itemListElement":[{"@type":"ListItem","position":1,"name":"Startseite","item":"https:\/\/www.materialpoolbern.ch\/"},{"@type":"ListItem","position":2,"name":"Material","item":"https:\/\/www.materialpoolbern.ch\/material\/"},{"@type":"ListItem","position":3,"name":"PowerTainer"}]},{"@type":"WebSite","@id":"https:\/\/www.materialpoolbern.ch\/#website","url":"https:\/\/www.materialpoolbern.ch\/","name":"Pool De Mat\u00e9riel Berne","description":"Mat\u00e9riel pour les professionnels de la culture","publisher":{"@id":"https:\/\/www.materialpoolbern.ch\/#organization"},"potentialAction":[{"@type":"SearchAction","target":{"@type":"EntryPoint","urlTemplate":"https:\/\/www.materialpoolbern.ch\/?s={search_term_string}"},"query-input":{"@type":"PropertyValueSpecification","valueRequired":true,"valueName":"search_term_string"}}],"inLanguage":"fr-FR"},{"@type":"Organization","@id":"https:\/\/www.materialpoolbern.ch\/#organization","name":"Pool De Mat\u00e9riel Berne","url":"https:\/\/www.materialpoolbern.ch\/","logo":{"@type":"ImageObject","inLanguage":"fr-FR","@id":"https:\/\/www.materialpoolbern.ch\/#\/schema\/logo\/image\/","url":"https:\/\/www.materialpoolbern.ch\/wp-content\/uploads\/2019\/11\/Logo_materialpool.png","contentUrl":"https:\/\/www.materialpoolbern.ch\/wp-content\/uploads\/2019\/11\/Logo_materialpool.png","width":758,"height":295,"caption":"Materialpool Bern"},"image":{"@id":"https:\/\/www.materialpoolbern.ch\/#\/schema\/logo\/image\/"}}]}},"_links":{"self":[{"href":"https:\/\/www.materialpoolbern.ch\/fr\/wp-json\/wp\/v2\/product\/11912","targetHints":{"allow":["GET"]}}],"collection":[{"href":"https:\/\/www.materialpoolbern.ch\/fr\/wp-json\/wp\/v2\/product"}],"about":[{"href":"https:\/\/www.materialpoolbern.ch\/fr\/wp-json\/wp\/v2\/types\/product"}],"wp:featuredmedia":[{"embeddable":true,"href":"https:\/\/www.materialpoolbern.ch\/fr\/wp-json\/wp\/v2\/media\/14043"}],"wp:attachment":[{"href":"https:\/\/www.materialpoolbern.ch\/fr\/wp-json\/wp\/v2\/media?parent=11912"}],"wp:term":[{"taxonomy":"product_brand","embeddable":true,"href":"https:\/\/www.materialpoolbern.ch\/fr\/wp-json\/wp\/v2\/product_brand?post=11912"},{"taxonomy":"product_cat","embeddable":true,"href":"https:\/\/www.materialpoolbern.ch\/fr\/wp-json\/wp\/v2\/product_cat?post=11912"},{"taxonomy":"product_tag","embeddable":true,"href":"https:\/\/www.materialpoolbern.ch\/fr\/wp-json\/wp\/v2\/product_tag?post=11912"}],"curies":[{"name":"wp","href":"https:\/\/api.w.org\/{rel}","templated":true}]}}