{"id":12244,"date":"2022-12-30T11:06:57","date_gmt":"2022-12-30T10:06:57","guid":{"rendered":"https:\/\/www.materialpoolbern.ch\/material\/unkategorisiert\/vorhang-595cm-x-195cm\/"},"modified":"2026-04-13T15:54:50","modified_gmt":"2026-04-13T13:54:50","slug":"vorhang-595cm-x-195cm","status":"publish","type":"product","link":"https:\/\/www.materialpoolbern.ch\/fr\/material\/vorhang-595cm-x-195cm\/","title":{"rendered":"Rideau 595cm x 195cm"},"content":{"rendered":"<p>Molton, impr\u00e4gniert &#8211; Schwarze Vorh\u00e4nge 5.95 x 1.95m | fran\u00e7.: molton &#8211; rideau noir 5.95 x 1.95m<\/p>","protected":false},"excerpt":{"rendered":"<p>Schwarze Vorh\u00e4nge 5.95 x 1.95m | fran\u00e7.: rideau noir 5.95 x 1.95m<\/p>\n<p>H\u00f6he 5.95m \/ Breite 1.95m<\/p>","protected":false},"featured_media":14214,"template":"","meta":[],"product_brand":[],"product_cat":[13214],"product_tag":[],"class_list":{"0":"post-12244","1":"product","2":"type-product","3":"status-publish","4":"has-post-thumbnail","6":"product_cat-textiles","8":"first","9":"instock","10":"shipping-taxable","11":"product-type-rentable"},"yoast_head":"<!-- This site is optimized with the Yoast SEO plugin v27.4 - https:\/\/yoast.com\/product\/yoast-seo-wordpress\/ -->\n<title>Vorhang 595cm x 195cm - Materialpool Bern<\/title>\n<meta name=\"description\" content=\"Molton, impr\u00e4gniert - Schwarze Vorh\u00e4nge 5.95 x 1.95m | fran\u00e7.: molton - rideau noir 5.95 x 1.95m\" \/>\n<meta name=\"robots\" content=\"index, follow, max-snippet:-1, max-image-preview:large, max-video-preview:-1\" \/>\n<link rel=\"canonical\" href=\"https:\/\/www.materialpoolbern.ch\/fr\/materiaux\/vorhang-595cm-x-195cm\/\" \/>\n<meta property=\"og:locale\" content=\"fr_FR\" \/>\n<meta property=\"og:type\" content=\"article\" \/>\n<meta property=\"og:title\" content=\"Vorhang 595cm x 195cm - Materialpool Bern\" \/>\n<meta property=\"og:description\" content=\"Molton, impr\u00e4gniert - Schwarze Vorh\u00e4nge 5.95 x 1.95m | fran\u00e7.: molton - rideau noir 5.95 x 1.95m\" \/>\n<meta property=\"og:url\" content=\"https:\/\/www.materialpoolbern.ch\/fr\/materiaux\/vorhang-595cm-x-195cm\/\" \/>\n<meta property=\"og:site_name\" content=\"Materialpool Bern\" \/>\n<meta property=\"article:modified_time\" content=\"2026-04-13T13:54:50+00:00\" \/>\n<meta property=\"og:image\" content=\"https:\/\/www.materialpoolbern.ch\/wp-content\/uploads\/2022\/12\/vorh-4.jpg\" \/>\n\t<meta property=\"og:image:width\" content=\"400\" \/>\n\t<meta property=\"og:image:height\" content=\"333\" \/>\n\t<meta property=\"og:image:type\" content=\"image\/jpeg\" \/>\n<meta name=\"twitter:card\" content=\"summary_large_image\" \/>\n<script type=\"application\/ld+json\" class=\"yoast-schema-graph\">{\"@context\":\"https:\\\/\\\/schema.org\",\"@graph\":[{\"@type\":\"WebPage\",\"@id\":\"https:\\\/\\\/www.materialpoolbern.ch\\\/material\\\/vorhang-595cm-x-195cm\\\/\",\"url\":\"https:\\\/\\\/www.materialpoolbern.ch\\\/material\\\/vorhang-595cm-x-195cm\\\/\",\"name\":\"Vorhang 595cm x 195cm - Materialpool Bern\",\"isPartOf\":{\"@id\":\"https:\\\/\\\/www.materialpoolbern.ch\\\/#website\"},\"primaryImageOfPage\":{\"@id\":\"https:\\\/\\\/www.materialpoolbern.ch\\\/material\\\/vorhang-595cm-x-195cm\\\/#primaryimage\"},\"image\":{\"@id\":\"https:\\\/\\\/www.materialpoolbern.ch\\\/material\\\/vorhang-595cm-x-195cm\\\/#primaryimage\"},\"thumbnailUrl\":\"https:\\\/\\\/www.materialpoolbern.ch\\\/wp-content\\\/uploads\\\/2022\\\/12\\\/vorh-4.jpg\",\"datePublished\":\"2022-12-30T10:06:57+00:00\",\"dateModified\":\"2026-04-13T13:54:50+00:00\",\"description\":\"Molton, impr\u00e4gniert - Schwarze Vorh\u00e4nge 5.95 x 1.95m | fran\u00e7.: molton - rideau noir 5.95 x 1.95m\",\"breadcrumb\":{\"@id\":\"https:\\\/\\\/www.materialpoolbern.ch\\\/material\\\/vorhang-595cm-x-195cm\\\/#breadcrumb\"},\"inLanguage\":\"fr-FR\",\"potentialAction\":[{\"@type\":\"ReadAction\",\"target\":[\"https:\\\/\\\/www.materialpoolbern.ch\\\/material\\\/vorhang-595cm-x-195cm\\\/\"]}]},{\"@type\":\"ImageObject\",\"inLanguage\":\"fr-FR\",\"@id\":\"https:\\\/\\\/www.materialpoolbern.ch\\\/material\\\/vorhang-595cm-x-195cm\\\/#primaryimage\",\"url\":\"https:\\\/\\\/www.materialpoolbern.ch\\\/wp-content\\\/uploads\\\/2022\\\/12\\\/vorh-4.jpg\",\"contentUrl\":\"https:\\\/\\\/www.materialpoolbern.ch\\\/wp-content\\\/uploads\\\/2022\\\/12\\\/vorh-4.jpg\",\"width\":400,\"height\":333},{\"@type\":\"BreadcrumbList\",\"@id\":\"https:\\\/\\\/www.materialpoolbern.ch\\\/material\\\/vorhang-595cm-x-195cm\\\/#breadcrumb\",\"itemListElement\":[{\"@type\":\"ListItem\",\"position\":1,\"name\":\"Startseite\",\"item\":\"https:\\\/\\\/www.materialpoolbern.ch\\\/\"},{\"@type\":\"ListItem\",\"position\":2,\"name\":\"Material\",\"item\":\"https:\\\/\\\/www.materialpoolbern.ch\\\/material\\\/\"},{\"@type\":\"ListItem\",\"position\":3,\"name\":\"Vorhang 595cm x 195cm\"}]},{\"@type\":\"WebSite\",\"@id\":\"https:\\\/\\\/www.materialpoolbern.ch\\\/#website\",\"url\":\"https:\\\/\\\/www.materialpoolbern.ch\\\/\",\"name\":\"Materialpool Bern\",\"description\":\"Material f\u00fcr Kulturschaffende\",\"publisher\":{\"@id\":\"https:\\\/\\\/www.materialpoolbern.ch\\\/#organization\"},\"potentialAction\":[{\"@type\":\"SearchAction\",\"target\":{\"@type\":\"EntryPoint\",\"urlTemplate\":\"https:\\\/\\\/www.materialpoolbern.ch\\\/?s={search_term_string}\"},\"query-input\":{\"@type\":\"PropertyValueSpecification\",\"valueRequired\":true,\"valueName\":\"search_term_string\"}}],\"inLanguage\":\"fr-FR\"},{\"@type\":\"Organization\",\"@id\":\"https:\\\/\\\/www.materialpoolbern.ch\\\/#organization\",\"name\":\"Materialpool Bern\",\"url\":\"https:\\\/\\\/www.materialpoolbern.ch\\\/\",\"logo\":{\"@type\":\"ImageObject\",\"inLanguage\":\"fr-FR\",\"@id\":\"https:\\\/\\\/www.materialpoolbern.ch\\\/#\\\/schema\\\/logo\\\/image\\\/\",\"url\":\"https:\\\/\\\/www.materialpoolbern.ch\\\/wp-content\\\/uploads\\\/2019\\\/11\\\/Logo_materialpool.png\",\"contentUrl\":\"https:\\\/\\\/www.materialpoolbern.ch\\\/wp-content\\\/uploads\\\/2019\\\/11\\\/Logo_materialpool.png\",\"width\":758,\"height\":295,\"caption\":\"Materialpool Bern\"},\"image\":{\"@id\":\"https:\\\/\\\/www.materialpoolbern.ch\\\/#\\\/schema\\\/logo\\\/image\\\/\"}}]}<\/script>\n<!-- \/ Yoast SEO plugin. -->","yoast_head_json":{"title":"Vorhang 595cm x 195cm - Materialpool Bern","description":"Molton, impr\u00e4gniert - Schwarze Vorh\u00e4nge 5.95 x 1.95m | fran\u00e7.: molton - rideau noir 5.95 x 1.95m","robots":{"index":"index","follow":"follow","max-snippet":"max-snippet:-1","max-image-preview":"max-image-preview:large","max-video-preview":"max-video-preview:-1"},"canonical":"https:\/\/www.materialpoolbern.ch\/fr\/materiaux\/vorhang-595cm-x-195cm\/","og_locale":"fr_FR","og_type":"article","og_title":"Vorhang 595cm x 195cm - Materialpool Bern","og_description":"Molton, impr\u00e4gniert - Schwarze Vorh\u00e4nge 5.95 x 1.95m | fran\u00e7.: molton - rideau noir 5.95 x 1.95m","og_url":"https:\/\/www.materialpoolbern.ch\/fr\/materiaux\/vorhang-595cm-x-195cm\/","og_site_name":"Materialpool Bern","article_modified_time":"2026-04-13T13:54:50+00:00","og_image":[{"width":400,"height":333,"url":"https:\/\/www.materialpoolbern.ch\/wp-content\/uploads\/2022\/12\/vorh-4.jpg","type":"image\/jpeg"}],"twitter_card":"summary_large_image","schema":{"@context":"https:\/\/schema.org","@graph":[{"@type":"WebPage","@id":"https:\/\/www.materialpoolbern.ch\/material\/vorhang-595cm-x-195cm\/","url":"https:\/\/www.materialpoolbern.ch\/material\/vorhang-595cm-x-195cm\/","name":"Vorhang 595cm x 195cm - Materialpool Bern","isPartOf":{"@id":"https:\/\/www.materialpoolbern.ch\/#website"},"primaryImageOfPage":{"@id":"https:\/\/www.materialpoolbern.ch\/material\/vorhang-595cm-x-195cm\/#primaryimage"},"image":{"@id":"https:\/\/www.materialpoolbern.ch\/material\/vorhang-595cm-x-195cm\/#primaryimage"},"thumbnailUrl":"https:\/\/www.materialpoolbern.ch\/wp-content\/uploads\/2022\/12\/vorh-4.jpg","datePublished":"2022-12-30T10:06:57+00:00","dateModified":"2026-04-13T13:54:50+00:00","description":"Molton, impr\u00e4gniert - Schwarze Vorh\u00e4nge 5.95 x 1.95m | fran\u00e7.: molton - rideau noir 5.95 x 1.95m","breadcrumb":{"@id":"https:\/\/www.materialpoolbern.ch\/material\/vorhang-595cm-x-195cm\/#breadcrumb"},"inLanguage":"fr-FR","potentialAction":[{"@type":"ReadAction","target":["https:\/\/www.materialpoolbern.ch\/material\/vorhang-595cm-x-195cm\/"]}]},{"@type":"ImageObject","inLanguage":"fr-FR","@id":"https:\/\/www.materialpoolbern.ch\/material\/vorhang-595cm-x-195cm\/#primaryimage","url":"https:\/\/www.materialpoolbern.ch\/wp-content\/uploads\/2022\/12\/vorh-4.jpg","contentUrl":"https:\/\/www.materialpoolbern.ch\/wp-content\/uploads\/2022\/12\/vorh-4.jpg","width":400,"height":333},{"@type":"BreadcrumbList","@id":"https:\/\/www.materialpoolbern.ch\/material\/vorhang-595cm-x-195cm\/#breadcrumb","itemListElement":[{"@type":"ListItem","position":1,"name":"Startseite","item":"https:\/\/www.materialpoolbern.ch\/"},{"@type":"ListItem","position":2,"name":"Material","item":"https:\/\/www.materialpoolbern.ch\/material\/"},{"@type":"ListItem","position":3,"name":"Vorhang 595cm x 195cm"}]},{"@type":"WebSite","@id":"https:\/\/www.materialpoolbern.ch\/#website","url":"https:\/\/www.materialpoolbern.ch\/","name":"Pool De Mat\u00e9riel Berne","description":"Mat\u00e9riel pour les professionnels de la culture","publisher":{"@id":"https:\/\/www.materialpoolbern.ch\/#organization"},"potentialAction":[{"@type":"SearchAction","target":{"@type":"EntryPoint","urlTemplate":"https:\/\/www.materialpoolbern.ch\/?s={search_term_string}"},"query-input":{"@type":"PropertyValueSpecification","valueRequired":true,"valueName":"search_term_string"}}],"inLanguage":"fr-FR"},{"@type":"Organization","@id":"https:\/\/www.materialpoolbern.ch\/#organization","name":"Pool De Mat\u00e9riel Berne","url":"https:\/\/www.materialpoolbern.ch\/","logo":{"@type":"ImageObject","inLanguage":"fr-FR","@id":"https:\/\/www.materialpoolbern.ch\/#\/schema\/logo\/image\/","url":"https:\/\/www.materialpoolbern.ch\/wp-content\/uploads\/2019\/11\/Logo_materialpool.png","contentUrl":"https:\/\/www.materialpoolbern.ch\/wp-content\/uploads\/2019\/11\/Logo_materialpool.png","width":758,"height":295,"caption":"Materialpool Bern"},"image":{"@id":"https:\/\/www.materialpoolbern.ch\/#\/schema\/logo\/image\/"}}]}},"_links":{"self":[{"href":"https:\/\/www.materialpoolbern.ch\/fr\/wp-json\/wp\/v2\/product\/12244","targetHints":{"allow":["GET"]}}],"collection":[{"href":"https:\/\/www.materialpoolbern.ch\/fr\/wp-json\/wp\/v2\/product"}],"about":[{"href":"https:\/\/www.materialpoolbern.ch\/fr\/wp-json\/wp\/v2\/types\/product"}],"wp:featuredmedia":[{"embeddable":true,"href":"https:\/\/www.materialpoolbern.ch\/fr\/wp-json\/wp\/v2\/media\/14214"}],"wp:attachment":[{"href":"https:\/\/www.materialpoolbern.ch\/fr\/wp-json\/wp\/v2\/media?parent=12244"}],"wp:term":[{"taxonomy":"product_brand","embeddable":true,"href":"https:\/\/www.materialpoolbern.ch\/fr\/wp-json\/wp\/v2\/product_brand?post=12244"},{"taxonomy":"product_cat","embeddable":true,"href":"https:\/\/www.materialpoolbern.ch\/fr\/wp-json\/wp\/v2\/product_cat?post=12244"},{"taxonomy":"product_tag","embeddable":true,"href":"https:\/\/www.materialpoolbern.ch\/fr\/wp-json\/wp\/v2\/product_tag?post=12244"}],"curies":[{"name":"wp","href":"https:\/\/api.w.org\/{rel}","templated":true}]}}