{"id":12388,"date":"2022-12-30T11:06:59","date_gmt":"2022-12-30T10:06:59","guid":{"rendered":"https:\/\/www.materialpoolbern.ch\/material\/unkategorisiert\/beispiel-buehne-h80-150cm\/"},"modified":"2026-04-13T15:54:53","modified_gmt":"2026-04-13T13:54:53","slug":"beispiel-buehne-h80-150cm","status":"publish","type":"product","link":"https:\/\/www.materialpoolbern.ch\/fr\/material\/beispiel-buehne-h80-150cm\/","title":{"rendered":"Exemple de sc\u00e8ne h80-150cm"},"content":{"rendered":"<p>Die B\u00fchne besteht bei beiden B\u00fchnenh\u00f6hen aus Einzelteilen.<\/p>\n<p>-F\u00fcsse<br \/>-Seitengitter<br \/>-Traversen<br \/>-Halbtraversen<br \/>-B\u00fchnenplatten<\/p>\n<p>\u00a0<\/p>\n<p>Das kleinste Element das gebaut werden kann ist 1.25 x 1.25m, mit einer B\u00fchnenplatte<br \/>Das eigentliche Grundelement ist 2.5 x 2.5 Meter, mit 4 B\u00fchnenplatten.<br \/>Daran kann weiter in alle Richtungen angebaut werden, in 1.25m, oder 2.5m Schritten<\/p>\n<p>Die l\u00e4ngsten Elemente sind die Seitengitter, mit 2.5 m<\/p>\n<p>Gerne kann das Material im Lager besichtigt werden.<\/p>\n<p>Element 2.5 x 2.5m, max. 7.5 x 10m &#8211; B\u00fchne h 80 &#8211; 150cm | fran\u00e7.: \u00e9l\u00e9ments de 2.5 x 2.5m, max. 7.5 x 10m &#8211; sc\u00e8ne h 80 &#8211; 150cm<\/p>","protected":false},"excerpt":{"rendered":"<p>B\u00fchne h 80 &#8211; 150cm | fran\u00e7.: sc\u00e8ne h 80 &#8211; 150cm<\/p>","protected":false},"featured_media":14292,"template":"","meta":[],"product_brand":[],"product_cat":[13218],"product_tag":[],"class_list":{"0":"post-12388","1":"product","2":"type-product","3":"status-publish","4":"has-post-thumbnail","6":"product_cat-buehne-buehne","8":"first","9":"instock","10":"shipping-taxable","11":"product-type-rentable"},"yoast_head":"<!-- This site is optimized with the Yoast SEO plugin v27.4 - https:\/\/yoast.com\/product\/yoast-seo-wordpress\/ -->\n<title>Beispiel B\u00fchne h80-150cm - Materialpool Bern<\/title>\n<meta name=\"description\" content=\"Element 2.5 x 2.5m, max. 7.5 x 10m - B\u00fchne h 80 - 150cm | fran\u00e7.: \u00e9l\u00e9ments de 2.5 x 2.5m, max. 7.5 x 10m - sc\u00e8ne h 80 - 150cm\" \/>\n<meta name=\"robots\" content=\"index, follow, max-snippet:-1, max-image-preview:large, max-video-preview:-1\" \/>\n<link rel=\"canonical\" href=\"https:\/\/www.materialpoolbern.ch\/fr\/materiaux\/beispiel-buehne-h80-150cm\/\" \/>\n<meta property=\"og:locale\" content=\"fr_FR\" \/>\n<meta property=\"og:type\" content=\"article\" \/>\n<meta property=\"og:title\" content=\"Beispiel B\u00fchne h80-150cm - Materialpool Bern\" \/>\n<meta property=\"og:description\" content=\"Element 2.5 x 2.5m, max. 7.5 x 10m - B\u00fchne h 80 - 150cm | fran\u00e7.: \u00e9l\u00e9ments de 2.5 x 2.5m, max. 7.5 x 10m - sc\u00e8ne h 80 - 150cm\" \/>\n<meta property=\"og:url\" content=\"https:\/\/www.materialpoolbern.ch\/fr\/materiaux\/beispiel-buehne-h80-150cm\/\" \/>\n<meta property=\"og:site_name\" content=\"Materialpool Bern\" \/>\n<meta property=\"article:modified_time\" content=\"2026-04-13T13:54:53+00:00\" \/>\n<meta property=\"og:image\" content=\"https:\/\/www.materialpoolbern.ch\/wp-content\/uploads\/2022\/12\/stacco80.jpg\" \/>\n\t<meta property=\"og:image:width\" content=\"500\" \/>\n\t<meta property=\"og:image:height\" content=\"417\" \/>\n\t<meta property=\"og:image:type\" content=\"image\/jpeg\" \/>\n<meta name=\"twitter:card\" content=\"summary_large_image\" \/>\n<script type=\"application\/ld+json\" class=\"yoast-schema-graph\">{\"@context\":\"https:\\\/\\\/schema.org\",\"@graph\":[{\"@type\":\"WebPage\",\"@id\":\"https:\\\/\\\/www.materialpoolbern.ch\\\/material\\\/beispiel-buehne-h80-150cm\\\/\",\"url\":\"https:\\\/\\\/www.materialpoolbern.ch\\\/material\\\/beispiel-buehne-h80-150cm\\\/\",\"name\":\"Beispiel B\u00fchne h80-150cm - Materialpool Bern\",\"isPartOf\":{\"@id\":\"https:\\\/\\\/www.materialpoolbern.ch\\\/#website\"},\"primaryImageOfPage\":{\"@id\":\"https:\\\/\\\/www.materialpoolbern.ch\\\/material\\\/beispiel-buehne-h80-150cm\\\/#primaryimage\"},\"image\":{\"@id\":\"https:\\\/\\\/www.materialpoolbern.ch\\\/material\\\/beispiel-buehne-h80-150cm\\\/#primaryimage\"},\"thumbnailUrl\":\"https:\\\/\\\/www.materialpoolbern.ch\\\/wp-content\\\/uploads\\\/2022\\\/12\\\/stacco80.jpg\",\"datePublished\":\"2022-12-30T10:06:59+00:00\",\"dateModified\":\"2026-04-13T13:54:53+00:00\",\"description\":\"Element 2.5 x 2.5m, max. 7.5 x 10m - B\u00fchne h 80 - 150cm | fran\u00e7.: \u00e9l\u00e9ments de 2.5 x 2.5m, max. 7.5 x 10m - sc\u00e8ne h 80 - 150cm\",\"breadcrumb\":{\"@id\":\"https:\\\/\\\/www.materialpoolbern.ch\\\/material\\\/beispiel-buehne-h80-150cm\\\/#breadcrumb\"},\"inLanguage\":\"fr-FR\",\"potentialAction\":[{\"@type\":\"ReadAction\",\"target\":[\"https:\\\/\\\/www.materialpoolbern.ch\\\/material\\\/beispiel-buehne-h80-150cm\\\/\"]}]},{\"@type\":\"ImageObject\",\"inLanguage\":\"fr-FR\",\"@id\":\"https:\\\/\\\/www.materialpoolbern.ch\\\/material\\\/beispiel-buehne-h80-150cm\\\/#primaryimage\",\"url\":\"https:\\\/\\\/www.materialpoolbern.ch\\\/wp-content\\\/uploads\\\/2022\\\/12\\\/stacco80.jpg\",\"contentUrl\":\"https:\\\/\\\/www.materialpoolbern.ch\\\/wp-content\\\/uploads\\\/2022\\\/12\\\/stacco80.jpg\",\"width\":500,\"height\":417},{\"@type\":\"BreadcrumbList\",\"@id\":\"https:\\\/\\\/www.materialpoolbern.ch\\\/material\\\/beispiel-buehne-h80-150cm\\\/#breadcrumb\",\"itemListElement\":[{\"@type\":\"ListItem\",\"position\":1,\"name\":\"Startseite\",\"item\":\"https:\\\/\\\/www.materialpoolbern.ch\\\/\"},{\"@type\":\"ListItem\",\"position\":2,\"name\":\"Material\",\"item\":\"https:\\\/\\\/www.materialpoolbern.ch\\\/material\\\/\"},{\"@type\":\"ListItem\",\"position\":3,\"name\":\"Beispiel B\u00fchne h80-150cm\"}]},{\"@type\":\"WebSite\",\"@id\":\"https:\\\/\\\/www.materialpoolbern.ch\\\/#website\",\"url\":\"https:\\\/\\\/www.materialpoolbern.ch\\\/\",\"name\":\"Materialpool Bern\",\"description\":\"Material f\u00fcr Kulturschaffende\",\"publisher\":{\"@id\":\"https:\\\/\\\/www.materialpoolbern.ch\\\/#organization\"},\"potentialAction\":[{\"@type\":\"SearchAction\",\"target\":{\"@type\":\"EntryPoint\",\"urlTemplate\":\"https:\\\/\\\/www.materialpoolbern.ch\\\/?s={search_term_string}\"},\"query-input\":{\"@type\":\"PropertyValueSpecification\",\"valueRequired\":true,\"valueName\":\"search_term_string\"}}],\"inLanguage\":\"fr-FR\"},{\"@type\":\"Organization\",\"@id\":\"https:\\\/\\\/www.materialpoolbern.ch\\\/#organization\",\"name\":\"Materialpool Bern\",\"url\":\"https:\\\/\\\/www.materialpoolbern.ch\\\/\",\"logo\":{\"@type\":\"ImageObject\",\"inLanguage\":\"fr-FR\",\"@id\":\"https:\\\/\\\/www.materialpoolbern.ch\\\/#\\\/schema\\\/logo\\\/image\\\/\",\"url\":\"https:\\\/\\\/www.materialpoolbern.ch\\\/wp-content\\\/uploads\\\/2019\\\/11\\\/Logo_materialpool.png\",\"contentUrl\":\"https:\\\/\\\/www.materialpoolbern.ch\\\/wp-content\\\/uploads\\\/2019\\\/11\\\/Logo_materialpool.png\",\"width\":758,\"height\":295,\"caption\":\"Materialpool Bern\"},\"image\":{\"@id\":\"https:\\\/\\\/www.materialpoolbern.ch\\\/#\\\/schema\\\/logo\\\/image\\\/\"}}]}<\/script>\n<!-- \/ Yoast SEO plugin. -->","yoast_head_json":{"title":"Beispiel B\u00fchne h80-150cm - Materialpool Bern","description":"Element 2.5 x 2.5m, max. 7.5 x 10m - B\u00fchne h 80 - 150cm | fran\u00e7.: \u00e9l\u00e9ments de 2.5 x 2.5m, max. 7.5 x 10m - sc\u00e8ne h 80 - 150cm","robots":{"index":"index","follow":"follow","max-snippet":"max-snippet:-1","max-image-preview":"max-image-preview:large","max-video-preview":"max-video-preview:-1"},"canonical":"https:\/\/www.materialpoolbern.ch\/fr\/materiaux\/beispiel-buehne-h80-150cm\/","og_locale":"fr_FR","og_type":"article","og_title":"Beispiel B\u00fchne h80-150cm - Materialpool Bern","og_description":"Element 2.5 x 2.5m, max. 7.5 x 10m - B\u00fchne h 80 - 150cm | fran\u00e7.: \u00e9l\u00e9ments de 2.5 x 2.5m, max. 7.5 x 10m - sc\u00e8ne h 80 - 150cm","og_url":"https:\/\/www.materialpoolbern.ch\/fr\/materiaux\/beispiel-buehne-h80-150cm\/","og_site_name":"Materialpool Bern","article_modified_time":"2026-04-13T13:54:53+00:00","og_image":[{"width":500,"height":417,"url":"https:\/\/www.materialpoolbern.ch\/wp-content\/uploads\/2022\/12\/stacco80.jpg","type":"image\/jpeg"}],"twitter_card":"summary_large_image","schema":{"@context":"https:\/\/schema.org","@graph":[{"@type":"WebPage","@id":"https:\/\/www.materialpoolbern.ch\/material\/beispiel-buehne-h80-150cm\/","url":"https:\/\/www.materialpoolbern.ch\/material\/beispiel-buehne-h80-150cm\/","name":"Beispiel B\u00fchne h80-150cm - Materialpool Bern","isPartOf":{"@id":"https:\/\/www.materialpoolbern.ch\/#website"},"primaryImageOfPage":{"@id":"https:\/\/www.materialpoolbern.ch\/material\/beispiel-buehne-h80-150cm\/#primaryimage"},"image":{"@id":"https:\/\/www.materialpoolbern.ch\/material\/beispiel-buehne-h80-150cm\/#primaryimage"},"thumbnailUrl":"https:\/\/www.materialpoolbern.ch\/wp-content\/uploads\/2022\/12\/stacco80.jpg","datePublished":"2022-12-30T10:06:59+00:00","dateModified":"2026-04-13T13:54:53+00:00","description":"Element 2.5 x 2.5m, max. 7.5 x 10m - B\u00fchne h 80 - 150cm | fran\u00e7.: \u00e9l\u00e9ments de 2.5 x 2.5m, max. 7.5 x 10m - sc\u00e8ne h 80 - 150cm","breadcrumb":{"@id":"https:\/\/www.materialpoolbern.ch\/material\/beispiel-buehne-h80-150cm\/#breadcrumb"},"inLanguage":"fr-FR","potentialAction":[{"@type":"ReadAction","target":["https:\/\/www.materialpoolbern.ch\/material\/beispiel-buehne-h80-150cm\/"]}]},{"@type":"ImageObject","inLanguage":"fr-FR","@id":"https:\/\/www.materialpoolbern.ch\/material\/beispiel-buehne-h80-150cm\/#primaryimage","url":"https:\/\/www.materialpoolbern.ch\/wp-content\/uploads\/2022\/12\/stacco80.jpg","contentUrl":"https:\/\/www.materialpoolbern.ch\/wp-content\/uploads\/2022\/12\/stacco80.jpg","width":500,"height":417},{"@type":"BreadcrumbList","@id":"https:\/\/www.materialpoolbern.ch\/material\/beispiel-buehne-h80-150cm\/#breadcrumb","itemListElement":[{"@type":"ListItem","position":1,"name":"Startseite","item":"https:\/\/www.materialpoolbern.ch\/"},{"@type":"ListItem","position":2,"name":"Material","item":"https:\/\/www.materialpoolbern.ch\/material\/"},{"@type":"ListItem","position":3,"name":"Beispiel B\u00fchne h80-150cm"}]},{"@type":"WebSite","@id":"https:\/\/www.materialpoolbern.ch\/#website","url":"https:\/\/www.materialpoolbern.ch\/","name":"Pool De Mat\u00e9riel Berne","description":"Mat\u00e9riel pour les professionnels de la culture","publisher":{"@id":"https:\/\/www.materialpoolbern.ch\/#organization"},"potentialAction":[{"@type":"SearchAction","target":{"@type":"EntryPoint","urlTemplate":"https:\/\/www.materialpoolbern.ch\/?s={search_term_string}"},"query-input":{"@type":"PropertyValueSpecification","valueRequired":true,"valueName":"search_term_string"}}],"inLanguage":"fr-FR"},{"@type":"Organization","@id":"https:\/\/www.materialpoolbern.ch\/#organization","name":"Pool De Mat\u00e9riel Berne","url":"https:\/\/www.materialpoolbern.ch\/","logo":{"@type":"ImageObject","inLanguage":"fr-FR","@id":"https:\/\/www.materialpoolbern.ch\/#\/schema\/logo\/image\/","url":"https:\/\/www.materialpoolbern.ch\/wp-content\/uploads\/2019\/11\/Logo_materialpool.png","contentUrl":"https:\/\/www.materialpoolbern.ch\/wp-content\/uploads\/2019\/11\/Logo_materialpool.png","width":758,"height":295,"caption":"Materialpool Bern"},"image":{"@id":"https:\/\/www.materialpoolbern.ch\/#\/schema\/logo\/image\/"}}]}},"_links":{"self":[{"href":"https:\/\/www.materialpoolbern.ch\/fr\/wp-json\/wp\/v2\/product\/12388","targetHints":{"allow":["GET"]}}],"collection":[{"href":"https:\/\/www.materialpoolbern.ch\/fr\/wp-json\/wp\/v2\/product"}],"about":[{"href":"https:\/\/www.materialpoolbern.ch\/fr\/wp-json\/wp\/v2\/types\/product"}],"wp:featuredmedia":[{"embeddable":true,"href":"https:\/\/www.materialpoolbern.ch\/fr\/wp-json\/wp\/v2\/media\/14292"}],"wp:attachment":[{"href":"https:\/\/www.materialpoolbern.ch\/fr\/wp-json\/wp\/v2\/media?parent=12388"}],"wp:term":[{"taxonomy":"product_brand","embeddable":true,"href":"https:\/\/www.materialpoolbern.ch\/fr\/wp-json\/wp\/v2\/product_brand?post=12388"},{"taxonomy":"product_cat","embeddable":true,"href":"https:\/\/www.materialpoolbern.ch\/fr\/wp-json\/wp\/v2\/product_cat?post=12388"},{"taxonomy":"product_tag","embeddable":true,"href":"https:\/\/www.materialpoolbern.ch\/fr\/wp-json\/wp\/v2\/product_tag?post=12388"}],"curies":[{"name":"wp","href":"https:\/\/api.w.org\/{rel}","templated":true}]}}