{"id":12472,"date":"2022-12-30T11:06:59","date_gmt":"2022-12-30T10:06:59","guid":{"rendered":"https:\/\/www.materialpoolbern.ch\/material\/unkategorisiert\/source-4wrd-retrofit-etc-profilscheinwerfer\/"},"modified":"2026-04-13T15:55:03","modified_gmt":"2026-04-13T13:55:03","slug":"etc-source-4wrd-led","status":"publish","type":"product","link":"https:\/\/www.materialpoolbern.ch\/fr\/material\/etc-source-4wrd-led\/","title":{"rendered":"ETC Source 4WRD LED"},"content":{"rendered":"<p>\u00a0<\/p>\n<p>\u00a0<\/p>\n<p>T13 Stecker<\/p>\n<p>DMX IN \/ OUT 2x RJ45 auf 5pin XLT male\/female<\/p>\n<p>ETC Source 4WRD LED (Watt Reduction Device) ist ein Ersatz f\u00fcr eine Standard-Source-Four-Brenner-Baugruppe, wodurch die HPL-Lichtquelle in eine White-Light-LED umgewandelt wird. Der einfache und schnelle Umbau ist zerst\u00f6rungsfrei und dauert weniger als eine Minute (in den meisten F\u00e4llen kann er sogar durchgef\u00fchrt werden, ohne den Fokus des Ger\u00e4ts zu \u00e4ndern). Source 4WRD LED kann \u00fcber DMX gedimmt werden. Entworfen, um jeden Source Four auf LED umzur\u00fcsten (nicht f\u00fcr Source Four PAR \/ Nel Fresnel oder JR). Die Ausgangsleistung ist ebenso hell oder heller als bei einer 575 W HPL-Lampe bei l\u00e4ngerer Lebensdauer, geringeren Energiekosten, geringer W\u00e4rmeabgabe und unter Wegfall des Lampenwechsels.<\/p>","protected":false},"excerpt":{"rendered":"<p>ETC Source 4WRD LED<\/p>\n<p>inklusive Tubus Source Four Zoom 25\/50 oder 15\/30<\/p>\n<p>LED Retrofit Brenner, weiss<\/p>\n<p>Kann via DMX angesteuert werden<\/p>\n<p>Standalone Betrieb m\u00f6glich<\/p>\n<p>Brenner kompatibel mit ETC Source Four Profiler-, ParNel- und Par (G2)- Geh\u00e4use<\/p>","protected":false},"featured_media":15563,"template":"","meta":[],"product_brand":[],"product_cat":[13193],"product_tag":[],"class_list":{"0":"post-12472","1":"product","2":"type-product","3":"status-publish","4":"has-post-thumbnail","6":"product_cat-led","8":"first","9":"instock","10":"featured","11":"shipping-taxable","12":"product-type-rentable"},"yoast_head":"<!-- This site is optimized with the Yoast SEO plugin v27.4 - https:\/\/yoast.com\/product\/yoast-seo-wordpress\/ -->\n<title>Source 4WRD Retrofit - ETC Profilscheinwerfer - Materialpool Bern<\/title>\n<meta name=\"description\" content=\"Source 4WRD Retrofit - ETC Profilscheinwerfer\" \/>\n<meta name=\"robots\" content=\"index, follow, max-snippet:-1, max-image-preview:large, max-video-preview:-1\" \/>\n<link rel=\"canonical\" href=\"https:\/\/www.materialpoolbern.ch\/fr\/materiaux\/etc-source-4wrd-led\/\" \/>\n<meta property=\"og:locale\" content=\"fr_FR\" \/>\n<meta property=\"og:type\" content=\"article\" \/>\n<meta property=\"og:title\" content=\"Source 4WRD Retrofit - ETC Profilscheinwerfer - Materialpool Bern\" \/>\n<meta property=\"og:description\" content=\"Source 4WRD Retrofit - ETC Profilscheinwerfer\" \/>\n<meta property=\"og:url\" content=\"https:\/\/www.materialpoolbern.ch\/fr\/materiaux\/etc-source-4wrd-led\/\" \/>\n<meta property=\"og:site_name\" content=\"Materialpool Bern\" \/>\n<meta property=\"article:modified_time\" content=\"2026-04-13T13:55:03+00:00\" \/>\n<meta property=\"og:image\" content=\"https:\/\/www.materialpoolbern.ch\/wp-content\/uploads\/2022\/12\/S4WRDColor-750x500-1.jpg\" \/>\n\t<meta property=\"og:image:width\" content=\"750\" \/>\n\t<meta property=\"og:image:height\" content=\"500\" \/>\n\t<meta property=\"og:image:type\" content=\"image\/jpeg\" \/>\n<meta name=\"twitter:card\" content=\"summary_large_image\" \/>\n<meta name=\"twitter:label1\" content=\"Dur\u00e9e de lecture estim\u00e9e\" \/>\n\t<meta name=\"twitter:data1\" content=\"1 minute\" \/>\n<script type=\"application\/ld+json\" class=\"yoast-schema-graph\">{\"@context\":\"https:\\\/\\\/schema.org\",\"@graph\":[{\"@type\":\"WebPage\",\"@id\":\"https:\\\/\\\/www.materialpoolbern.ch\\\/material\\\/etc-source-4wrd-led\\\/\",\"url\":\"https:\\\/\\\/www.materialpoolbern.ch\\\/material\\\/etc-source-4wrd-led\\\/\",\"name\":\"Source 4WRD Retrofit - ETC Profilscheinwerfer - Materialpool Bern\",\"isPartOf\":{\"@id\":\"https:\\\/\\\/www.materialpoolbern.ch\\\/#website\"},\"primaryImageOfPage\":{\"@id\":\"https:\\\/\\\/www.materialpoolbern.ch\\\/material\\\/etc-source-4wrd-led\\\/#primaryimage\"},\"image\":{\"@id\":\"https:\\\/\\\/www.materialpoolbern.ch\\\/material\\\/etc-source-4wrd-led\\\/#primaryimage\"},\"thumbnailUrl\":\"https:\\\/\\\/www.materialpoolbern.ch\\\/wp-content\\\/uploads\\\/2022\\\/12\\\/S4WRDColor-750x500-1.jpg\",\"datePublished\":\"2022-12-30T10:06:59+00:00\",\"dateModified\":\"2026-04-13T13:55:03+00:00\",\"description\":\"Source 4WRD Retrofit - ETC Profilscheinwerfer\",\"breadcrumb\":{\"@id\":\"https:\\\/\\\/www.materialpoolbern.ch\\\/material\\\/etc-source-4wrd-led\\\/#breadcrumb\"},\"inLanguage\":\"fr-FR\",\"potentialAction\":[{\"@type\":\"ReadAction\",\"target\":[\"https:\\\/\\\/www.materialpoolbern.ch\\\/material\\\/etc-source-4wrd-led\\\/\"]}]},{\"@type\":\"ImageObject\",\"inLanguage\":\"fr-FR\",\"@id\":\"https:\\\/\\\/www.materialpoolbern.ch\\\/material\\\/etc-source-4wrd-led\\\/#primaryimage\",\"url\":\"https:\\\/\\\/www.materialpoolbern.ch\\\/wp-content\\\/uploads\\\/2022\\\/12\\\/S4WRDColor-750x500-1.jpg\",\"contentUrl\":\"https:\\\/\\\/www.materialpoolbern.ch\\\/wp-content\\\/uploads\\\/2022\\\/12\\\/S4WRDColor-750x500-1.jpg\",\"width\":750,\"height\":500},{\"@type\":\"BreadcrumbList\",\"@id\":\"https:\\\/\\\/www.materialpoolbern.ch\\\/material\\\/etc-source-4wrd-led\\\/#breadcrumb\",\"itemListElement\":[{\"@type\":\"ListItem\",\"position\":1,\"name\":\"Startseite\",\"item\":\"https:\\\/\\\/www.materialpoolbern.ch\\\/\"},{\"@type\":\"ListItem\",\"position\":2,\"name\":\"Material\",\"item\":\"https:\\\/\\\/www.materialpoolbern.ch\\\/material\\\/\"},{\"@type\":\"ListItem\",\"position\":3,\"name\":\"ETC Source 4WRD LED\"}]},{\"@type\":\"WebSite\",\"@id\":\"https:\\\/\\\/www.materialpoolbern.ch\\\/#website\",\"url\":\"https:\\\/\\\/www.materialpoolbern.ch\\\/\",\"name\":\"Materialpool Bern\",\"description\":\"Material f\u00fcr Kulturschaffende\",\"publisher\":{\"@id\":\"https:\\\/\\\/www.materialpoolbern.ch\\\/#organization\"},\"potentialAction\":[{\"@type\":\"SearchAction\",\"target\":{\"@type\":\"EntryPoint\",\"urlTemplate\":\"https:\\\/\\\/www.materialpoolbern.ch\\\/?s={search_term_string}\"},\"query-input\":{\"@type\":\"PropertyValueSpecification\",\"valueRequired\":true,\"valueName\":\"search_term_string\"}}],\"inLanguage\":\"fr-FR\"},{\"@type\":\"Organization\",\"@id\":\"https:\\\/\\\/www.materialpoolbern.ch\\\/#organization\",\"name\":\"Materialpool Bern\",\"url\":\"https:\\\/\\\/www.materialpoolbern.ch\\\/\",\"logo\":{\"@type\":\"ImageObject\",\"inLanguage\":\"fr-FR\",\"@id\":\"https:\\\/\\\/www.materialpoolbern.ch\\\/#\\\/schema\\\/logo\\\/image\\\/\",\"url\":\"https:\\\/\\\/www.materialpoolbern.ch\\\/wp-content\\\/uploads\\\/2019\\\/11\\\/Logo_materialpool.png\",\"contentUrl\":\"https:\\\/\\\/www.materialpoolbern.ch\\\/wp-content\\\/uploads\\\/2019\\\/11\\\/Logo_materialpool.png\",\"width\":758,\"height\":295,\"caption\":\"Materialpool Bern\"},\"image\":{\"@id\":\"https:\\\/\\\/www.materialpoolbern.ch\\\/#\\\/schema\\\/logo\\\/image\\\/\"}}]}<\/script>\n<!-- \/ Yoast SEO plugin. -->","yoast_head_json":{"title":"Source 4WRD Retrofit - ETC Profilscheinwerfer - Materialpool Bern","description":"Source 4WRD Retrofit - ETC Profilscheinwerfer","robots":{"index":"index","follow":"follow","max-snippet":"max-snippet:-1","max-image-preview":"max-image-preview:large","max-video-preview":"max-video-preview:-1"},"canonical":"https:\/\/www.materialpoolbern.ch\/fr\/materiaux\/etc-source-4wrd-led\/","og_locale":"fr_FR","og_type":"article","og_title":"Source 4WRD Retrofit - ETC Profilscheinwerfer - Materialpool Bern","og_description":"Source 4WRD Retrofit - ETC Profilscheinwerfer","og_url":"https:\/\/www.materialpoolbern.ch\/fr\/materiaux\/etc-source-4wrd-led\/","og_site_name":"Materialpool Bern","article_modified_time":"2026-04-13T13:55:03+00:00","og_image":[{"width":750,"height":500,"url":"https:\/\/www.materialpoolbern.ch\/wp-content\/uploads\/2022\/12\/S4WRDColor-750x500-1.jpg","type":"image\/jpeg"}],"twitter_card":"summary_large_image","twitter_misc":{"Dur\u00e9e de lecture estim\u00e9e":"1 minute"},"schema":{"@context":"https:\/\/schema.org","@graph":[{"@type":"WebPage","@id":"https:\/\/www.materialpoolbern.ch\/material\/etc-source-4wrd-led\/","url":"https:\/\/www.materialpoolbern.ch\/material\/etc-source-4wrd-led\/","name":"Source 4WRD Retrofit - ETC Profilscheinwerfer - Materialpool Bern","isPartOf":{"@id":"https:\/\/www.materialpoolbern.ch\/#website"},"primaryImageOfPage":{"@id":"https:\/\/www.materialpoolbern.ch\/material\/etc-source-4wrd-led\/#primaryimage"},"image":{"@id":"https:\/\/www.materialpoolbern.ch\/material\/etc-source-4wrd-led\/#primaryimage"},"thumbnailUrl":"https:\/\/www.materialpoolbern.ch\/wp-content\/uploads\/2022\/12\/S4WRDColor-750x500-1.jpg","datePublished":"2022-12-30T10:06:59+00:00","dateModified":"2026-04-13T13:55:03+00:00","description":"Source 4WRD Retrofit - ETC Profilscheinwerfer","breadcrumb":{"@id":"https:\/\/www.materialpoolbern.ch\/material\/etc-source-4wrd-led\/#breadcrumb"},"inLanguage":"fr-FR","potentialAction":[{"@type":"ReadAction","target":["https:\/\/www.materialpoolbern.ch\/material\/etc-source-4wrd-led\/"]}]},{"@type":"ImageObject","inLanguage":"fr-FR","@id":"https:\/\/www.materialpoolbern.ch\/material\/etc-source-4wrd-led\/#primaryimage","url":"https:\/\/www.materialpoolbern.ch\/wp-content\/uploads\/2022\/12\/S4WRDColor-750x500-1.jpg","contentUrl":"https:\/\/www.materialpoolbern.ch\/wp-content\/uploads\/2022\/12\/S4WRDColor-750x500-1.jpg","width":750,"height":500},{"@type":"BreadcrumbList","@id":"https:\/\/www.materialpoolbern.ch\/material\/etc-source-4wrd-led\/#breadcrumb","itemListElement":[{"@type":"ListItem","position":1,"name":"Startseite","item":"https:\/\/www.materialpoolbern.ch\/"},{"@type":"ListItem","position":2,"name":"Material","item":"https:\/\/www.materialpoolbern.ch\/material\/"},{"@type":"ListItem","position":3,"name":"ETC Source 4WRD LED"}]},{"@type":"WebSite","@id":"https:\/\/www.materialpoolbern.ch\/#website","url":"https:\/\/www.materialpoolbern.ch\/","name":"Pool De Mat\u00e9riel Berne","description":"Mat\u00e9riel pour les professionnels de la culture","publisher":{"@id":"https:\/\/www.materialpoolbern.ch\/#organization"},"potentialAction":[{"@type":"SearchAction","target":{"@type":"EntryPoint","urlTemplate":"https:\/\/www.materialpoolbern.ch\/?s={search_term_string}"},"query-input":{"@type":"PropertyValueSpecification","valueRequired":true,"valueName":"search_term_string"}}],"inLanguage":"fr-FR"},{"@type":"Organization","@id":"https:\/\/www.materialpoolbern.ch\/#organization","name":"Pool De Mat\u00e9riel Berne","url":"https:\/\/www.materialpoolbern.ch\/","logo":{"@type":"ImageObject","inLanguage":"fr-FR","@id":"https:\/\/www.materialpoolbern.ch\/#\/schema\/logo\/image\/","url":"https:\/\/www.materialpoolbern.ch\/wp-content\/uploads\/2019\/11\/Logo_materialpool.png","contentUrl":"https:\/\/www.materialpoolbern.ch\/wp-content\/uploads\/2019\/11\/Logo_materialpool.png","width":758,"height":295,"caption":"Materialpool Bern"},"image":{"@id":"https:\/\/www.materialpoolbern.ch\/#\/schema\/logo\/image\/"}}]}},"_links":{"self":[{"href":"https:\/\/www.materialpoolbern.ch\/fr\/wp-json\/wp\/v2\/product\/12472","targetHints":{"allow":["GET"]}}],"collection":[{"href":"https:\/\/www.materialpoolbern.ch\/fr\/wp-json\/wp\/v2\/product"}],"about":[{"href":"https:\/\/www.materialpoolbern.ch\/fr\/wp-json\/wp\/v2\/types\/product"}],"wp:featuredmedia":[{"embeddable":true,"href":"https:\/\/www.materialpoolbern.ch\/fr\/wp-json\/wp\/v2\/media\/15563"}],"wp:attachment":[{"href":"https:\/\/www.materialpoolbern.ch\/fr\/wp-json\/wp\/v2\/media?parent=12472"}],"wp:term":[{"taxonomy":"product_brand","embeddable":true,"href":"https:\/\/www.materialpoolbern.ch\/fr\/wp-json\/wp\/v2\/product_brand?post=12472"},{"taxonomy":"product_cat","embeddable":true,"href":"https:\/\/www.materialpoolbern.ch\/fr\/wp-json\/wp\/v2\/product_cat?post=12472"},{"taxonomy":"product_tag","embeddable":true,"href":"https:\/\/www.materialpoolbern.ch\/fr\/wp-json\/wp\/v2\/product_tag?post=12472"}],"curies":[{"name":"wp","href":"https:\/\/api.w.org\/{rel}","templated":true}]}}