{"id":13386,"date":"2022-12-30T11:07:00","date_gmt":"2022-12-30T10:07:00","guid":{"rendered":"https:\/\/www.materialpoolbern.ch\/material\/unkategorisiert\/km-20811-mikrofonstativ-hoch\/"},"modified":"2026-04-13T15:55:06","modified_gmt":"2026-04-13T13:55:06","slug":"km-pied-de-micro-haut-20811","status":"publish","type":"product","link":"https:\/\/www.materialpoolbern.ch\/fr\/material\/km-mikrofonstativ-hoch-20811\/","title":{"rendered":"K&amp;M Pied de micro haut 20811"},"content":{"rendered":"<p>Micro-tr\u00e9pied pouvant s'\u00e9tendre jusqu'\u00e0 plus de 4 m gr\u00e2ce \u00e0 la combinaison de tubes \u00e0 deux niveaux. Il est donc id\u00e9al pour les enregistrements d'orgue et de ch\u0153ur. Le blocage s'effectue \u00e0 l'aide d'une bague de s\u00e9curit\u00e9 suppl\u00e9mentaire pour un maintien stable. Tube d'extension avec raccord filet\u00e9 1\/2\u2033. Le tr\u00e9pied peut \u00eatre combin\u00e9 de mani\u00e8re optimale avec le bras pivotant 21231.<\/p>\n<p>poids : 9,94 kg, hauteur : 1800\/4400 mm<\/p>","protected":false},"excerpt":{"rendered":"<p>K&amp;M 20811 \/ Pied de micro haut<\/p>","protected":false},"featured_media":14378,"template":"","meta":[],"product_brand":[],"product_cat":[13646],"product_tag":[],"class_list":{"0":"post-13386","1":"product","2":"type-product","3":"status-publish","4":"has-post-thumbnail","6":"product_cat-audio-stative","8":"first","9":"instock","10":"featured","11":"shipping-taxable","12":"product-type-rentable"},"yoast_head":"<!-- This site is optimized with the Yoast SEO plugin v27.4 - https:\/\/yoast.com\/product\/yoast-seo-wordpress\/ -->\n<title>K&amp;M 20811 \/ Mikrofonstativ hoch - Materialpool Bern<\/title>\n<meta name=\"description\" content=\"K&amp;M 20811 \/ Mikrofonstativ hoch\" \/>\n<meta name=\"robots\" content=\"index, follow, max-snippet:-1, max-image-preview:large, max-video-preview:-1\" \/>\n<link rel=\"canonical\" href=\"https:\/\/www.materialpoolbern.ch\/fr\/materiaux\/km-pied-de-micro-haut-20811\/\" \/>\n<meta property=\"og:locale\" content=\"fr_FR\" \/>\n<meta property=\"og:type\" content=\"article\" \/>\n<meta property=\"og:title\" content=\"K&amp;M 20811 \/ Mikrofonstativ hoch - Materialpool Bern\" \/>\n<meta property=\"og:description\" content=\"K&amp;M 20811 \/ Mikrofonstativ hoch\" \/>\n<meta property=\"og:url\" content=\"https:\/\/www.materialpoolbern.ch\/fr\/materiaux\/km-pied-de-micro-haut-20811\/\" \/>\n<meta property=\"og:site_name\" content=\"Materialpool Bern\" \/>\n<meta property=\"article:modified_time\" content=\"2026-04-13T13:55:06+00:00\" \/>\n<meta property=\"og:image\" content=\"https:\/\/www.materialpoolbern.ch\/wp-content\/uploads\/2022\/12\/8094227_800.jpg\" \/>\n\t<meta property=\"og:image:width\" content=\"600\" \/>\n\t<meta property=\"og:image:height\" content=\"600\" \/>\n\t<meta property=\"og:image:type\" content=\"image\/jpeg\" \/>\n<meta name=\"twitter:card\" content=\"summary_large_image\" \/>\n<script type=\"application\/ld+json\" class=\"yoast-schema-graph\">{\"@context\":\"https:\\\/\\\/schema.org\",\"@graph\":[{\"@type\":\"WebPage\",\"@id\":\"https:\\\/\\\/www.materialpoolbern.ch\\\/material\\\/km-mikrofonstativ-hoch-20811\\\/\",\"url\":\"https:\\\/\\\/www.materialpoolbern.ch\\\/material\\\/km-mikrofonstativ-hoch-20811\\\/\",\"name\":\"K&M 20811 \\\/ Mikrofonstativ hoch - Materialpool Bern\",\"isPartOf\":{\"@id\":\"https:\\\/\\\/www.materialpoolbern.ch\\\/#website\"},\"primaryImageOfPage\":{\"@id\":\"https:\\\/\\\/www.materialpoolbern.ch\\\/material\\\/km-mikrofonstativ-hoch-20811\\\/#primaryimage\"},\"image\":{\"@id\":\"https:\\\/\\\/www.materialpoolbern.ch\\\/material\\\/km-mikrofonstativ-hoch-20811\\\/#primaryimage\"},\"thumbnailUrl\":\"https:\\\/\\\/www.materialpoolbern.ch\\\/wp-content\\\/uploads\\\/2022\\\/12\\\/8094227_800.jpg\",\"datePublished\":\"2022-12-30T10:07:00+00:00\",\"dateModified\":\"2026-04-13T13:55:06+00:00\",\"description\":\"K&M 20811 \\\/ Mikrofonstativ hoch\",\"breadcrumb\":{\"@id\":\"https:\\\/\\\/www.materialpoolbern.ch\\\/material\\\/km-mikrofonstativ-hoch-20811\\\/#breadcrumb\"},\"inLanguage\":\"fr-FR\",\"potentialAction\":[{\"@type\":\"ReadAction\",\"target\":[\"https:\\\/\\\/www.materialpoolbern.ch\\\/material\\\/km-mikrofonstativ-hoch-20811\\\/\"]}]},{\"@type\":\"ImageObject\",\"inLanguage\":\"fr-FR\",\"@id\":\"https:\\\/\\\/www.materialpoolbern.ch\\\/material\\\/km-mikrofonstativ-hoch-20811\\\/#primaryimage\",\"url\":\"https:\\\/\\\/www.materialpoolbern.ch\\\/wp-content\\\/uploads\\\/2022\\\/12\\\/8094227_800.jpg\",\"contentUrl\":\"https:\\\/\\\/www.materialpoolbern.ch\\\/wp-content\\\/uploads\\\/2022\\\/12\\\/8094227_800.jpg\",\"width\":600,\"height\":600},{\"@type\":\"BreadcrumbList\",\"@id\":\"https:\\\/\\\/www.materialpoolbern.ch\\\/material\\\/km-mikrofonstativ-hoch-20811\\\/#breadcrumb\",\"itemListElement\":[{\"@type\":\"ListItem\",\"position\":1,\"name\":\"Startseite\",\"item\":\"https:\\\/\\\/www.materialpoolbern.ch\\\/\"},{\"@type\":\"ListItem\",\"position\":2,\"name\":\"Material\",\"item\":\"https:\\\/\\\/www.materialpoolbern.ch\\\/material\\\/\"},{\"@type\":\"ListItem\",\"position\":3,\"name\":\"K&#038;M Mikrofonstativ hoch 20811\"}]},{\"@type\":\"WebSite\",\"@id\":\"https:\\\/\\\/www.materialpoolbern.ch\\\/#website\",\"url\":\"https:\\\/\\\/www.materialpoolbern.ch\\\/\",\"name\":\"Materialpool Bern\",\"description\":\"Material f\u00fcr Kulturschaffende\",\"publisher\":{\"@id\":\"https:\\\/\\\/www.materialpoolbern.ch\\\/#organization\"},\"potentialAction\":[{\"@type\":\"SearchAction\",\"target\":{\"@type\":\"EntryPoint\",\"urlTemplate\":\"https:\\\/\\\/www.materialpoolbern.ch\\\/?s={search_term_string}\"},\"query-input\":{\"@type\":\"PropertyValueSpecification\",\"valueRequired\":true,\"valueName\":\"search_term_string\"}}],\"inLanguage\":\"fr-FR\"},{\"@type\":\"Organization\",\"@id\":\"https:\\\/\\\/www.materialpoolbern.ch\\\/#organization\",\"name\":\"Materialpool Bern\",\"url\":\"https:\\\/\\\/www.materialpoolbern.ch\\\/\",\"logo\":{\"@type\":\"ImageObject\",\"inLanguage\":\"fr-FR\",\"@id\":\"https:\\\/\\\/www.materialpoolbern.ch\\\/#\\\/schema\\\/logo\\\/image\\\/\",\"url\":\"https:\\\/\\\/www.materialpoolbern.ch\\\/wp-content\\\/uploads\\\/2019\\\/11\\\/Logo_materialpool.png\",\"contentUrl\":\"https:\\\/\\\/www.materialpoolbern.ch\\\/wp-content\\\/uploads\\\/2019\\\/11\\\/Logo_materialpool.png\",\"width\":758,\"height\":295,\"caption\":\"Materialpool Bern\"},\"image\":{\"@id\":\"https:\\\/\\\/www.materialpoolbern.ch\\\/#\\\/schema\\\/logo\\\/image\\\/\"}}]}<\/script>\n<!-- \/ Yoast SEO plugin. -->","yoast_head_json":{"title":"K&amp;M 20811 \/ Pied de micro haut - Materialpool Bern","description":"K&amp;M 20811 \/ Pied de micro haut","robots":{"index":"index","follow":"follow","max-snippet":"max-snippet:-1","max-image-preview":"max-image-preview:large","max-video-preview":"max-video-preview:-1"},"canonical":"https:\/\/www.materialpoolbern.ch\/fr\/materiaux\/km-pied-de-micro-haut-20811\/","og_locale":"fr_FR","og_type":"article","og_title":"K&M 20811 \/ Mikrofonstativ hoch - Materialpool Bern","og_description":"K&M 20811 \/ Mikrofonstativ hoch","og_url":"https:\/\/www.materialpoolbern.ch\/fr\/materiaux\/km-pied-de-micro-haut-20811\/","og_site_name":"Materialpool Bern","article_modified_time":"2026-04-13T13:55:06+00:00","og_image":[{"width":600,"height":600,"url":"https:\/\/www.materialpoolbern.ch\/wp-content\/uploads\/2022\/12\/8094227_800.jpg","type":"image\/jpeg"}],"twitter_card":"summary_large_image","schema":{"@context":"https:\/\/schema.org","@graph":[{"@type":"WebPage","@id":"https:\/\/www.materialpoolbern.ch\/material\/km-mikrofonstativ-hoch-20811\/","url":"https:\/\/www.materialpoolbern.ch\/material\/km-mikrofonstativ-hoch-20811\/","name":"K&amp;M 20811 \/ Pied de micro haut - Materialpool Bern","isPartOf":{"@id":"https:\/\/www.materialpoolbern.ch\/#website"},"primaryImageOfPage":{"@id":"https:\/\/www.materialpoolbern.ch\/material\/km-mikrofonstativ-hoch-20811\/#primaryimage"},"image":{"@id":"https:\/\/www.materialpoolbern.ch\/material\/km-mikrofonstativ-hoch-20811\/#primaryimage"},"thumbnailUrl":"https:\/\/www.materialpoolbern.ch\/wp-content\/uploads\/2022\/12\/8094227_800.jpg","datePublished":"2022-12-30T10:07:00+00:00","dateModified":"2026-04-13T13:55:06+00:00","description":"K&amp;M 20811 \/ Pied de micro haut","breadcrumb":{"@id":"https:\/\/www.materialpoolbern.ch\/material\/km-mikrofonstativ-hoch-20811\/#breadcrumb"},"inLanguage":"fr-FR","potentialAction":[{"@type":"ReadAction","target":["https:\/\/www.materialpoolbern.ch\/material\/km-mikrofonstativ-hoch-20811\/"]}]},{"@type":"ImageObject","inLanguage":"fr-FR","@id":"https:\/\/www.materialpoolbern.ch\/material\/km-mikrofonstativ-hoch-20811\/#primaryimage","url":"https:\/\/www.materialpoolbern.ch\/wp-content\/uploads\/2022\/12\/8094227_800.jpg","contentUrl":"https:\/\/www.materialpoolbern.ch\/wp-content\/uploads\/2022\/12\/8094227_800.jpg","width":600,"height":600},{"@type":"BreadcrumbList","@id":"https:\/\/www.materialpoolbern.ch\/material\/km-mikrofonstativ-hoch-20811\/#breadcrumb","itemListElement":[{"@type":"ListItem","position":1,"name":"Startseite","item":"https:\/\/www.materialpoolbern.ch\/"},{"@type":"ListItem","position":2,"name":"Material","item":"https:\/\/www.materialpoolbern.ch\/material\/"},{"@type":"ListItem","position":3,"name":"K&#038;M Mikrofonstativ hoch 20811"}]},{"@type":"WebSite","@id":"https:\/\/www.materialpoolbern.ch\/#website","url":"https:\/\/www.materialpoolbern.ch\/","name":"Pool De Mat\u00e9riel Berne","description":"Mat\u00e9riel pour les professionnels de la culture","publisher":{"@id":"https:\/\/www.materialpoolbern.ch\/#organization"},"potentialAction":[{"@type":"SearchAction","target":{"@type":"EntryPoint","urlTemplate":"https:\/\/www.materialpoolbern.ch\/?s={search_term_string}"},"query-input":{"@type":"PropertyValueSpecification","valueRequired":true,"valueName":"search_term_string"}}],"inLanguage":"fr-FR"},{"@type":"Organization","@id":"https:\/\/www.materialpoolbern.ch\/#organization","name":"Pool De Mat\u00e9riel Berne","url":"https:\/\/www.materialpoolbern.ch\/","logo":{"@type":"ImageObject","inLanguage":"fr-FR","@id":"https:\/\/www.materialpoolbern.ch\/#\/schema\/logo\/image\/","url":"https:\/\/www.materialpoolbern.ch\/wp-content\/uploads\/2019\/11\/Logo_materialpool.png","contentUrl":"https:\/\/www.materialpoolbern.ch\/wp-content\/uploads\/2019\/11\/Logo_materialpool.png","width":758,"height":295,"caption":"Materialpool Bern"},"image":{"@id":"https:\/\/www.materialpoolbern.ch\/#\/schema\/logo\/image\/"}}]}},"_links":{"self":[{"href":"https:\/\/www.materialpoolbern.ch\/fr\/wp-json\/wp\/v2\/product\/13386","targetHints":{"allow":["GET"]}}],"collection":[{"href":"https:\/\/www.materialpoolbern.ch\/fr\/wp-json\/wp\/v2\/product"}],"about":[{"href":"https:\/\/www.materialpoolbern.ch\/fr\/wp-json\/wp\/v2\/types\/product"}],"wp:featuredmedia":[{"embeddable":true,"href":"https:\/\/www.materialpoolbern.ch\/fr\/wp-json\/wp\/v2\/media\/14378"}],"wp:attachment":[{"href":"https:\/\/www.materialpoolbern.ch\/fr\/wp-json\/wp\/v2\/media?parent=13386"}],"wp:term":[{"taxonomy":"product_brand","embeddable":true,"href":"https:\/\/www.materialpoolbern.ch\/fr\/wp-json\/wp\/v2\/product_brand?post=13386"},{"taxonomy":"product_cat","embeddable":true,"href":"https:\/\/www.materialpoolbern.ch\/fr\/wp-json\/wp\/v2\/product_cat?post=13386"},{"taxonomy":"product_tag","embeddable":true,"href":"https:\/\/www.materialpoolbern.ch\/fr\/wp-json\/wp\/v2\/product_tag?post=13386"}],"curies":[{"name":"wp","href":"https:\/\/api.w.org\/{rel}","templated":true}]}}