{"id":13454,"date":"2023-01-19T09:52:30","date_gmt":"2023-01-19T08:52:30","guid":{"rendered":"https:\/\/www.materialpoolbern.ch\/material\/unkategorisiert\/spotlight-fresnel-led-hyperion\/"},"modified":"2026-04-13T15:55:07","modified_gmt":"2026-04-13T13:55:07","slug":"spotlight-fresnel-led-hyperion","status":"publish","type":"product","link":"https:\/\/www.materialpoolbern.ch\/fr\/material\/spotlight-fresnel-led-hyperion\/","title":{"rendered":"SPOTLIGHT Fresnel LED Hyperion"},"content":{"rendered":"<p>Raccordement au secteur via Neutrik Powercon True1.<br \/>Fr\u00e9quence PWM r\u00e9glable en continu de 500Hz \u00e0 25kHz<br \/>Sans scintillement et compatible avec les cam\u00e9ras.<br \/>Dimmer extra doux adapt\u00e9 au th\u00e9\u00e2tre avec r\u00e9gulation DMX 16bit<br \/>Support RDM selon ANSI 20-2010<br \/>Option \u201eHalogen Delay\u201c pour les types monochromes.<br \/>Ventilateurs r\u00e9glables par DMX.<br \/>Ventilateur presque silencieux en mode silencieux.<br \/>Lentille de 150 mm<br \/>Rendu des couleurs Indice TLCI et CRI &gt;97 et TM30 93\/94.<br \/>Angle de rayonnement tr\u00e8s large de plus de 80\u00b0. Id\u00e9al pour un \u00e9clairage large sur des distances plus courtes pour les petites sc\u00e8nes et les sc\u00e8nes de r\u00e9p\u00e9tition.<br \/>Source lumineuse : LED 3000K, 200W<br \/>Indice de rendu des couleurs : CRI 97<br \/>Flux lumineux max. : 10 877 lm<br \/>Intensit\u00e9 lumineuse : 3.975 lx\/14\u00b0\/4m<br \/>Angle de rayonnement : 14\u00b0-81<br \/>Taille de la lentille : 150mm<br \/>Contr\u00f4le : DMX-RDM + local<br \/>Raccordements : Entr\u00e9e\/sortie Powercon, entr\u00e9e\/sortie XLR 5 p\u00f4les<br \/>Tension de fonctionnement : 100-240V, 50-60Hz<br \/>Poids : 6kg<br \/>Dimensions : 355mm x 342mm x 295mm<br \/>Contr\u00f4le de la plage de temp\u00e9rature par LED<br \/>M\u00e9moire de sc\u00e8nes int\u00e9gr\u00e9e<br \/>Temp\u00e9rature de couleur constante sur toute la courbe de variation<br \/>Mode silencieux<br \/>Mode sans scintillement avec fr\u00e9quence de LED PWM r\u00e9glable<br \/>fonction strobo avec fr\u00e9quence r\u00e9glable<br \/>Mode ma\u00eetre\/esclave<br \/>Fonctions contr\u00f4lables \u00e0 distance via RDM<br \/>8 ou 16 bits<br \/>Refroidissement forc\u00e9 par un ventilateur silencieux, r\u00e9glable<br \/>Syst\u00e8me de refroidissement avec conduites de chaleur haute performance<br \/>Insertion verrouillable du cadre du filtre<br \/>Pas de rayons UV ou IR dangereux pour un \u00e9clairage s\u00fbr des personnes et des objets<br \/>Pas de composants radioactifs ou contenant du mercure<br \/>75% moins de consommation d'\u00e9nergie par rapport aux appareils traditionnels de m\u00eame puissance<\/p>","protected":false},"excerpt":{"rendered":"<p>SPOTLIGHT Fresnel LED Hyperion 200 Watt WW 3000K Zoom 14\u00b0-81\u00b0, DMX, RDM + variateur local, CRI 97<\/p>","protected":false},"featured_media":18535,"template":"","meta":[],"product_brand":[],"product_cat":[13193],"product_tag":[],"class_list":{"0":"post-13454","1":"product","2":"type-product","3":"status-publish","4":"has-post-thumbnail","6":"product_cat-led","8":"first","9":"instock","10":"featured","11":"shipping-taxable","12":"product-type-rentable"},"yoast_head":"<!-- This site is optimized with the Yoast SEO plugin v27.4 - https:\/\/yoast.com\/product\/yoast-seo-wordpress\/ -->\n<title>SPOTLIGHT Fresnel LED Hyperion - Materialpool Bern<\/title>\n<meta name=\"description\" content=\"SPOTLIGHT Fresnel LED Hyperion\" \/>\n<meta name=\"robots\" content=\"index, follow, max-snippet:-1, max-image-preview:large, max-video-preview:-1\" \/>\n<link rel=\"canonical\" href=\"https:\/\/www.materialpoolbern.ch\/fr\/materiaux\/spotlight-fresnel-led-hyperion\/\" \/>\n<meta property=\"og:locale\" content=\"fr_FR\" \/>\n<meta property=\"og:type\" content=\"article\" \/>\n<meta property=\"og:title\" content=\"SPOTLIGHT Fresnel LED Hyperion - Materialpool Bern\" \/>\n<meta property=\"og:description\" content=\"SPOTLIGHT Fresnel LED Hyperion\" \/>\n<meta property=\"og:url\" content=\"https:\/\/www.materialpoolbern.ch\/fr\/materiaux\/spotlight-fresnel-led-hyperion\/\" \/>\n<meta property=\"og:site_name\" content=\"Materialpool Bern\" \/>\n<meta property=\"article:modified_time\" content=\"2026-04-13T13:55:07+00:00\" \/>\n<meta name=\"twitter:card\" content=\"summary_large_image\" \/>\n<meta name=\"twitter:label1\" content=\"Dur\u00e9e de lecture estim\u00e9e\" \/>\n\t<meta name=\"twitter:data1\" content=\"1 minute\" \/>\n<script type=\"application\/ld+json\" class=\"yoast-schema-graph\">{\"@context\":\"https:\\\/\\\/schema.org\",\"@graph\":[{\"@type\":\"WebPage\",\"@id\":\"https:\\\/\\\/www.materialpoolbern.ch\\\/material\\\/spotlight-fresnel-led-hyperion\\\/\",\"url\":\"https:\\\/\\\/www.materialpoolbern.ch\\\/material\\\/spotlight-fresnel-led-hyperion\\\/\",\"name\":\"SPOTLIGHT Fresnel LED Hyperion - Materialpool Bern\",\"isPartOf\":{\"@id\":\"https:\\\/\\\/www.materialpoolbern.ch\\\/#website\"},\"primaryImageOfPage\":{\"@id\":\"https:\\\/\\\/www.materialpoolbern.ch\\\/material\\\/spotlight-fresnel-led-hyperion\\\/#primaryimage\"},\"image\":{\"@id\":\"https:\\\/\\\/www.materialpoolbern.ch\\\/material\\\/spotlight-fresnel-led-hyperion\\\/#primaryimage\"},\"thumbnailUrl\":\"https:\\\/\\\/www.materialpoolbern.ch\\\/wp-content\\\/uploads\\\/2023\\\/01\\\/FN-FRESNEL-200W-1.png\",\"datePublished\":\"2023-01-19T08:52:30+00:00\",\"dateModified\":\"2026-04-13T13:55:07+00:00\",\"description\":\"SPOTLIGHT Fresnel LED Hyperion\",\"breadcrumb\":{\"@id\":\"https:\\\/\\\/www.materialpoolbern.ch\\\/material\\\/spotlight-fresnel-led-hyperion\\\/#breadcrumb\"},\"inLanguage\":\"fr-FR\",\"potentialAction\":[{\"@type\":\"ReadAction\",\"target\":[\"https:\\\/\\\/www.materialpoolbern.ch\\\/material\\\/spotlight-fresnel-led-hyperion\\\/\"]}]},{\"@type\":\"ImageObject\",\"inLanguage\":\"fr-FR\",\"@id\":\"https:\\\/\\\/www.materialpoolbern.ch\\\/material\\\/spotlight-fresnel-led-hyperion\\\/#primaryimage\",\"url\":\"https:\\\/\\\/www.materialpoolbern.ch\\\/wp-content\\\/uploads\\\/2023\\\/01\\\/FN-FRESNEL-200W-1.png\",\"contentUrl\":\"https:\\\/\\\/www.materialpoolbern.ch\\\/wp-content\\\/uploads\\\/2023\\\/01\\\/FN-FRESNEL-200W-1.png\",\"width\":560,\"height\":560},{\"@type\":\"BreadcrumbList\",\"@id\":\"https:\\\/\\\/www.materialpoolbern.ch\\\/material\\\/spotlight-fresnel-led-hyperion\\\/#breadcrumb\",\"itemListElement\":[{\"@type\":\"ListItem\",\"position\":1,\"name\":\"Startseite\",\"item\":\"https:\\\/\\\/www.materialpoolbern.ch\\\/\"},{\"@type\":\"ListItem\",\"position\":2,\"name\":\"Material\",\"item\":\"https:\\\/\\\/www.materialpoolbern.ch\\\/material\\\/\"},{\"@type\":\"ListItem\",\"position\":3,\"name\":\"SPOTLIGHT Fresnel LED Hyperion\"}]},{\"@type\":\"WebSite\",\"@id\":\"https:\\\/\\\/www.materialpoolbern.ch\\\/#website\",\"url\":\"https:\\\/\\\/www.materialpoolbern.ch\\\/\",\"name\":\"Materialpool Bern\",\"description\":\"Material f\u00fcr Kulturschaffende\",\"publisher\":{\"@id\":\"https:\\\/\\\/www.materialpoolbern.ch\\\/#organization\"},\"potentialAction\":[{\"@type\":\"SearchAction\",\"target\":{\"@type\":\"EntryPoint\",\"urlTemplate\":\"https:\\\/\\\/www.materialpoolbern.ch\\\/?s={search_term_string}\"},\"query-input\":{\"@type\":\"PropertyValueSpecification\",\"valueRequired\":true,\"valueName\":\"search_term_string\"}}],\"inLanguage\":\"fr-FR\"},{\"@type\":\"Organization\",\"@id\":\"https:\\\/\\\/www.materialpoolbern.ch\\\/#organization\",\"name\":\"Materialpool Bern\",\"url\":\"https:\\\/\\\/www.materialpoolbern.ch\\\/\",\"logo\":{\"@type\":\"ImageObject\",\"inLanguage\":\"fr-FR\",\"@id\":\"https:\\\/\\\/www.materialpoolbern.ch\\\/#\\\/schema\\\/logo\\\/image\\\/\",\"url\":\"https:\\\/\\\/www.materialpoolbern.ch\\\/wp-content\\\/uploads\\\/2019\\\/11\\\/Logo_materialpool.png\",\"contentUrl\":\"https:\\\/\\\/www.materialpoolbern.ch\\\/wp-content\\\/uploads\\\/2019\\\/11\\\/Logo_materialpool.png\",\"width\":758,\"height\":295,\"caption\":\"Materialpool Bern\"},\"image\":{\"@id\":\"https:\\\/\\\/www.materialpoolbern.ch\\\/#\\\/schema\\\/logo\\\/image\\\/\"}}]}<\/script>\n<!-- \/ Yoast SEO plugin. -->","yoast_head_json":{"title":"SPOTLIGHT Fresnel LED Hyperion - Materialpool Bern","description":"SPOTLIGHT Fresnel LED Hyperion","robots":{"index":"index","follow":"follow","max-snippet":"max-snippet:-1","max-image-preview":"max-image-preview:large","max-video-preview":"max-video-preview:-1"},"canonical":"https:\/\/www.materialpoolbern.ch\/fr\/materiaux\/spotlight-fresnel-led-hyperion\/","og_locale":"fr_FR","og_type":"article","og_title":"SPOTLIGHT Fresnel LED Hyperion - Materialpool Bern","og_description":"SPOTLIGHT Fresnel LED Hyperion","og_url":"https:\/\/www.materialpoolbern.ch\/fr\/materiaux\/spotlight-fresnel-led-hyperion\/","og_site_name":"Materialpool Bern","article_modified_time":"2026-04-13T13:55:07+00:00","twitter_card":"summary_large_image","twitter_misc":{"Dur\u00e9e de lecture estim\u00e9e":"1 minute"},"schema":{"@context":"https:\/\/schema.org","@graph":[{"@type":"WebPage","@id":"https:\/\/www.materialpoolbern.ch\/material\/spotlight-fresnel-led-hyperion\/","url":"https:\/\/www.materialpoolbern.ch\/material\/spotlight-fresnel-led-hyperion\/","name":"SPOTLIGHT Fresnel LED Hyperion - Materialpool Bern","isPartOf":{"@id":"https:\/\/www.materialpoolbern.ch\/#website"},"primaryImageOfPage":{"@id":"https:\/\/www.materialpoolbern.ch\/material\/spotlight-fresnel-led-hyperion\/#primaryimage"},"image":{"@id":"https:\/\/www.materialpoolbern.ch\/material\/spotlight-fresnel-led-hyperion\/#primaryimage"},"thumbnailUrl":"https:\/\/www.materialpoolbern.ch\/wp-content\/uploads\/2023\/01\/FN-FRESNEL-200W-1.png","datePublished":"2023-01-19T08:52:30+00:00","dateModified":"2026-04-13T13:55:07+00:00","description":"SPOTLIGHT Fresnel LED Hyperion","breadcrumb":{"@id":"https:\/\/www.materialpoolbern.ch\/material\/spotlight-fresnel-led-hyperion\/#breadcrumb"},"inLanguage":"fr-FR","potentialAction":[{"@type":"ReadAction","target":["https:\/\/www.materialpoolbern.ch\/material\/spotlight-fresnel-led-hyperion\/"]}]},{"@type":"ImageObject","inLanguage":"fr-FR","@id":"https:\/\/www.materialpoolbern.ch\/material\/spotlight-fresnel-led-hyperion\/#primaryimage","url":"https:\/\/www.materialpoolbern.ch\/wp-content\/uploads\/2023\/01\/FN-FRESNEL-200W-1.png","contentUrl":"https:\/\/www.materialpoolbern.ch\/wp-content\/uploads\/2023\/01\/FN-FRESNEL-200W-1.png","width":560,"height":560},{"@type":"BreadcrumbList","@id":"https:\/\/www.materialpoolbern.ch\/material\/spotlight-fresnel-led-hyperion\/#breadcrumb","itemListElement":[{"@type":"ListItem","position":1,"name":"Startseite","item":"https:\/\/www.materialpoolbern.ch\/"},{"@type":"ListItem","position":2,"name":"Material","item":"https:\/\/www.materialpoolbern.ch\/material\/"},{"@type":"ListItem","position":3,"name":"SPOTLIGHT Fresnel LED Hyperion"}]},{"@type":"WebSite","@id":"https:\/\/www.materialpoolbern.ch\/#website","url":"https:\/\/www.materialpoolbern.ch\/","name":"Pool De Mat\u00e9riel Berne","description":"Mat\u00e9riel pour les professionnels de la culture","publisher":{"@id":"https:\/\/www.materialpoolbern.ch\/#organization"},"potentialAction":[{"@type":"SearchAction","target":{"@type":"EntryPoint","urlTemplate":"https:\/\/www.materialpoolbern.ch\/?s={search_term_string}"},"query-input":{"@type":"PropertyValueSpecification","valueRequired":true,"valueName":"search_term_string"}}],"inLanguage":"fr-FR"},{"@type":"Organization","@id":"https:\/\/www.materialpoolbern.ch\/#organization","name":"Pool De Mat\u00e9riel Berne","url":"https:\/\/www.materialpoolbern.ch\/","logo":{"@type":"ImageObject","inLanguage":"fr-FR","@id":"https:\/\/www.materialpoolbern.ch\/#\/schema\/logo\/image\/","url":"https:\/\/www.materialpoolbern.ch\/wp-content\/uploads\/2019\/11\/Logo_materialpool.png","contentUrl":"https:\/\/www.materialpoolbern.ch\/wp-content\/uploads\/2019\/11\/Logo_materialpool.png","width":758,"height":295,"caption":"Materialpool Bern"},"image":{"@id":"https:\/\/www.materialpoolbern.ch\/#\/schema\/logo\/image\/"}}]}},"_links":{"self":[{"href":"https:\/\/www.materialpoolbern.ch\/fr\/wp-json\/wp\/v2\/product\/13454","targetHints":{"allow":["GET"]}}],"collection":[{"href":"https:\/\/www.materialpoolbern.ch\/fr\/wp-json\/wp\/v2\/product"}],"about":[{"href":"https:\/\/www.materialpoolbern.ch\/fr\/wp-json\/wp\/v2\/types\/product"}],"wp:featuredmedia":[{"embeddable":true,"href":"https:\/\/www.materialpoolbern.ch\/fr\/wp-json\/wp\/v2\/media\/18535"}],"wp:attachment":[{"href":"https:\/\/www.materialpoolbern.ch\/fr\/wp-json\/wp\/v2\/media?parent=13454"}],"wp:term":[{"taxonomy":"product_brand","embeddable":true,"href":"https:\/\/www.materialpoolbern.ch\/fr\/wp-json\/wp\/v2\/product_brand?post=13454"},{"taxonomy":"product_cat","embeddable":true,"href":"https:\/\/www.materialpoolbern.ch\/fr\/wp-json\/wp\/v2\/product_cat?post=13454"},{"taxonomy":"product_tag","embeddable":true,"href":"https:\/\/www.materialpoolbern.ch\/fr\/wp-json\/wp\/v2\/product_tag?post=13454"}],"curies":[{"name":"wp","href":"https:\/\/api.w.org\/{rel}","templated":true}]}}