{"id":14948,"date":"2023-05-12T13:33:19","date_gmt":"2023-05-12T11:33:19","guid":{"rendered":"https:\/\/www.materialpoolbern.ch\/material\/unkategorisiert\/jbl-srx-komplettsystem\/"},"modified":"2026-04-13T15:55:11","modified_gmt":"2026-04-13T13:55:11","slug":"jbl-srx-system","status":"publish","type":"product","link":"https:\/\/www.materialpoolbern.ch\/fr\/material\/jbl-srx-system\/","title":{"rendered":"Syst\u00e8me JBL SRX"},"content":{"rendered":"<p>TOPS :<\/p>\n<p>JBL SRX812P, Haut-parleurs : 12\u2033 woofer, 1,5\u2033 tweeter (3\u2033 bobine), Utilisation flexible comme syst\u00e8me de moniteur, frontal ou satellite, 2.000 watts d'amplification pour une puissance maximale, une grande s\u00e9curit\u00e9 de fonctionnement et une faible, consommation \u00e9lectrique, DSP Sharc rapide, vastes possibilit\u00e9s de traitement du signal, \u00e9cran LCD pour une utilisation simple, commande et contr\u00f4le via le r\u00e9seau et l'application pour Android et iOS, peinture Duraflex r\u00e9sistante aux rayures et aux chocs, bride pour pied haut de 35 mm, points de montage M10, prise verrouillable pour le c\u00e2ble d'alimentation, ch\u00e2ssis DCD et hautparleur n\u00e9odyme, plage de transmission : 40 Hz -21 kHz (-10 dB), puissance max. Pression sonore : 136 dB, angle de rayonnement : 90\u00b0x50\u00b0, 20 EQ param\u00e9triques, max. 2 secondes de d\u00e9lai, 50 r\u00e9glages utilisateur, deux entr\u00e9es sur prises combin\u00e9es XLR\/jack, dimensions : 638 x 415 x 429 mm (h x l x p), poids : 26,4 kg<\/p>\n<p>SUBS :<br \/>JBL SRX818SP, Subwoofer actif 18\u2033 avec DSP et contr\u00f4le par app, Compl\u00e9ment id\u00e9al du woofer pour les haut-parleurs SRX812P : woofer 18\u2033 DCD (3\u2033 bobines), 1.000 watts Amplificateur pour une puissance maximale, \u00e9lev\u00e9e, s\u00e9curit\u00e9 de fonctionnement et faible consommation d'\u00e9nergie, DSP Sharc rapide, vastes possibilit\u00e9s de traitement du signal, \u00e9cran LCD pour une utilisation simple, commande et contr\u00f4le via le r\u00e9seau et l'application pour Android et iOS, peinture Duraflex r\u00e9sistante aux rayures et aux chocs, pr\u00e9paration pour montage sur roulettes \u00e0 l'arri\u00e8re, point de montage M10, bride M20 pour tiges de pied, prise verrouillable pour c\u00e2ble d'alimentation, plage de transmission : 29 Hz -150 Hz (-10 dB), puissance max. Pression sonore : 135 dB, 20 EQ param\u00e9triques, max. 2 secondes de d\u00e9lai, 50 r\u00e9glages utilisateur.<\/p>","protected":false},"excerpt":{"rendered":"<p>JBL SRX Syst\u00e8me complet comprenant :<\/p>\n<p>-2 pi\u00e8ces JBL SRX812P Top<br \/>-2 pi\u00e8ces JBL SRX818SP caisson de basses<br \/>-2 pi\u00e8ces K&amp;M 21367, tube d'\u00e9cartement avec filetage M20<br \/>-2 pi\u00e8ces XLR 5 m\u00e8tres<br \/>-4 c\u00e2bles d'appareil avec verrouillage<br \/>-2 housses de transport pour JBL SRX 812 P<br \/>-2 housses de transport pour JBL SRX 818 SP<\/p>","protected":false},"featured_media":14955,"template":"","meta":[],"product_brand":[],"product_cat":[13258],"product_tag":[],"class_list":{"0":"post-14948","1":"product","2":"type-product","3":"status-publish","4":"has-post-thumbnail","6":"product_cat-beschallungsanlagen","8":"first","9":"instock","10":"featured","11":"shipping-taxable","12":"product-type-rentable"},"yoast_head":"<!-- This site is optimized with the Yoast SEO plugin v27.4 - https:\/\/yoast.com\/product\/yoast-seo-wordpress\/ -->\n<title>JBL SRX System - Materialpool Bern<\/title>\n<meta name=\"robots\" content=\"index, follow, max-snippet:-1, max-image-preview:large, max-video-preview:-1\" \/>\n<link rel=\"canonical\" href=\"https:\/\/www.materialpoolbern.ch\/fr\/materiaux\/jbl-srx-system\/\" \/>\n<meta property=\"og:locale\" content=\"fr_FR\" \/>\n<meta property=\"og:type\" content=\"article\" \/>\n<meta property=\"og:title\" content=\"JBL SRX System - Materialpool Bern\" \/>\n<meta property=\"og:description\" content=\"JBL SRX Komplettsystem bestehend aus: -2 St\u00fcck\u00a0JBL SRX812P Top-2 St\u00fcck\u00a0JBL SRX818SP Subwoofer-2 St\u00fcck K&amp;M 21367, Distanzrohr mit M20 Gewinde-2 St\u00fcck XLR 5 Meter-4 St\u00fcck Ger\u00e4tekabel mit Verriegelung-2 St\u00fcck\u00a0Transportcover f\u00fcr JBL SRX 812 P-2 St\u00fcck\u00a0Transportcover f\u00fcr JBL SRX 818 SP\" \/>\n<meta property=\"og:url\" content=\"https:\/\/www.materialpoolbern.ch\/fr\/materiaux\/jbl-srx-system\/\" \/>\n<meta property=\"og:site_name\" content=\"Materialpool Bern\" \/>\n<meta property=\"article:modified_time\" content=\"2026-04-13T13:55:11+00:00\" \/>\n<meta property=\"og:image\" content=\"https:\/\/www.materialpoolbern.ch\/wp-content\/uploads\/2023\/05\/SRXSYSTEM.jpg\" \/>\n\t<meta property=\"og:image:width\" content=\"675\" \/>\n\t<meta property=\"og:image:height\" content=\"900\" \/>\n\t<meta property=\"og:image:type\" content=\"image\/jpeg\" \/>\n<meta name=\"twitter:card\" content=\"summary_large_image\" \/>\n<meta name=\"twitter:label1\" content=\"Dur\u00e9e de lecture estim\u00e9e\" \/>\n\t<meta name=\"twitter:data1\" content=\"1 minute\" \/>\n<script type=\"application\/ld+json\" class=\"yoast-schema-graph\">{\"@context\":\"https:\\\/\\\/schema.org\",\"@graph\":[{\"@type\":\"WebPage\",\"@id\":\"https:\\\/\\\/www.materialpoolbern.ch\\\/material\\\/jbl-srx-system\\\/\",\"url\":\"https:\\\/\\\/www.materialpoolbern.ch\\\/material\\\/jbl-srx-system\\\/\",\"name\":\"JBL SRX System - Materialpool Bern\",\"isPartOf\":{\"@id\":\"https:\\\/\\\/www.materialpoolbern.ch\\\/#website\"},\"primaryImageOfPage\":{\"@id\":\"https:\\\/\\\/www.materialpoolbern.ch\\\/material\\\/jbl-srx-system\\\/#primaryimage\"},\"image\":{\"@id\":\"https:\\\/\\\/www.materialpoolbern.ch\\\/material\\\/jbl-srx-system\\\/#primaryimage\"},\"thumbnailUrl\":\"https:\\\/\\\/www.materialpoolbern.ch\\\/wp-content\\\/uploads\\\/2023\\\/05\\\/SRXSYSTEM.jpg\",\"datePublished\":\"2023-05-12T11:33:19+00:00\",\"dateModified\":\"2026-04-13T13:55:11+00:00\",\"breadcrumb\":{\"@id\":\"https:\\\/\\\/www.materialpoolbern.ch\\\/material\\\/jbl-srx-system\\\/#breadcrumb\"},\"inLanguage\":\"fr-FR\",\"potentialAction\":[{\"@type\":\"ReadAction\",\"target\":[\"https:\\\/\\\/www.materialpoolbern.ch\\\/material\\\/jbl-srx-system\\\/\"]}]},{\"@type\":\"ImageObject\",\"inLanguage\":\"fr-FR\",\"@id\":\"https:\\\/\\\/www.materialpoolbern.ch\\\/material\\\/jbl-srx-system\\\/#primaryimage\",\"url\":\"https:\\\/\\\/www.materialpoolbern.ch\\\/wp-content\\\/uploads\\\/2023\\\/05\\\/SRXSYSTEM.jpg\",\"contentUrl\":\"https:\\\/\\\/www.materialpoolbern.ch\\\/wp-content\\\/uploads\\\/2023\\\/05\\\/SRXSYSTEM.jpg\",\"width\":675,\"height\":900},{\"@type\":\"BreadcrumbList\",\"@id\":\"https:\\\/\\\/www.materialpoolbern.ch\\\/material\\\/jbl-srx-system\\\/#breadcrumb\",\"itemListElement\":[{\"@type\":\"ListItem\",\"position\":1,\"name\":\"Startseite\",\"item\":\"https:\\\/\\\/www.materialpoolbern.ch\\\/\"},{\"@type\":\"ListItem\",\"position\":2,\"name\":\"Material\",\"item\":\"https:\\\/\\\/www.materialpoolbern.ch\\\/material\\\/\"},{\"@type\":\"ListItem\",\"position\":3,\"name\":\"JBL SRX System\"}]},{\"@type\":\"WebSite\",\"@id\":\"https:\\\/\\\/www.materialpoolbern.ch\\\/#website\",\"url\":\"https:\\\/\\\/www.materialpoolbern.ch\\\/\",\"name\":\"Materialpool Bern\",\"description\":\"Material f\u00fcr Kulturschaffende\",\"publisher\":{\"@id\":\"https:\\\/\\\/www.materialpoolbern.ch\\\/#organization\"},\"potentialAction\":[{\"@type\":\"SearchAction\",\"target\":{\"@type\":\"EntryPoint\",\"urlTemplate\":\"https:\\\/\\\/www.materialpoolbern.ch\\\/?s={search_term_string}\"},\"query-input\":{\"@type\":\"PropertyValueSpecification\",\"valueRequired\":true,\"valueName\":\"search_term_string\"}}],\"inLanguage\":\"fr-FR\"},{\"@type\":\"Organization\",\"@id\":\"https:\\\/\\\/www.materialpoolbern.ch\\\/#organization\",\"name\":\"Materialpool Bern\",\"url\":\"https:\\\/\\\/www.materialpoolbern.ch\\\/\",\"logo\":{\"@type\":\"ImageObject\",\"inLanguage\":\"fr-FR\",\"@id\":\"https:\\\/\\\/www.materialpoolbern.ch\\\/#\\\/schema\\\/logo\\\/image\\\/\",\"url\":\"https:\\\/\\\/www.materialpoolbern.ch\\\/wp-content\\\/uploads\\\/2019\\\/11\\\/Logo_materialpool.png\",\"contentUrl\":\"https:\\\/\\\/www.materialpoolbern.ch\\\/wp-content\\\/uploads\\\/2019\\\/11\\\/Logo_materialpool.png\",\"width\":758,\"height\":295,\"caption\":\"Materialpool Bern\"},\"image\":{\"@id\":\"https:\\\/\\\/www.materialpoolbern.ch\\\/#\\\/schema\\\/logo\\\/image\\\/\"}}]}<\/script>\n<!-- \/ Yoast SEO plugin. -->","yoast_head_json":{"title":"JBL SRX System - Materialpool Bern","robots":{"index":"index","follow":"follow","max-snippet":"max-snippet:-1","max-image-preview":"max-image-preview:large","max-video-preview":"max-video-preview:-1"},"canonical":"https:\/\/www.materialpoolbern.ch\/fr\/materiaux\/jbl-srx-system\/","og_locale":"fr_FR","og_type":"article","og_title":"JBL SRX System - Materialpool Bern","og_description":"JBL SRX Komplettsystem bestehend aus: -2 St\u00fcck\u00a0JBL SRX812P Top-2 St\u00fcck\u00a0JBL SRX818SP Subwoofer-2 St\u00fcck K&amp;M 21367, Distanzrohr mit M20 Gewinde-2 St\u00fcck XLR 5 Meter-4 St\u00fcck Ger\u00e4tekabel mit Verriegelung-2 St\u00fcck\u00a0Transportcover f\u00fcr JBL SRX 812 P-2 St\u00fcck\u00a0Transportcover f\u00fcr JBL SRX 818 SP","og_url":"https:\/\/www.materialpoolbern.ch\/fr\/materiaux\/jbl-srx-system\/","og_site_name":"Materialpool Bern","article_modified_time":"2026-04-13T13:55:11+00:00","og_image":[{"width":675,"height":900,"url":"https:\/\/www.materialpoolbern.ch\/wp-content\/uploads\/2023\/05\/SRXSYSTEM.jpg","type":"image\/jpeg"}],"twitter_card":"summary_large_image","twitter_misc":{"Dur\u00e9e de lecture estim\u00e9e":"1 minute"},"schema":{"@context":"https:\/\/schema.org","@graph":[{"@type":"WebPage","@id":"https:\/\/www.materialpoolbern.ch\/material\/jbl-srx-system\/","url":"https:\/\/www.materialpoolbern.ch\/material\/jbl-srx-system\/","name":"JBL SRX System - Materialpool Bern","isPartOf":{"@id":"https:\/\/www.materialpoolbern.ch\/#website"},"primaryImageOfPage":{"@id":"https:\/\/www.materialpoolbern.ch\/material\/jbl-srx-system\/#primaryimage"},"image":{"@id":"https:\/\/www.materialpoolbern.ch\/material\/jbl-srx-system\/#primaryimage"},"thumbnailUrl":"https:\/\/www.materialpoolbern.ch\/wp-content\/uploads\/2023\/05\/SRXSYSTEM.jpg","datePublished":"2023-05-12T11:33:19+00:00","dateModified":"2026-04-13T13:55:11+00:00","breadcrumb":{"@id":"https:\/\/www.materialpoolbern.ch\/material\/jbl-srx-system\/#breadcrumb"},"inLanguage":"fr-FR","potentialAction":[{"@type":"ReadAction","target":["https:\/\/www.materialpoolbern.ch\/material\/jbl-srx-system\/"]}]},{"@type":"ImageObject","inLanguage":"fr-FR","@id":"https:\/\/www.materialpoolbern.ch\/material\/jbl-srx-system\/#primaryimage","url":"https:\/\/www.materialpoolbern.ch\/wp-content\/uploads\/2023\/05\/SRXSYSTEM.jpg","contentUrl":"https:\/\/www.materialpoolbern.ch\/wp-content\/uploads\/2023\/05\/SRXSYSTEM.jpg","width":675,"height":900},{"@type":"BreadcrumbList","@id":"https:\/\/www.materialpoolbern.ch\/material\/jbl-srx-system\/#breadcrumb","itemListElement":[{"@type":"ListItem","position":1,"name":"Startseite","item":"https:\/\/www.materialpoolbern.ch\/"},{"@type":"ListItem","position":2,"name":"Material","item":"https:\/\/www.materialpoolbern.ch\/material\/"},{"@type":"ListItem","position":3,"name":"JBL SRX System"}]},{"@type":"WebSite","@id":"https:\/\/www.materialpoolbern.ch\/#website","url":"https:\/\/www.materialpoolbern.ch\/","name":"Pool De Mat\u00e9riel Berne","description":"Mat\u00e9riel pour les professionnels de la culture","publisher":{"@id":"https:\/\/www.materialpoolbern.ch\/#organization"},"potentialAction":[{"@type":"SearchAction","target":{"@type":"EntryPoint","urlTemplate":"https:\/\/www.materialpoolbern.ch\/?s={search_term_string}"},"query-input":{"@type":"PropertyValueSpecification","valueRequired":true,"valueName":"search_term_string"}}],"inLanguage":"fr-FR"},{"@type":"Organization","@id":"https:\/\/www.materialpoolbern.ch\/#organization","name":"Pool De Mat\u00e9riel Berne","url":"https:\/\/www.materialpoolbern.ch\/","logo":{"@type":"ImageObject","inLanguage":"fr-FR","@id":"https:\/\/www.materialpoolbern.ch\/#\/schema\/logo\/image\/","url":"https:\/\/www.materialpoolbern.ch\/wp-content\/uploads\/2019\/11\/Logo_materialpool.png","contentUrl":"https:\/\/www.materialpoolbern.ch\/wp-content\/uploads\/2019\/11\/Logo_materialpool.png","width":758,"height":295,"caption":"Materialpool Bern"},"image":{"@id":"https:\/\/www.materialpoolbern.ch\/#\/schema\/logo\/image\/"}}]}},"_links":{"self":[{"href":"https:\/\/www.materialpoolbern.ch\/fr\/wp-json\/wp\/v2\/product\/14948","targetHints":{"allow":["GET"]}}],"collection":[{"href":"https:\/\/www.materialpoolbern.ch\/fr\/wp-json\/wp\/v2\/product"}],"about":[{"href":"https:\/\/www.materialpoolbern.ch\/fr\/wp-json\/wp\/v2\/types\/product"}],"wp:featuredmedia":[{"embeddable":true,"href":"https:\/\/www.materialpoolbern.ch\/fr\/wp-json\/wp\/v2\/media\/14955"}],"wp:attachment":[{"href":"https:\/\/www.materialpoolbern.ch\/fr\/wp-json\/wp\/v2\/media?parent=14948"}],"wp:term":[{"taxonomy":"product_brand","embeddable":true,"href":"https:\/\/www.materialpoolbern.ch\/fr\/wp-json\/wp\/v2\/product_brand?post=14948"},{"taxonomy":"product_cat","embeddable":true,"href":"https:\/\/www.materialpoolbern.ch\/fr\/wp-json\/wp\/v2\/product_cat?post=14948"},{"taxonomy":"product_tag","embeddable":true,"href":"https:\/\/www.materialpoolbern.ch\/fr\/wp-json\/wp\/v2\/product_tag?post=14948"}],"curies":[{"name":"wp","href":"https:\/\/api.w.org\/{rel}","templated":true}]}}