{"id":15132,"date":"2023-09-19T11:22:29","date_gmt":"2023-09-19T09:22:29","guid":{"rendered":"https:\/\/www.materialpoolbern.ch\/material\/unkategorisiert\/boxenzwischenstueck-mit-m20-gewinde\/"},"modified":"2026-04-13T15:55:05","modified_gmt":"2026-04-13T13:55:05","slug":"boxenzwischenstueck-mit-m20-gewinde","status":"publish","type":"product","link":"https:\/\/www.materialpoolbern.ch\/fr\/material\/boxenzwischenstueck-mit-m20-gewinde\/","title":{"rendered":"Pi\u00e8ce interm\u00e9diaire de bo\u00eete avec filetage M20"},"content":{"rendered":"","protected":false},"excerpt":{"rendered":"<p>Distanzrohr mit M20 Gewinde<\/p>\n<p>h\u00f6henverstellbar mittels Klemmschraube und Rastbolzen<br \/>patentierter Spreizdorn f\u00fcr festen, spielfreien und fixierbaren Sitz der Box<br \/>Spreizbacken aus Kunststoff sorgen f\u00fcr eine resonanzarme Verbindung zwischen Box und Rohr<br \/>einfache Handhabung mittels Spannring<br \/>Gewicht: 2,5 kg<br \/>H\u00f6he verstellbar von 900 bis 1380 mm<br \/>\u00a0<\/p>","protected":false},"featured_media":15139,"template":"","meta":[],"product_brand":[],"product_cat":[13646],"product_tag":[],"class_list":{"0":"post-15132","1":"product","2":"type-product","3":"status-publish","4":"has-post-thumbnail","6":"product_cat-audio-stative","8":"first","9":"instock","10":"shipping-taxable","11":"product-type-rentable"},"yoast_head":"<!-- This site is optimized with the Yoast SEO plugin v27.4 - https:\/\/yoast.com\/product\/yoast-seo-wordpress\/ -->\n<title>Boxenzwischenst\u00fcck mit M20 Gewinde - Materialpool Bern<\/title>\n<meta name=\"robots\" content=\"index, follow, max-snippet:-1, max-image-preview:large, max-video-preview:-1\" \/>\n<link rel=\"canonical\" href=\"https:\/\/www.materialpoolbern.ch\/fr\/materiaux\/boxenzwischenstueck-mit-m20-gewinde\/\" \/>\n<meta property=\"og:locale\" content=\"fr_FR\" \/>\n<meta property=\"og:type\" content=\"article\" \/>\n<meta property=\"og:title\" content=\"Boxenzwischenst\u00fcck mit M20 Gewinde - Materialpool Bern\" \/>\n<meta property=\"og:description\" content=\"Distanzrohr mit M20 Gewinde h\u00f6henverstellbar mittels Klemmschraube und Rastbolzenpatentierter Spreizdorn f\u00fcr festen, spielfreien und fixierbaren Sitz der BoxSpreizbacken aus Kunststoff sorgen f\u00fcr eine resonanzarme Verbindung zwischen Box und Rohreinfache Handhabung mittels SpannringGewicht: 2,5 kgH\u00f6he verstellbar von 900 bis 1380 mm\u00a0\" \/>\n<meta property=\"og:url\" content=\"https:\/\/www.materialpoolbern.ch\/fr\/materiaux\/boxenzwischenstueck-mit-m20-gewinde\/\" \/>\n<meta property=\"og:site_name\" content=\"Materialpool Bern\" \/>\n<meta property=\"article:modified_time\" content=\"2026-04-13T13:55:05+00:00\" \/>\n<meta property=\"og:image\" content=\"https:\/\/www.materialpoolbern.ch\/wp-content\/uploads\/2023\/09\/14743511_800.jpg\" \/>\n\t<meta property=\"og:image:width\" content=\"600\" \/>\n\t<meta property=\"og:image:height\" content=\"600\" \/>\n\t<meta property=\"og:image:type\" content=\"image\/jpeg\" \/>\n<meta name=\"twitter:card\" content=\"summary_large_image\" \/>\n<script type=\"application\/ld+json\" class=\"yoast-schema-graph\">{\"@context\":\"https:\\\/\\\/schema.org\",\"@graph\":[{\"@type\":\"WebPage\",\"@id\":\"https:\\\/\\\/www.materialpoolbern.ch\\\/material\\\/boxenzwischenstueck-mit-m20-gewinde\\\/\",\"url\":\"https:\\\/\\\/www.materialpoolbern.ch\\\/material\\\/boxenzwischenstueck-mit-m20-gewinde\\\/\",\"name\":\"Boxenzwischenst\u00fcck mit M20 Gewinde - Materialpool Bern\",\"isPartOf\":{\"@id\":\"https:\\\/\\\/www.materialpoolbern.ch\\\/#website\"},\"primaryImageOfPage\":{\"@id\":\"https:\\\/\\\/www.materialpoolbern.ch\\\/material\\\/boxenzwischenstueck-mit-m20-gewinde\\\/#primaryimage\"},\"image\":{\"@id\":\"https:\\\/\\\/www.materialpoolbern.ch\\\/material\\\/boxenzwischenstueck-mit-m20-gewinde\\\/#primaryimage\"},\"thumbnailUrl\":\"https:\\\/\\\/www.materialpoolbern.ch\\\/wp-content\\\/uploads\\\/2023\\\/09\\\/14743511_800.jpg\",\"datePublished\":\"2023-09-19T09:22:29+00:00\",\"dateModified\":\"2026-04-13T13:55:05+00:00\",\"breadcrumb\":{\"@id\":\"https:\\\/\\\/www.materialpoolbern.ch\\\/material\\\/boxenzwischenstueck-mit-m20-gewinde\\\/#breadcrumb\"},\"inLanguage\":\"fr-FR\",\"potentialAction\":[{\"@type\":\"ReadAction\",\"target\":[\"https:\\\/\\\/www.materialpoolbern.ch\\\/material\\\/boxenzwischenstueck-mit-m20-gewinde\\\/\"]}]},{\"@type\":\"ImageObject\",\"inLanguage\":\"fr-FR\",\"@id\":\"https:\\\/\\\/www.materialpoolbern.ch\\\/material\\\/boxenzwischenstueck-mit-m20-gewinde\\\/#primaryimage\",\"url\":\"https:\\\/\\\/www.materialpoolbern.ch\\\/wp-content\\\/uploads\\\/2023\\\/09\\\/14743511_800.jpg\",\"contentUrl\":\"https:\\\/\\\/www.materialpoolbern.ch\\\/wp-content\\\/uploads\\\/2023\\\/09\\\/14743511_800.jpg\",\"width\":600,\"height\":600},{\"@type\":\"BreadcrumbList\",\"@id\":\"https:\\\/\\\/www.materialpoolbern.ch\\\/material\\\/boxenzwischenstueck-mit-m20-gewinde\\\/#breadcrumb\",\"itemListElement\":[{\"@type\":\"ListItem\",\"position\":1,\"name\":\"Startseite\",\"item\":\"https:\\\/\\\/www.materialpoolbern.ch\\\/\"},{\"@type\":\"ListItem\",\"position\":2,\"name\":\"Material\",\"item\":\"https:\\\/\\\/www.materialpoolbern.ch\\\/material\\\/\"},{\"@type\":\"ListItem\",\"position\":3,\"name\":\"Boxenzwischenst\u00fcck mit M20 Gewinde\"}]},{\"@type\":\"WebSite\",\"@id\":\"https:\\\/\\\/www.materialpoolbern.ch\\\/#website\",\"url\":\"https:\\\/\\\/www.materialpoolbern.ch\\\/\",\"name\":\"Materialpool Bern\",\"description\":\"Material f\u00fcr Kulturschaffende\",\"publisher\":{\"@id\":\"https:\\\/\\\/www.materialpoolbern.ch\\\/#organization\"},\"potentialAction\":[{\"@type\":\"SearchAction\",\"target\":{\"@type\":\"EntryPoint\",\"urlTemplate\":\"https:\\\/\\\/www.materialpoolbern.ch\\\/?s={search_term_string}\"},\"query-input\":{\"@type\":\"PropertyValueSpecification\",\"valueRequired\":true,\"valueName\":\"search_term_string\"}}],\"inLanguage\":\"fr-FR\"},{\"@type\":\"Organization\",\"@id\":\"https:\\\/\\\/www.materialpoolbern.ch\\\/#organization\",\"name\":\"Materialpool Bern\",\"url\":\"https:\\\/\\\/www.materialpoolbern.ch\\\/\",\"logo\":{\"@type\":\"ImageObject\",\"inLanguage\":\"fr-FR\",\"@id\":\"https:\\\/\\\/www.materialpoolbern.ch\\\/#\\\/schema\\\/logo\\\/image\\\/\",\"url\":\"https:\\\/\\\/www.materialpoolbern.ch\\\/wp-content\\\/uploads\\\/2019\\\/11\\\/Logo_materialpool.png\",\"contentUrl\":\"https:\\\/\\\/www.materialpoolbern.ch\\\/wp-content\\\/uploads\\\/2019\\\/11\\\/Logo_materialpool.png\",\"width\":758,\"height\":295,\"caption\":\"Materialpool Bern\"},\"image\":{\"@id\":\"https:\\\/\\\/www.materialpoolbern.ch\\\/#\\\/schema\\\/logo\\\/image\\\/\"}}]}<\/script>\n<!-- \/ Yoast SEO plugin. -->","yoast_head_json":{"title":"Boxenzwischenst\u00fcck mit M20 Gewinde - Materialpool Bern","robots":{"index":"index","follow":"follow","max-snippet":"max-snippet:-1","max-image-preview":"max-image-preview:large","max-video-preview":"max-video-preview:-1"},"canonical":"https:\/\/www.materialpoolbern.ch\/fr\/materiaux\/boxenzwischenstueck-mit-m20-gewinde\/","og_locale":"fr_FR","og_type":"article","og_title":"Boxenzwischenst\u00fcck mit M20 Gewinde - Materialpool Bern","og_description":"Distanzrohr mit M20 Gewinde h\u00f6henverstellbar mittels Klemmschraube und Rastbolzenpatentierter Spreizdorn f\u00fcr festen, spielfreien und fixierbaren Sitz der BoxSpreizbacken aus Kunststoff sorgen f\u00fcr eine resonanzarme Verbindung zwischen Box und Rohreinfache Handhabung mittels SpannringGewicht: 2,5 kgH\u00f6he verstellbar von 900 bis 1380 mm\u00a0","og_url":"https:\/\/www.materialpoolbern.ch\/fr\/materiaux\/boxenzwischenstueck-mit-m20-gewinde\/","og_site_name":"Materialpool Bern","article_modified_time":"2026-04-13T13:55:05+00:00","og_image":[{"width":600,"height":600,"url":"https:\/\/www.materialpoolbern.ch\/wp-content\/uploads\/2023\/09\/14743511_800.jpg","type":"image\/jpeg"}],"twitter_card":"summary_large_image","schema":{"@context":"https:\/\/schema.org","@graph":[{"@type":"WebPage","@id":"https:\/\/www.materialpoolbern.ch\/material\/boxenzwischenstueck-mit-m20-gewinde\/","url":"https:\/\/www.materialpoolbern.ch\/material\/boxenzwischenstueck-mit-m20-gewinde\/","name":"Boxenzwischenst\u00fcck mit M20 Gewinde - Materialpool Bern","isPartOf":{"@id":"https:\/\/www.materialpoolbern.ch\/#website"},"primaryImageOfPage":{"@id":"https:\/\/www.materialpoolbern.ch\/material\/boxenzwischenstueck-mit-m20-gewinde\/#primaryimage"},"image":{"@id":"https:\/\/www.materialpoolbern.ch\/material\/boxenzwischenstueck-mit-m20-gewinde\/#primaryimage"},"thumbnailUrl":"https:\/\/www.materialpoolbern.ch\/wp-content\/uploads\/2023\/09\/14743511_800.jpg","datePublished":"2023-09-19T09:22:29+00:00","dateModified":"2026-04-13T13:55:05+00:00","breadcrumb":{"@id":"https:\/\/www.materialpoolbern.ch\/material\/boxenzwischenstueck-mit-m20-gewinde\/#breadcrumb"},"inLanguage":"fr-FR","potentialAction":[{"@type":"ReadAction","target":["https:\/\/www.materialpoolbern.ch\/material\/boxenzwischenstueck-mit-m20-gewinde\/"]}]},{"@type":"ImageObject","inLanguage":"fr-FR","@id":"https:\/\/www.materialpoolbern.ch\/material\/boxenzwischenstueck-mit-m20-gewinde\/#primaryimage","url":"https:\/\/www.materialpoolbern.ch\/wp-content\/uploads\/2023\/09\/14743511_800.jpg","contentUrl":"https:\/\/www.materialpoolbern.ch\/wp-content\/uploads\/2023\/09\/14743511_800.jpg","width":600,"height":600},{"@type":"BreadcrumbList","@id":"https:\/\/www.materialpoolbern.ch\/material\/boxenzwischenstueck-mit-m20-gewinde\/#breadcrumb","itemListElement":[{"@type":"ListItem","position":1,"name":"Startseite","item":"https:\/\/www.materialpoolbern.ch\/"},{"@type":"ListItem","position":2,"name":"Material","item":"https:\/\/www.materialpoolbern.ch\/material\/"},{"@type":"ListItem","position":3,"name":"Boxenzwischenst\u00fcck mit M20 Gewinde"}]},{"@type":"WebSite","@id":"https:\/\/www.materialpoolbern.ch\/#website","url":"https:\/\/www.materialpoolbern.ch\/","name":"Pool De Mat\u00e9riel Berne","description":"Mat\u00e9riel pour les professionnels de la culture","publisher":{"@id":"https:\/\/www.materialpoolbern.ch\/#organization"},"potentialAction":[{"@type":"SearchAction","target":{"@type":"EntryPoint","urlTemplate":"https:\/\/www.materialpoolbern.ch\/?s={search_term_string}"},"query-input":{"@type":"PropertyValueSpecification","valueRequired":true,"valueName":"search_term_string"}}],"inLanguage":"fr-FR"},{"@type":"Organization","@id":"https:\/\/www.materialpoolbern.ch\/#organization","name":"Pool De Mat\u00e9riel Berne","url":"https:\/\/www.materialpoolbern.ch\/","logo":{"@type":"ImageObject","inLanguage":"fr-FR","@id":"https:\/\/www.materialpoolbern.ch\/#\/schema\/logo\/image\/","url":"https:\/\/www.materialpoolbern.ch\/wp-content\/uploads\/2019\/11\/Logo_materialpool.png","contentUrl":"https:\/\/www.materialpoolbern.ch\/wp-content\/uploads\/2019\/11\/Logo_materialpool.png","width":758,"height":295,"caption":"Materialpool Bern"},"image":{"@id":"https:\/\/www.materialpoolbern.ch\/#\/schema\/logo\/image\/"}}]}},"_links":{"self":[{"href":"https:\/\/www.materialpoolbern.ch\/fr\/wp-json\/wp\/v2\/product\/15132","targetHints":{"allow":["GET"]}}],"collection":[{"href":"https:\/\/www.materialpoolbern.ch\/fr\/wp-json\/wp\/v2\/product"}],"about":[{"href":"https:\/\/www.materialpoolbern.ch\/fr\/wp-json\/wp\/v2\/types\/product"}],"wp:featuredmedia":[{"embeddable":true,"href":"https:\/\/www.materialpoolbern.ch\/fr\/wp-json\/wp\/v2\/media\/15139"}],"wp:attachment":[{"href":"https:\/\/www.materialpoolbern.ch\/fr\/wp-json\/wp\/v2\/media?parent=15132"}],"wp:term":[{"taxonomy":"product_brand","embeddable":true,"href":"https:\/\/www.materialpoolbern.ch\/fr\/wp-json\/wp\/v2\/product_brand?post=15132"},{"taxonomy":"product_cat","embeddable":true,"href":"https:\/\/www.materialpoolbern.ch\/fr\/wp-json\/wp\/v2\/product_cat?post=15132"},{"taxonomy":"product_tag","embeddable":true,"href":"https:\/\/www.materialpoolbern.ch\/fr\/wp-json\/wp\/v2\/product_tag?post=15132"}],"curies":[{"name":"wp","href":"https:\/\/api.w.org\/{rel}","templated":true}]}}