{"id":15144,"date":"2023-09-26T12:27:56","date_gmt":"2023-09-26T10:27:56","guid":{"rendered":"https:\/\/www.materialpoolbern.ch\/material\/unkategorisiert\/pa-system-ks-sat-komplett\/"},"modified":"2026-04-13T15:54:52","modified_gmt":"2026-04-13T13:54:52","slug":"ks-satellite-system","status":"publish","type":"product","link":"https:\/\/www.materialpoolbern.ch\/fr\/material\/ks-satellite-system\/","title":{"rendered":"KS Satellite System"},"content":{"rendered":"","protected":false},"excerpt":{"rendered":"<p>PA System KS Sat komplett<\/p>\n<p>\u00a0<\/p>\n<p>3-Weg PA System<br \/>1 x KS CB118 18\u2033 mono Subwoofer<br \/>2 x KS CM210 10\u2033\/1\u2033Topteilen<br \/>\u00dcbertragungsbereich 44-17 000 Hz 3 dB<br \/>Schalldruck 128 dB SPL max.<br \/>Leistung 1500W<\/p>\n<p>Inklusive:<\/p>\n<p>2 St\u00fcck Lautsprecherstativ<br \/>2 St\u00fcck 10m Speakon Kabel<\/p>\n<p>\u00a0<\/p>","protected":false},"featured_media":15518,"template":"","meta":[],"product_brand":[],"product_cat":[13258],"product_tag":[],"class_list":{"0":"post-15144","1":"product","2":"type-product","3":"status-publish","4":"has-post-thumbnail","6":"product_cat-beschallungsanlagen","8":"first","9":"instock","10":"shipping-taxable","11":"product-type-rentable"},"yoast_head":"<!-- This site is optimized with the Yoast SEO plugin v27.4 - https:\/\/yoast.com\/product\/yoast-seo-wordpress\/ -->\n<title>KS Satellite System - Materialpool Bern<\/title>\n<meta name=\"robots\" content=\"index, follow, max-snippet:-1, max-image-preview:large, max-video-preview:-1\" \/>\n<link rel=\"canonical\" href=\"https:\/\/www.materialpoolbern.ch\/fr\/materiaux\/ks-satellite-system\/\" \/>\n<meta property=\"og:locale\" content=\"fr_FR\" \/>\n<meta property=\"og:type\" content=\"article\" \/>\n<meta property=\"og:title\" content=\"KS Satellite System - Materialpool Bern\" \/>\n<meta property=\"og:description\" content=\"PA System KS Sat komplett \u00a0 3-Weg PA System1 x KS CB118 18\u2033 mono Subwoofer2 x KS CM210 10\u2033\/1\u2033Topteilen\u00dcbertragungsbereich 44-17 000 Hz 3 dBSchalldruck 128 dB SPL max.Leistung 1500W Inklusive:2 St\u00fcck Lautsprecherstativ2 St\u00fcck 10m Speakon Kabel \u00a0\" \/>\n<meta property=\"og:url\" content=\"https:\/\/www.materialpoolbern.ch\/fr\/materiaux\/ks-satellite-system\/\" \/>\n<meta property=\"og:site_name\" content=\"Materialpool Bern\" \/>\n<meta property=\"article:modified_time\" content=\"2026-04-13T13:54:52+00:00\" \/>\n<meta property=\"og:image\" content=\"https:\/\/www.materialpoolbern.ch\/wp-content\/uploads\/2023\/09\/P1000711.jpg\" \/>\n\t<meta property=\"og:image:width\" content=\"872\" \/>\n\t<meta property=\"og:image:height\" content=\"1030\" \/>\n\t<meta property=\"og:image:type\" content=\"image\/jpeg\" \/>\n<meta name=\"twitter:card\" content=\"summary_large_image\" \/>\n<script type=\"application\/ld+json\" class=\"yoast-schema-graph\">{\"@context\":\"https:\\\/\\\/schema.org\",\"@graph\":[{\"@type\":\"WebPage\",\"@id\":\"https:\\\/\\\/www.materialpoolbern.ch\\\/material\\\/ks-satellite-system\\\/\",\"url\":\"https:\\\/\\\/www.materialpoolbern.ch\\\/material\\\/ks-satellite-system\\\/\",\"name\":\"KS Satellite System - Materialpool Bern\",\"isPartOf\":{\"@id\":\"https:\\\/\\\/www.materialpoolbern.ch\\\/#website\"},\"primaryImageOfPage\":{\"@id\":\"https:\\\/\\\/www.materialpoolbern.ch\\\/material\\\/ks-satellite-system\\\/#primaryimage\"},\"image\":{\"@id\":\"https:\\\/\\\/www.materialpoolbern.ch\\\/material\\\/ks-satellite-system\\\/#primaryimage\"},\"thumbnailUrl\":\"https:\\\/\\\/www.materialpoolbern.ch\\\/wp-content\\\/uploads\\\/2023\\\/09\\\/P1000711.jpg\",\"datePublished\":\"2023-09-26T10:27:56+00:00\",\"dateModified\":\"2026-04-13T13:54:52+00:00\",\"breadcrumb\":{\"@id\":\"https:\\\/\\\/www.materialpoolbern.ch\\\/material\\\/ks-satellite-system\\\/#breadcrumb\"},\"inLanguage\":\"fr-FR\",\"potentialAction\":[{\"@type\":\"ReadAction\",\"target\":[\"https:\\\/\\\/www.materialpoolbern.ch\\\/material\\\/ks-satellite-system\\\/\"]}]},{\"@type\":\"ImageObject\",\"inLanguage\":\"fr-FR\",\"@id\":\"https:\\\/\\\/www.materialpoolbern.ch\\\/material\\\/ks-satellite-system\\\/#primaryimage\",\"url\":\"https:\\\/\\\/www.materialpoolbern.ch\\\/wp-content\\\/uploads\\\/2023\\\/09\\\/P1000711.jpg\",\"contentUrl\":\"https:\\\/\\\/www.materialpoolbern.ch\\\/wp-content\\\/uploads\\\/2023\\\/09\\\/P1000711.jpg\",\"width\":872,\"height\":1030},{\"@type\":\"BreadcrumbList\",\"@id\":\"https:\\\/\\\/www.materialpoolbern.ch\\\/material\\\/ks-satellite-system\\\/#breadcrumb\",\"itemListElement\":[{\"@type\":\"ListItem\",\"position\":1,\"name\":\"Startseite\",\"item\":\"https:\\\/\\\/www.materialpoolbern.ch\\\/\"},{\"@type\":\"ListItem\",\"position\":2,\"name\":\"Material\",\"item\":\"https:\\\/\\\/www.materialpoolbern.ch\\\/material\\\/\"},{\"@type\":\"ListItem\",\"position\":3,\"name\":\"KS Satellite System\"}]},{\"@type\":\"WebSite\",\"@id\":\"https:\\\/\\\/www.materialpoolbern.ch\\\/#website\",\"url\":\"https:\\\/\\\/www.materialpoolbern.ch\\\/\",\"name\":\"Materialpool Bern\",\"description\":\"Material f\u00fcr Kulturschaffende\",\"publisher\":{\"@id\":\"https:\\\/\\\/www.materialpoolbern.ch\\\/#organization\"},\"potentialAction\":[{\"@type\":\"SearchAction\",\"target\":{\"@type\":\"EntryPoint\",\"urlTemplate\":\"https:\\\/\\\/www.materialpoolbern.ch\\\/?s={search_term_string}\"},\"query-input\":{\"@type\":\"PropertyValueSpecification\",\"valueRequired\":true,\"valueName\":\"search_term_string\"}}],\"inLanguage\":\"fr-FR\"},{\"@type\":\"Organization\",\"@id\":\"https:\\\/\\\/www.materialpoolbern.ch\\\/#organization\",\"name\":\"Materialpool Bern\",\"url\":\"https:\\\/\\\/www.materialpoolbern.ch\\\/\",\"logo\":{\"@type\":\"ImageObject\",\"inLanguage\":\"fr-FR\",\"@id\":\"https:\\\/\\\/www.materialpoolbern.ch\\\/#\\\/schema\\\/logo\\\/image\\\/\",\"url\":\"https:\\\/\\\/www.materialpoolbern.ch\\\/wp-content\\\/uploads\\\/2019\\\/11\\\/Logo_materialpool.png\",\"contentUrl\":\"https:\\\/\\\/www.materialpoolbern.ch\\\/wp-content\\\/uploads\\\/2019\\\/11\\\/Logo_materialpool.png\",\"width\":758,\"height\":295,\"caption\":\"Materialpool Bern\"},\"image\":{\"@id\":\"https:\\\/\\\/www.materialpoolbern.ch\\\/#\\\/schema\\\/logo\\\/image\\\/\"}}]}<\/script>\n<!-- \/ Yoast SEO plugin. -->","yoast_head_json":{"title":"KS Satellite System - Materialpool Bern","robots":{"index":"index","follow":"follow","max-snippet":"max-snippet:-1","max-image-preview":"max-image-preview:large","max-video-preview":"max-video-preview:-1"},"canonical":"https:\/\/www.materialpoolbern.ch\/fr\/materiaux\/ks-satellite-system\/","og_locale":"fr_FR","og_type":"article","og_title":"KS Satellite System - Materialpool Bern","og_description":"PA System KS Sat komplett \u00a0 3-Weg PA System1 x KS CB118 18\u2033 mono Subwoofer2 x KS CM210 10\u2033\/1\u2033Topteilen\u00dcbertragungsbereich 44-17 000 Hz 3 dBSchalldruck 128 dB SPL max.Leistung 1500W Inklusive:2 St\u00fcck Lautsprecherstativ2 St\u00fcck 10m Speakon Kabel \u00a0","og_url":"https:\/\/www.materialpoolbern.ch\/fr\/materiaux\/ks-satellite-system\/","og_site_name":"Materialpool Bern","article_modified_time":"2026-04-13T13:54:52+00:00","og_image":[{"width":872,"height":1030,"url":"https:\/\/www.materialpoolbern.ch\/wp-content\/uploads\/2023\/09\/P1000711.jpg","type":"image\/jpeg"}],"twitter_card":"summary_large_image","schema":{"@context":"https:\/\/schema.org","@graph":[{"@type":"WebPage","@id":"https:\/\/www.materialpoolbern.ch\/material\/ks-satellite-system\/","url":"https:\/\/www.materialpoolbern.ch\/material\/ks-satellite-system\/","name":"KS Satellite System - Materialpool Bern","isPartOf":{"@id":"https:\/\/www.materialpoolbern.ch\/#website"},"primaryImageOfPage":{"@id":"https:\/\/www.materialpoolbern.ch\/material\/ks-satellite-system\/#primaryimage"},"image":{"@id":"https:\/\/www.materialpoolbern.ch\/material\/ks-satellite-system\/#primaryimage"},"thumbnailUrl":"https:\/\/www.materialpoolbern.ch\/wp-content\/uploads\/2023\/09\/P1000711.jpg","datePublished":"2023-09-26T10:27:56+00:00","dateModified":"2026-04-13T13:54:52+00:00","breadcrumb":{"@id":"https:\/\/www.materialpoolbern.ch\/material\/ks-satellite-system\/#breadcrumb"},"inLanguage":"fr-FR","potentialAction":[{"@type":"ReadAction","target":["https:\/\/www.materialpoolbern.ch\/material\/ks-satellite-system\/"]}]},{"@type":"ImageObject","inLanguage":"fr-FR","@id":"https:\/\/www.materialpoolbern.ch\/material\/ks-satellite-system\/#primaryimage","url":"https:\/\/www.materialpoolbern.ch\/wp-content\/uploads\/2023\/09\/P1000711.jpg","contentUrl":"https:\/\/www.materialpoolbern.ch\/wp-content\/uploads\/2023\/09\/P1000711.jpg","width":872,"height":1030},{"@type":"BreadcrumbList","@id":"https:\/\/www.materialpoolbern.ch\/material\/ks-satellite-system\/#breadcrumb","itemListElement":[{"@type":"ListItem","position":1,"name":"Startseite","item":"https:\/\/www.materialpoolbern.ch\/"},{"@type":"ListItem","position":2,"name":"Material","item":"https:\/\/www.materialpoolbern.ch\/material\/"},{"@type":"ListItem","position":3,"name":"KS Satellite System"}]},{"@type":"WebSite","@id":"https:\/\/www.materialpoolbern.ch\/#website","url":"https:\/\/www.materialpoolbern.ch\/","name":"Pool De Mat\u00e9riel Berne","description":"Mat\u00e9riel pour les professionnels de la culture","publisher":{"@id":"https:\/\/www.materialpoolbern.ch\/#organization"},"potentialAction":[{"@type":"SearchAction","target":{"@type":"EntryPoint","urlTemplate":"https:\/\/www.materialpoolbern.ch\/?s={search_term_string}"},"query-input":{"@type":"PropertyValueSpecification","valueRequired":true,"valueName":"search_term_string"}}],"inLanguage":"fr-FR"},{"@type":"Organization","@id":"https:\/\/www.materialpoolbern.ch\/#organization","name":"Pool De Mat\u00e9riel Berne","url":"https:\/\/www.materialpoolbern.ch\/","logo":{"@type":"ImageObject","inLanguage":"fr-FR","@id":"https:\/\/www.materialpoolbern.ch\/#\/schema\/logo\/image\/","url":"https:\/\/www.materialpoolbern.ch\/wp-content\/uploads\/2019\/11\/Logo_materialpool.png","contentUrl":"https:\/\/www.materialpoolbern.ch\/wp-content\/uploads\/2019\/11\/Logo_materialpool.png","width":758,"height":295,"caption":"Materialpool Bern"},"image":{"@id":"https:\/\/www.materialpoolbern.ch\/#\/schema\/logo\/image\/"}}]}},"_links":{"self":[{"href":"https:\/\/www.materialpoolbern.ch\/fr\/wp-json\/wp\/v2\/product\/15144","targetHints":{"allow":["GET"]}}],"collection":[{"href":"https:\/\/www.materialpoolbern.ch\/fr\/wp-json\/wp\/v2\/product"}],"about":[{"href":"https:\/\/www.materialpoolbern.ch\/fr\/wp-json\/wp\/v2\/types\/product"}],"wp:featuredmedia":[{"embeddable":true,"href":"https:\/\/www.materialpoolbern.ch\/fr\/wp-json\/wp\/v2\/media\/15518"}],"wp:attachment":[{"href":"https:\/\/www.materialpoolbern.ch\/fr\/wp-json\/wp\/v2\/media?parent=15144"}],"wp:term":[{"taxonomy":"product_brand","embeddable":true,"href":"https:\/\/www.materialpoolbern.ch\/fr\/wp-json\/wp\/v2\/product_brand?post=15144"},{"taxonomy":"product_cat","embeddable":true,"href":"https:\/\/www.materialpoolbern.ch\/fr\/wp-json\/wp\/v2\/product_cat?post=15144"},{"taxonomy":"product_tag","embeddable":true,"href":"https:\/\/www.materialpoolbern.ch\/fr\/wp-json\/wp\/v2\/product_tag?post=15144"}],"curies":[{"name":"wp","href":"https:\/\/api.w.org\/{rel}","templated":true}]}}