{"id":15304,"date":"2023-12-04T10:20:35","date_gmt":"2023-12-04T09:20:35","guid":{"rendered":"https:\/\/www.materialpoolbern.ch\/material\/unkategorisiert\/stagebox-yamaha-tio1608-d\/"},"modified":"2026-04-13T15:55:14","modified_gmt":"2026-04-13T13:55:14","slug":"stagebox-yamaha-tio1608-d","status":"publish","type":"product","link":"https:\/\/www.materialpoolbern.ch\/fr\/material\/stagebox-yamaha-tio1608-d\/","title":{"rendered":"Bo\u00eetier de sc\u00e8ne Yamaha Tio1608-D"},"content":{"rendered":"<p>Das Tio1608-D ist ein Dante I\/O-Rack mit 16 Mikrofon-\/Line-Eing\u00e4ngen und 8 Line-Ausg\u00e4ngen. Tio Racks verf\u00fcgen \u00fcber dieselben speicherbaren D-PRE\u2122 Mikrofonvorverst\u00e4rker wie die TF Serie und liefern einen au\u00dfergew\u00f6hnlich nat\u00fcrlichen und musikalischen Sound. In Verbindung mit Mischpulten der TF Serie k\u00f6nnen bis zu drei Einheiten der Tio Racks schnell und m\u00fchelos verbunden und eingerichtet werden.<\/p>","protected":false},"excerpt":{"rendered":"<p>Yamaha Stagebox Tio1608-D, 16 Inputs, 8 Outputs, DANTE<br \/>Stagebox zu Yamaha Digitalmischpulten<\/p>","protected":false},"featured_media":15307,"template":"","meta":[],"product_brand":[],"product_cat":[13250],"product_tag":[],"class_list":{"0":"post-15304","1":"product","2":"type-product","3":"status-publish","4":"has-post-thumbnail","6":"product_cat-mischpulte-digital","8":"first","9":"instock","10":"shipping-taxable","11":"product-type-rentable"},"yoast_head":"<!-- This site is optimized with the Yoast SEO plugin v27.4 - https:\/\/yoast.com\/product\/yoast-seo-wordpress\/ -->\n<title>Stagebox Yamaha Tio1608-D - Materialpool Bern<\/title>\n<meta name=\"robots\" content=\"index, follow, max-snippet:-1, max-image-preview:large, max-video-preview:-1\" \/>\n<link rel=\"canonical\" href=\"https:\/\/www.materialpoolbern.ch\/fr\/materiaux\/stagebox-yamaha-tio1608-d\/\" \/>\n<meta property=\"og:locale\" content=\"fr_FR\" \/>\n<meta property=\"og:type\" content=\"article\" \/>\n<meta property=\"og:title\" content=\"Stagebox Yamaha Tio1608-D - Materialpool Bern\" \/>\n<meta property=\"og:description\" content=\"Yamaha Stagebox Tio1608-D, 16 Inputs, 8 Outputs, DANTEStagebox zu Yamaha Digitalmischpulten\" \/>\n<meta property=\"og:url\" content=\"https:\/\/www.materialpoolbern.ch\/fr\/materiaux\/stagebox-yamaha-tio1608-d\/\" \/>\n<meta property=\"og:site_name\" content=\"Materialpool Bern\" \/>\n<meta property=\"article:modified_time\" content=\"2026-04-13T13:55:14+00:00\" \/>\n<meta property=\"og:image\" content=\"https:\/\/www.materialpoolbern.ch\/wp-content\/uploads\/2023\/12\/tio1608d_front.jpg\" \/>\n\t<meta property=\"og:image:width\" content=\"2000\" \/>\n\t<meta property=\"og:image:height\" content=\"2000\" \/>\n\t<meta property=\"og:image:type\" content=\"image\/jpeg\" \/>\n<meta name=\"twitter:card\" content=\"summary_large_image\" \/>\n<script type=\"application\/ld+json\" class=\"yoast-schema-graph\">{\"@context\":\"https:\\\/\\\/schema.org\",\"@graph\":[{\"@type\":\"WebPage\",\"@id\":\"https:\\\/\\\/www.materialpoolbern.ch\\\/material\\\/stagebox-yamaha-tio1608-d\\\/\",\"url\":\"https:\\\/\\\/www.materialpoolbern.ch\\\/material\\\/stagebox-yamaha-tio1608-d\\\/\",\"name\":\"Stagebox Yamaha Tio1608-D - Materialpool Bern\",\"isPartOf\":{\"@id\":\"https:\\\/\\\/www.materialpoolbern.ch\\\/#website\"},\"primaryImageOfPage\":{\"@id\":\"https:\\\/\\\/www.materialpoolbern.ch\\\/material\\\/stagebox-yamaha-tio1608-d\\\/#primaryimage\"},\"image\":{\"@id\":\"https:\\\/\\\/www.materialpoolbern.ch\\\/material\\\/stagebox-yamaha-tio1608-d\\\/#primaryimage\"},\"thumbnailUrl\":\"https:\\\/\\\/www.materialpoolbern.ch\\\/wp-content\\\/uploads\\\/2023\\\/12\\\/tio1608d_front.jpg\",\"datePublished\":\"2023-12-04T09:20:35+00:00\",\"dateModified\":\"2026-04-13T13:55:14+00:00\",\"breadcrumb\":{\"@id\":\"https:\\\/\\\/www.materialpoolbern.ch\\\/material\\\/stagebox-yamaha-tio1608-d\\\/#breadcrumb\"},\"inLanguage\":\"fr-FR\",\"potentialAction\":[{\"@type\":\"ReadAction\",\"target\":[\"https:\\\/\\\/www.materialpoolbern.ch\\\/material\\\/stagebox-yamaha-tio1608-d\\\/\"]}]},{\"@type\":\"ImageObject\",\"inLanguage\":\"fr-FR\",\"@id\":\"https:\\\/\\\/www.materialpoolbern.ch\\\/material\\\/stagebox-yamaha-tio1608-d\\\/#primaryimage\",\"url\":\"https:\\\/\\\/www.materialpoolbern.ch\\\/wp-content\\\/uploads\\\/2023\\\/12\\\/tio1608d_front.jpg\",\"contentUrl\":\"https:\\\/\\\/www.materialpoolbern.ch\\\/wp-content\\\/uploads\\\/2023\\\/12\\\/tio1608d_front.jpg\",\"width\":2000,\"height\":2000},{\"@type\":\"BreadcrumbList\",\"@id\":\"https:\\\/\\\/www.materialpoolbern.ch\\\/material\\\/stagebox-yamaha-tio1608-d\\\/#breadcrumb\",\"itemListElement\":[{\"@type\":\"ListItem\",\"position\":1,\"name\":\"Startseite\",\"item\":\"https:\\\/\\\/www.materialpoolbern.ch\\\/\"},{\"@type\":\"ListItem\",\"position\":2,\"name\":\"Material\",\"item\":\"https:\\\/\\\/www.materialpoolbern.ch\\\/material\\\/\"},{\"@type\":\"ListItem\",\"position\":3,\"name\":\"Stagebox Yamaha Tio1608-D\"}]},{\"@type\":\"WebSite\",\"@id\":\"https:\\\/\\\/www.materialpoolbern.ch\\\/#website\",\"url\":\"https:\\\/\\\/www.materialpoolbern.ch\\\/\",\"name\":\"Materialpool Bern\",\"description\":\"Material f\u00fcr Kulturschaffende\",\"publisher\":{\"@id\":\"https:\\\/\\\/www.materialpoolbern.ch\\\/#organization\"},\"potentialAction\":[{\"@type\":\"SearchAction\",\"target\":{\"@type\":\"EntryPoint\",\"urlTemplate\":\"https:\\\/\\\/www.materialpoolbern.ch\\\/?s={search_term_string}\"},\"query-input\":{\"@type\":\"PropertyValueSpecification\",\"valueRequired\":true,\"valueName\":\"search_term_string\"}}],\"inLanguage\":\"fr-FR\"},{\"@type\":\"Organization\",\"@id\":\"https:\\\/\\\/www.materialpoolbern.ch\\\/#organization\",\"name\":\"Materialpool Bern\",\"url\":\"https:\\\/\\\/www.materialpoolbern.ch\\\/\",\"logo\":{\"@type\":\"ImageObject\",\"inLanguage\":\"fr-FR\",\"@id\":\"https:\\\/\\\/www.materialpoolbern.ch\\\/#\\\/schema\\\/logo\\\/image\\\/\",\"url\":\"https:\\\/\\\/www.materialpoolbern.ch\\\/wp-content\\\/uploads\\\/2019\\\/11\\\/Logo_materialpool.png\",\"contentUrl\":\"https:\\\/\\\/www.materialpoolbern.ch\\\/wp-content\\\/uploads\\\/2019\\\/11\\\/Logo_materialpool.png\",\"width\":758,\"height\":295,\"caption\":\"Materialpool Bern\"},\"image\":{\"@id\":\"https:\\\/\\\/www.materialpoolbern.ch\\\/#\\\/schema\\\/logo\\\/image\\\/\"}}]}<\/script>\n<!-- \/ Yoast SEO plugin. -->","yoast_head_json":{"title":"Stagebox Yamaha Tio1608-D - Materialpool Bern","robots":{"index":"index","follow":"follow","max-snippet":"max-snippet:-1","max-image-preview":"max-image-preview:large","max-video-preview":"max-video-preview:-1"},"canonical":"https:\/\/www.materialpoolbern.ch\/fr\/materiaux\/stagebox-yamaha-tio1608-d\/","og_locale":"fr_FR","og_type":"article","og_title":"Stagebox Yamaha Tio1608-D - Materialpool Bern","og_description":"Yamaha Stagebox Tio1608-D, 16 Inputs, 8 Outputs, DANTEStagebox zu Yamaha Digitalmischpulten","og_url":"https:\/\/www.materialpoolbern.ch\/fr\/materiaux\/stagebox-yamaha-tio1608-d\/","og_site_name":"Materialpool Bern","article_modified_time":"2026-04-13T13:55:14+00:00","og_image":[{"width":2000,"height":2000,"url":"https:\/\/www.materialpoolbern.ch\/wp-content\/uploads\/2023\/12\/tio1608d_front.jpg","type":"image\/jpeg"}],"twitter_card":"summary_large_image","schema":{"@context":"https:\/\/schema.org","@graph":[{"@type":"WebPage","@id":"https:\/\/www.materialpoolbern.ch\/material\/stagebox-yamaha-tio1608-d\/","url":"https:\/\/www.materialpoolbern.ch\/material\/stagebox-yamaha-tio1608-d\/","name":"Stagebox Yamaha Tio1608-D - Materialpool Bern","isPartOf":{"@id":"https:\/\/www.materialpoolbern.ch\/#website"},"primaryImageOfPage":{"@id":"https:\/\/www.materialpoolbern.ch\/material\/stagebox-yamaha-tio1608-d\/#primaryimage"},"image":{"@id":"https:\/\/www.materialpoolbern.ch\/material\/stagebox-yamaha-tio1608-d\/#primaryimage"},"thumbnailUrl":"https:\/\/www.materialpoolbern.ch\/wp-content\/uploads\/2023\/12\/tio1608d_front.jpg","datePublished":"2023-12-04T09:20:35+00:00","dateModified":"2026-04-13T13:55:14+00:00","breadcrumb":{"@id":"https:\/\/www.materialpoolbern.ch\/material\/stagebox-yamaha-tio1608-d\/#breadcrumb"},"inLanguage":"fr-FR","potentialAction":[{"@type":"ReadAction","target":["https:\/\/www.materialpoolbern.ch\/material\/stagebox-yamaha-tio1608-d\/"]}]},{"@type":"ImageObject","inLanguage":"fr-FR","@id":"https:\/\/www.materialpoolbern.ch\/material\/stagebox-yamaha-tio1608-d\/#primaryimage","url":"https:\/\/www.materialpoolbern.ch\/wp-content\/uploads\/2023\/12\/tio1608d_front.jpg","contentUrl":"https:\/\/www.materialpoolbern.ch\/wp-content\/uploads\/2023\/12\/tio1608d_front.jpg","width":2000,"height":2000},{"@type":"BreadcrumbList","@id":"https:\/\/www.materialpoolbern.ch\/material\/stagebox-yamaha-tio1608-d\/#breadcrumb","itemListElement":[{"@type":"ListItem","position":1,"name":"Startseite","item":"https:\/\/www.materialpoolbern.ch\/"},{"@type":"ListItem","position":2,"name":"Material","item":"https:\/\/www.materialpoolbern.ch\/material\/"},{"@type":"ListItem","position":3,"name":"Stagebox Yamaha Tio1608-D"}]},{"@type":"WebSite","@id":"https:\/\/www.materialpoolbern.ch\/#website","url":"https:\/\/www.materialpoolbern.ch\/","name":"Pool De Mat\u00e9riel Berne","description":"Mat\u00e9riel pour les professionnels de la culture","publisher":{"@id":"https:\/\/www.materialpoolbern.ch\/#organization"},"potentialAction":[{"@type":"SearchAction","target":{"@type":"EntryPoint","urlTemplate":"https:\/\/www.materialpoolbern.ch\/?s={search_term_string}"},"query-input":{"@type":"PropertyValueSpecification","valueRequired":true,"valueName":"search_term_string"}}],"inLanguage":"fr-FR"},{"@type":"Organization","@id":"https:\/\/www.materialpoolbern.ch\/#organization","name":"Pool De Mat\u00e9riel Berne","url":"https:\/\/www.materialpoolbern.ch\/","logo":{"@type":"ImageObject","inLanguage":"fr-FR","@id":"https:\/\/www.materialpoolbern.ch\/#\/schema\/logo\/image\/","url":"https:\/\/www.materialpoolbern.ch\/wp-content\/uploads\/2019\/11\/Logo_materialpool.png","contentUrl":"https:\/\/www.materialpoolbern.ch\/wp-content\/uploads\/2019\/11\/Logo_materialpool.png","width":758,"height":295,"caption":"Materialpool Bern"},"image":{"@id":"https:\/\/www.materialpoolbern.ch\/#\/schema\/logo\/image\/"}}]}},"_links":{"self":[{"href":"https:\/\/www.materialpoolbern.ch\/fr\/wp-json\/wp\/v2\/product\/15304","targetHints":{"allow":["GET"]}}],"collection":[{"href":"https:\/\/www.materialpoolbern.ch\/fr\/wp-json\/wp\/v2\/product"}],"about":[{"href":"https:\/\/www.materialpoolbern.ch\/fr\/wp-json\/wp\/v2\/types\/product"}],"wp:featuredmedia":[{"embeddable":true,"href":"https:\/\/www.materialpoolbern.ch\/fr\/wp-json\/wp\/v2\/media\/15307"}],"wp:attachment":[{"href":"https:\/\/www.materialpoolbern.ch\/fr\/wp-json\/wp\/v2\/media?parent=15304"}],"wp:term":[{"taxonomy":"product_brand","embeddable":true,"href":"https:\/\/www.materialpoolbern.ch\/fr\/wp-json\/wp\/v2\/product_brand?post=15304"},{"taxonomy":"product_cat","embeddable":true,"href":"https:\/\/www.materialpoolbern.ch\/fr\/wp-json\/wp\/v2\/product_cat?post=15304"},{"taxonomy":"product_tag","embeddable":true,"href":"https:\/\/www.materialpoolbern.ch\/fr\/wp-json\/wp\/v2\/product_tag?post=15304"}],"curies":[{"name":"wp","href":"https:\/\/api.w.org\/{rel}","templated":true}]}}