{"id":16661,"date":"2026-01-30T11:18:27","date_gmt":"2026-01-30T10:18:27","guid":{"rendered":"https:\/\/www.materialpoolbern.ch\/material\/unkategorisiert\/juliat-dimmer-rack-12-kanal\/"},"modified":"2026-04-13T15:55:19","modified_gmt":"2026-04-13T13:55:19","slug":"12-kanal-dimmerrack-dmx-inkl-case","status":"publish","type":"product","link":"https:\/\/www.materialpoolbern.ch\/fr\/material\/12-kanal-dimmerrack-dmx-inkl-case\/","title":{"rendered":"12 canaux Dimmerrack, DMX incl. case"},"content":{"rendered":"<p>Juliat Dimmrack 12 Ch.<\/p>\n<p>12 x 16A<\/p>","protected":false},"excerpt":{"rendered":"<p>&#8211; Robert Juliat 12K. Dimmer mit Duo12 Analogsteuerung<br \/>&#8211; CEE63 380V Anschluss<br \/>&#8211; 6 x 2 Kanal Dimmereinsch\u00fcbe 16Amp.<br \/>&#8211; 2 Analog Anschl\u00fcsse passend f\u00fcr Lichtpult (Suriaux 8647 Stecker ) Kabel vorhanden<br \/>&#8211; nachtr\u00e4glich eingebautes DMX Interface<br \/>&#8211; mit Case<br \/>&#8211; 55 kg<br \/>&#8211; Dimmerrack in gutem Zustand<br \/>&#8211; Lichtpult Duo12 analog , nicht programmierbar, diverse Steuerfunktionen<br \/>&#8211; muss in Burgdorf abgeholt werden inkl. Lichtpult<br \/>&#8211; Bezahlung bar<\/p>","protected":false},"featured_media":16679,"template":"","meta":[],"product_brand":[],"product_cat":[13913],"product_tag":[],"class_list":{"0":"post-16661","1":"product","2":"type-product","3":"status-publish","4":"has-post-thumbnail","6":"product_cat-occasionen","8":"first","9":"instock","10":"shipping-taxable","11":"product-type-simple"},"yoast_head":"<!-- This site is optimized with the Yoast SEO plugin v27.4 - https:\/\/yoast.com\/product\/yoast-seo-wordpress\/ -->\n<title>12 Kanal Dimmerrack, DMX inkl. Case - Materialpool Bern<\/title>\n<meta name=\"robots\" content=\"index, follow, max-snippet:-1, max-image-preview:large, max-video-preview:-1\" \/>\n<link rel=\"canonical\" href=\"https:\/\/www.materialpoolbern.ch\/fr\/materiaux\/12-kanal-dimmerrack-dmx-inkl-case\/\" \/>\n<meta property=\"og:locale\" content=\"fr_FR\" \/>\n<meta property=\"og:type\" content=\"article\" \/>\n<meta property=\"og:title\" content=\"12 Kanal Dimmerrack, DMX inkl. Case - Materialpool Bern\" \/>\n<meta property=\"og:description\" content=\"- Robert Juliat 12K. Dimmer mit Duo12 Analogsteuerung- CEE63 380V Anschluss- 6 x 2 Kanal Dimmereinsch\u00fcbe 16Amp.- 2 Analog Anschl\u00fcsse passend f\u00fcr Lichtpult (Suriaux 8647 Stecker ) Kabel vorhanden- nachtr\u00e4glich eingebautes DMX Interface- mit Case- 55 kg- Dimmerrack in gutem Zustand- Lichtpult Duo12 analog , nicht programmierbar, diverse Steuerfunktionen- muss in Burgdorf abgeholt werden inkl. Lichtpult- Bezahlung bar\" \/>\n<meta property=\"og:url\" content=\"https:\/\/www.materialpoolbern.ch\/fr\/materiaux\/12-kanal-dimmerrack-dmx-inkl-case\/\" \/>\n<meta property=\"og:site_name\" content=\"Materialpool Bern\" \/>\n<meta property=\"article:modified_time\" content=\"2026-04-13T13:55:19+00:00\" \/>\n<meta property=\"og:image\" content=\"https:\/\/www.materialpoolbern.ch\/wp-content\/uploads\/2026\/01\/IMG_8558-scaled.jpg\" \/>\n\t<meta property=\"og:image:width\" content=\"2560\" \/>\n\t<meta property=\"og:image:height\" content=\"1921\" \/>\n\t<meta property=\"og:image:type\" content=\"image\/jpeg\" \/>\n<meta name=\"twitter:card\" content=\"summary_large_image\" \/>\n<script type=\"application\/ld+json\" class=\"yoast-schema-graph\">{\"@context\":\"https:\\\/\\\/schema.org\",\"@graph\":[{\"@type\":\"WebPage\",\"@id\":\"https:\\\/\\\/www.materialpoolbern.ch\\\/material\\\/12-kanal-dimmerrack-dmx-inkl-case\\\/\",\"url\":\"https:\\\/\\\/www.materialpoolbern.ch\\\/material\\\/12-kanal-dimmerrack-dmx-inkl-case\\\/\",\"name\":\"12 Kanal Dimmerrack, DMX inkl. Case - Materialpool Bern\",\"isPartOf\":{\"@id\":\"https:\\\/\\\/www.materialpoolbern.ch\\\/#website\"},\"primaryImageOfPage\":{\"@id\":\"https:\\\/\\\/www.materialpoolbern.ch\\\/material\\\/12-kanal-dimmerrack-dmx-inkl-case\\\/#primaryimage\"},\"image\":{\"@id\":\"https:\\\/\\\/www.materialpoolbern.ch\\\/material\\\/12-kanal-dimmerrack-dmx-inkl-case\\\/#primaryimage\"},\"thumbnailUrl\":\"https:\\\/\\\/www.materialpoolbern.ch\\\/wp-content\\\/uploads\\\/2026\\\/01\\\/IMG_8558-scaled.jpg\",\"datePublished\":\"2026-01-30T10:18:27+00:00\",\"dateModified\":\"2026-04-13T13:55:19+00:00\",\"breadcrumb\":{\"@id\":\"https:\\\/\\\/www.materialpoolbern.ch\\\/material\\\/12-kanal-dimmerrack-dmx-inkl-case\\\/#breadcrumb\"},\"inLanguage\":\"fr-FR\",\"potentialAction\":[{\"@type\":\"ReadAction\",\"target\":[\"https:\\\/\\\/www.materialpoolbern.ch\\\/material\\\/12-kanal-dimmerrack-dmx-inkl-case\\\/\"]}]},{\"@type\":\"ImageObject\",\"inLanguage\":\"fr-FR\",\"@id\":\"https:\\\/\\\/www.materialpoolbern.ch\\\/material\\\/12-kanal-dimmerrack-dmx-inkl-case\\\/#primaryimage\",\"url\":\"https:\\\/\\\/www.materialpoolbern.ch\\\/wp-content\\\/uploads\\\/2026\\\/01\\\/IMG_8558-scaled.jpg\",\"contentUrl\":\"https:\\\/\\\/www.materialpoolbern.ch\\\/wp-content\\\/uploads\\\/2026\\\/01\\\/IMG_8558-scaled.jpg\",\"width\":2560,\"height\":1921},{\"@type\":\"BreadcrumbList\",\"@id\":\"https:\\\/\\\/www.materialpoolbern.ch\\\/material\\\/12-kanal-dimmerrack-dmx-inkl-case\\\/#breadcrumb\",\"itemListElement\":[{\"@type\":\"ListItem\",\"position\":1,\"name\":\"Startseite\",\"item\":\"https:\\\/\\\/www.materialpoolbern.ch\\\/\"},{\"@type\":\"ListItem\",\"position\":2,\"name\":\"Material\",\"item\":\"https:\\\/\\\/www.materialpoolbern.ch\\\/material\\\/\"},{\"@type\":\"ListItem\",\"position\":3,\"name\":\"12 Kanal Dimmerrack, DMX inkl. Case\"}]},{\"@type\":\"WebSite\",\"@id\":\"https:\\\/\\\/www.materialpoolbern.ch\\\/#website\",\"url\":\"https:\\\/\\\/www.materialpoolbern.ch\\\/\",\"name\":\"Materialpool Bern\",\"description\":\"Material f\u00fcr Kulturschaffende\",\"publisher\":{\"@id\":\"https:\\\/\\\/www.materialpoolbern.ch\\\/#organization\"},\"potentialAction\":[{\"@type\":\"SearchAction\",\"target\":{\"@type\":\"EntryPoint\",\"urlTemplate\":\"https:\\\/\\\/www.materialpoolbern.ch\\\/?s={search_term_string}\"},\"query-input\":{\"@type\":\"PropertyValueSpecification\",\"valueRequired\":true,\"valueName\":\"search_term_string\"}}],\"inLanguage\":\"fr-FR\"},{\"@type\":\"Organization\",\"@id\":\"https:\\\/\\\/www.materialpoolbern.ch\\\/#organization\",\"name\":\"Materialpool Bern\",\"url\":\"https:\\\/\\\/www.materialpoolbern.ch\\\/\",\"logo\":{\"@type\":\"ImageObject\",\"inLanguage\":\"fr-FR\",\"@id\":\"https:\\\/\\\/www.materialpoolbern.ch\\\/#\\\/schema\\\/logo\\\/image\\\/\",\"url\":\"https:\\\/\\\/www.materialpoolbern.ch\\\/wp-content\\\/uploads\\\/2019\\\/11\\\/Logo_materialpool.png\",\"contentUrl\":\"https:\\\/\\\/www.materialpoolbern.ch\\\/wp-content\\\/uploads\\\/2019\\\/11\\\/Logo_materialpool.png\",\"width\":758,\"height\":295,\"caption\":\"Materialpool Bern\"},\"image\":{\"@id\":\"https:\\\/\\\/www.materialpoolbern.ch\\\/#\\\/schema\\\/logo\\\/image\\\/\"}}]}<\/script>\n<!-- \/ Yoast SEO plugin. -->","yoast_head_json":{"title":"12 Kanal Dimmerrack, DMX inkl. Case - Materialpool Bern","robots":{"index":"index","follow":"follow","max-snippet":"max-snippet:-1","max-image-preview":"max-image-preview:large","max-video-preview":"max-video-preview:-1"},"canonical":"https:\/\/www.materialpoolbern.ch\/fr\/materiaux\/12-kanal-dimmerrack-dmx-inkl-case\/","og_locale":"fr_FR","og_type":"article","og_title":"12 Kanal Dimmerrack, DMX inkl. Case - Materialpool Bern","og_description":"- Robert Juliat 12K. Dimmer mit Duo12 Analogsteuerung- CEE63 380V Anschluss- 6 x 2 Kanal Dimmereinsch\u00fcbe 16Amp.- 2 Analog Anschl\u00fcsse passend f\u00fcr Lichtpult (Suriaux 8647 Stecker ) Kabel vorhanden- nachtr\u00e4glich eingebautes DMX Interface- mit Case- 55 kg- Dimmerrack in gutem Zustand- Lichtpult Duo12 analog , nicht programmierbar, diverse Steuerfunktionen- muss in Burgdorf abgeholt werden inkl. Lichtpult- Bezahlung bar","og_url":"https:\/\/www.materialpoolbern.ch\/fr\/materiaux\/12-kanal-dimmerrack-dmx-inkl-case\/","og_site_name":"Materialpool Bern","article_modified_time":"2026-04-13T13:55:19+00:00","og_image":[{"width":2560,"height":1921,"url":"https:\/\/www.materialpoolbern.ch\/wp-content\/uploads\/2026\/01\/IMG_8558-scaled.jpg","type":"image\/jpeg"}],"twitter_card":"summary_large_image","schema":{"@context":"https:\/\/schema.org","@graph":[{"@type":"WebPage","@id":"https:\/\/www.materialpoolbern.ch\/material\/12-kanal-dimmerrack-dmx-inkl-case\/","url":"https:\/\/www.materialpoolbern.ch\/material\/12-kanal-dimmerrack-dmx-inkl-case\/","name":"12 Kanal Dimmerrack, DMX inkl. Case - Materialpool Bern","isPartOf":{"@id":"https:\/\/www.materialpoolbern.ch\/#website"},"primaryImageOfPage":{"@id":"https:\/\/www.materialpoolbern.ch\/material\/12-kanal-dimmerrack-dmx-inkl-case\/#primaryimage"},"image":{"@id":"https:\/\/www.materialpoolbern.ch\/material\/12-kanal-dimmerrack-dmx-inkl-case\/#primaryimage"},"thumbnailUrl":"https:\/\/www.materialpoolbern.ch\/wp-content\/uploads\/2026\/01\/IMG_8558-scaled.jpg","datePublished":"2026-01-30T10:18:27+00:00","dateModified":"2026-04-13T13:55:19+00:00","breadcrumb":{"@id":"https:\/\/www.materialpoolbern.ch\/material\/12-kanal-dimmerrack-dmx-inkl-case\/#breadcrumb"},"inLanguage":"fr-FR","potentialAction":[{"@type":"ReadAction","target":["https:\/\/www.materialpoolbern.ch\/material\/12-kanal-dimmerrack-dmx-inkl-case\/"]}]},{"@type":"ImageObject","inLanguage":"fr-FR","@id":"https:\/\/www.materialpoolbern.ch\/material\/12-kanal-dimmerrack-dmx-inkl-case\/#primaryimage","url":"https:\/\/www.materialpoolbern.ch\/wp-content\/uploads\/2026\/01\/IMG_8558-scaled.jpg","contentUrl":"https:\/\/www.materialpoolbern.ch\/wp-content\/uploads\/2026\/01\/IMG_8558-scaled.jpg","width":2560,"height":1921},{"@type":"BreadcrumbList","@id":"https:\/\/www.materialpoolbern.ch\/material\/12-kanal-dimmerrack-dmx-inkl-case\/#breadcrumb","itemListElement":[{"@type":"ListItem","position":1,"name":"Startseite","item":"https:\/\/www.materialpoolbern.ch\/"},{"@type":"ListItem","position":2,"name":"Material","item":"https:\/\/www.materialpoolbern.ch\/material\/"},{"@type":"ListItem","position":3,"name":"12 Kanal Dimmerrack, DMX inkl. Case"}]},{"@type":"WebSite","@id":"https:\/\/www.materialpoolbern.ch\/#website","url":"https:\/\/www.materialpoolbern.ch\/","name":"Pool De Mat\u00e9riel Berne","description":"Mat\u00e9riel pour les professionnels de la culture","publisher":{"@id":"https:\/\/www.materialpoolbern.ch\/#organization"},"potentialAction":[{"@type":"SearchAction","target":{"@type":"EntryPoint","urlTemplate":"https:\/\/www.materialpoolbern.ch\/?s={search_term_string}"},"query-input":{"@type":"PropertyValueSpecification","valueRequired":true,"valueName":"search_term_string"}}],"inLanguage":"fr-FR"},{"@type":"Organization","@id":"https:\/\/www.materialpoolbern.ch\/#organization","name":"Pool De Mat\u00e9riel Berne","url":"https:\/\/www.materialpoolbern.ch\/","logo":{"@type":"ImageObject","inLanguage":"fr-FR","@id":"https:\/\/www.materialpoolbern.ch\/#\/schema\/logo\/image\/","url":"https:\/\/www.materialpoolbern.ch\/wp-content\/uploads\/2019\/11\/Logo_materialpool.png","contentUrl":"https:\/\/www.materialpoolbern.ch\/wp-content\/uploads\/2019\/11\/Logo_materialpool.png","width":758,"height":295,"caption":"Materialpool Bern"},"image":{"@id":"https:\/\/www.materialpoolbern.ch\/#\/schema\/logo\/image\/"}}]}},"_links":{"self":[{"href":"https:\/\/www.materialpoolbern.ch\/fr\/wp-json\/wp\/v2\/product\/16661","targetHints":{"allow":["GET"]}}],"collection":[{"href":"https:\/\/www.materialpoolbern.ch\/fr\/wp-json\/wp\/v2\/product"}],"about":[{"href":"https:\/\/www.materialpoolbern.ch\/fr\/wp-json\/wp\/v2\/types\/product"}],"wp:featuredmedia":[{"embeddable":true,"href":"https:\/\/www.materialpoolbern.ch\/fr\/wp-json\/wp\/v2\/media\/16679"}],"wp:attachment":[{"href":"https:\/\/www.materialpoolbern.ch\/fr\/wp-json\/wp\/v2\/media?parent=16661"}],"wp:term":[{"taxonomy":"product_brand","embeddable":true,"href":"https:\/\/www.materialpoolbern.ch\/fr\/wp-json\/wp\/v2\/product_brand?post=16661"},{"taxonomy":"product_cat","embeddable":true,"href":"https:\/\/www.materialpoolbern.ch\/fr\/wp-json\/wp\/v2\/product_cat?post=16661"},{"taxonomy":"product_tag","embeddable":true,"href":"https:\/\/www.materialpoolbern.ch\/fr\/wp-json\/wp\/v2\/product_tag?post=16661"}],"curies":[{"name":"wp","href":"https:\/\/api.w.org\/{rel}","templated":true}]}}