{"id":18745,"date":"2026-04-08T16:36:09","date_gmt":"2026-04-08T14:36:09","guid":{"rendered":"https:\/\/www.materialpoolbern.ch\/material\/tool-case-festival\/"},"modified":"2026-04-13T15:55:23","modified_gmt":"2026-04-13T13:55:23","slug":"trousse-a-outils-festival","status":"publish","type":"product","link":"https:\/\/www.materialpoolbern.ch\/fr\/material\/tool-case-festival\/","title":{"rendered":"Festival de la bo\u00eete \u00e0 outils"},"content":{"rendered":"<p><strong>OUTILS<\/strong><br \/>1 Sonnect Soundbullet<br \/>1 c\u00e2ble de chargement USB C vers USB avec adaptateur secteur<br \/>1 Leica DISTO Lasermeter D2<br \/>1 BlackFox Outil Multifonction<br \/>1 Lampe de poche Coast HX5 LED<br \/>1 jeu de cl\u00e9s m\u00e2les \u00e0 six pans creux Ayce<br \/>1 Millenium TechTool<\/p>\n<p><strong>TB MIC<\/strong><br \/>1 Shure SM58 S avec interrupteur et Mic Clip<br \/>1 XLR 2m<\/p>\n<p><strong>BUREAU<\/strong><br \/>1 Coupleur EtherCon Neutrik RJ45<br \/>1 Edding fin<br \/>1 Edding grob<br \/>1 E Bande diverse<\/p>\n<p><strong>Jeu de douilles<\/strong><br \/>1 jeu de douilles hexagonales pour outils \u00e9lectriques Proxxon Industrial<\/p>\n<p><strong>Adaptateur audio<\/strong><br \/>2 XLR F\/Jack sym\u00e9triques NA3FP<br \/>2 XLR M\/Jack \u00e9quilibr\u00e9 NA3MP<br \/>4 Adaptateur Cinch-Jack<br \/>2 XLR m\u00e2le \/ Cinch femelle NA2MPMF<br \/>2 prises XLR femelles \/ RCA femelles NA2FPMF<br \/>1 Adaptateur Mini-Jack-Jack vissable<br \/>1 adaptateur Mini Jack<\/p>\n<p><strong>ADAPTATEUR DMX<\/strong><br \/>1 DMX Terminator 3 p\u00f4le<br \/>1 DMX Terminator 5 p\u00f4les<br \/>1 c\u00e2ble DMX Sexchanger vers une malle \u00e0 outils 3m\/5f<br \/>1 c\u00e2ble DMX Sexchanger vers mallette d'outils 5m\/3f<br \/>1 DMX Kabelsexchanger 5f\/5f<br \/>2 adaptateurs DMX 5f\/3f<br \/>2 DMX Kabelsexchanger 5m\/5m<br \/>1 adaptateur DMX 5m\/3m<\/p>\n<p><strong>C\u00c2BLE AUDIO<\/strong><br \/>2 c\u00e2bles de microphone XLR 5m<br \/>2 c\u00e2bles Jack\/Jack unbalanced - c\u00e2ble d'instrument 5 m\u00e8tres<br \/>1 C\u00e2ble Cinch\/mini Jack st\u00e9r\u00e9o<\/p>\n<p><strong>C\u00c2BLE DIVERS<\/strong><br \/>1 Powercon True1 - T13<br \/>C\u00e2ble d'alimentation 1 Powercon<br \/>1 C\u00e2ble d'alimentation Euro PNE<br \/>1 Prise Triox noire<\/p>\n<p><strong>GAFFA<\/strong><br \/>1 Gaffa Tape 50m x 50mm, noir<br \/>1 Gaffa Tape 50m x 50mm, blanc<\/p>\n<p><strong>Serre-c\u00e2ble<\/strong><br \/>100 serre-c\u00e2bles 140 x 3,6 mm<\/p>\n<p><strong>SP\u00c9CIFICATIONS<\/strong><br \/>1 Mallette en plastique Ayce IP65 | 54,5 x 42,8 x 20,6 cm<br \/>Poids : 14,5 kg<\/p>\n<p>\u00a0<\/p>\n<p>\u00a0<\/p>","protected":false},"excerpt":{"rendered":"<p>Coffret d'outils de 50 pi\u00e8ces<\/p>\n<p>L'essentiel \u00e0 port\u00e9e de main rapidement \u2013 proprement organis\u00e9 avec les briques CRDBAG full et half<\/p>","protected":false},"featured_media":18761,"template":"","meta":[],"product_brand":[],"product_cat":[13188],"product_tag":[],"class_list":{"0":"post-18745","1":"product","2":"type-product","3":"status-publish","4":"has-post-thumbnail","6":"product_cat-diverses-audio","8":"first","9":"instock","10":"featured","11":"shipping-taxable","12":"product-type-rentable"},"yoast_head":"<!-- This site is optimized with the Yoast SEO plugin v27.4 - https:\/\/yoast.com\/product\/yoast-seo-wordpress\/ -->\n<title>Tool-Case Festival - Materialpool Bern<\/title>\n<meta name=\"robots\" content=\"index, follow, max-snippet:-1, max-image-preview:large, max-video-preview:-1\" \/>\n<link rel=\"canonical\" href=\"https:\/\/www.materialpoolbern.ch\/fr\/materiaux\/trousse-a-outils-festival\/\" \/>\n<meta property=\"og:locale\" content=\"fr_FR\" \/>\n<meta property=\"og:type\" content=\"article\" \/>\n<meta property=\"og:title\" content=\"Tool-Case Festival - Materialpool Bern\" \/>\n<meta property=\"og:description\" content=\"50-Teiliges Tool-Case Das N\u00f6tigste schnell zur Hand - sauber geordnet mit CRDBAG full und half Bricks\" \/>\n<meta property=\"og:url\" content=\"https:\/\/www.materialpoolbern.ch\/fr\/materiaux\/trousse-a-outils-festival\/\" \/>\n<meta property=\"og:site_name\" content=\"Materialpool Bern\" \/>\n<meta property=\"article:modified_time\" content=\"2026-04-13T13:55:23+00:00\" \/>\n<meta property=\"og:image\" content=\"https:\/\/www.materialpoolbern.ch\/wp-content\/uploads\/2026\/04\/IMG_3502-1-scaled.jpg\" \/>\n\t<meta property=\"og:image:width\" content=\"2560\" \/>\n\t<meta property=\"og:image:height\" content=\"1920\" \/>\n\t<meta property=\"og:image:type\" content=\"image\/jpeg\" \/>\n<meta name=\"twitter:card\" content=\"summary_large_image\" \/>\n<meta name=\"twitter:label1\" content=\"Dur\u00e9e de lecture estim\u00e9e\" \/>\n\t<meta name=\"twitter:data1\" content=\"1 minute\" \/>\n<script type=\"application\/ld+json\" class=\"yoast-schema-graph\">{\"@context\":\"https:\\\/\\\/schema.org\",\"@graph\":[{\"@type\":\"WebPage\",\"@id\":\"https:\\\/\\\/www.materialpoolbern.ch\\\/material\\\/tool-case-festival\\\/\",\"url\":\"https:\\\/\\\/www.materialpoolbern.ch\\\/material\\\/tool-case-festival\\\/\",\"name\":\"Tool-Case Festival - Materialpool Bern\",\"isPartOf\":{\"@id\":\"https:\\\/\\\/www.materialpoolbern.ch\\\/#website\"},\"primaryImageOfPage\":{\"@id\":\"https:\\\/\\\/www.materialpoolbern.ch\\\/material\\\/tool-case-festival\\\/#primaryimage\"},\"image\":{\"@id\":\"https:\\\/\\\/www.materialpoolbern.ch\\\/material\\\/tool-case-festival\\\/#primaryimage\"},\"thumbnailUrl\":\"https:\\\/\\\/www.materialpoolbern.ch\\\/wp-content\\\/uploads\\\/2026\\\/04\\\/IMG_3507-scaled.png\",\"datePublished\":\"2026-04-08T14:36:09+00:00\",\"dateModified\":\"2026-04-13T13:55:23+00:00\",\"breadcrumb\":{\"@id\":\"https:\\\/\\\/www.materialpoolbern.ch\\\/material\\\/tool-case-festival\\\/#breadcrumb\"},\"inLanguage\":\"fr-FR\",\"potentialAction\":[{\"@type\":\"ReadAction\",\"target\":[\"https:\\\/\\\/www.materialpoolbern.ch\\\/material\\\/tool-case-festival\\\/\"]}]},{\"@type\":\"ImageObject\",\"inLanguage\":\"fr-FR\",\"@id\":\"https:\\\/\\\/www.materialpoolbern.ch\\\/material\\\/tool-case-festival\\\/#primaryimage\",\"url\":\"https:\\\/\\\/www.materialpoolbern.ch\\\/wp-content\\\/uploads\\\/2026\\\/04\\\/IMG_3507-scaled.png\",\"contentUrl\":\"https:\\\/\\\/www.materialpoolbern.ch\\\/wp-content\\\/uploads\\\/2026\\\/04\\\/IMG_3507-scaled.png\",\"width\":1920,\"height\":2560},{\"@type\":\"BreadcrumbList\",\"@id\":\"https:\\\/\\\/www.materialpoolbern.ch\\\/material\\\/tool-case-festival\\\/#breadcrumb\",\"itemListElement\":[{\"@type\":\"ListItem\",\"position\":1,\"name\":\"Startseite\",\"item\":\"https:\\\/\\\/www.materialpoolbern.ch\\\/\"},{\"@type\":\"ListItem\",\"position\":2,\"name\":\"Material\",\"item\":\"https:\\\/\\\/www.materialpoolbern.ch\\\/material\\\/\"},{\"@type\":\"ListItem\",\"position\":3,\"name\":\"Tool-Case Festival\"}]},{\"@type\":\"WebSite\",\"@id\":\"https:\\\/\\\/www.materialpoolbern.ch\\\/#website\",\"url\":\"https:\\\/\\\/www.materialpoolbern.ch\\\/\",\"name\":\"Materialpool Bern\",\"description\":\"Material f\u00fcr Kulturschaffende\",\"publisher\":{\"@id\":\"https:\\\/\\\/www.materialpoolbern.ch\\\/#organization\"},\"potentialAction\":[{\"@type\":\"SearchAction\",\"target\":{\"@type\":\"EntryPoint\",\"urlTemplate\":\"https:\\\/\\\/www.materialpoolbern.ch\\\/?s={search_term_string}\"},\"query-input\":{\"@type\":\"PropertyValueSpecification\",\"valueRequired\":true,\"valueName\":\"search_term_string\"}}],\"inLanguage\":\"fr-FR\"},{\"@type\":\"Organization\",\"@id\":\"https:\\\/\\\/www.materialpoolbern.ch\\\/#organization\",\"name\":\"Materialpool Bern\",\"url\":\"https:\\\/\\\/www.materialpoolbern.ch\\\/\",\"logo\":{\"@type\":\"ImageObject\",\"inLanguage\":\"fr-FR\",\"@id\":\"https:\\\/\\\/www.materialpoolbern.ch\\\/#\\\/schema\\\/logo\\\/image\\\/\",\"url\":\"https:\\\/\\\/www.materialpoolbern.ch\\\/wp-content\\\/uploads\\\/2019\\\/11\\\/Logo_materialpool.png\",\"contentUrl\":\"https:\\\/\\\/www.materialpoolbern.ch\\\/wp-content\\\/uploads\\\/2019\\\/11\\\/Logo_materialpool.png\",\"width\":758,\"height\":295,\"caption\":\"Materialpool Bern\"},\"image\":{\"@id\":\"https:\\\/\\\/www.materialpoolbern.ch\\\/#\\\/schema\\\/logo\\\/image\\\/\"}}]}<\/script>\n<!-- \/ Yoast SEO plugin. -->","yoast_head_json":{"title":"Festival Tool-Case - R\u00e9serve de mat\u00e9riel de Berne","robots":{"index":"index","follow":"follow","max-snippet":"max-snippet:-1","max-image-preview":"max-image-preview:large","max-video-preview":"max-video-preview:-1"},"canonical":"https:\/\/www.materialpoolbern.ch\/fr\/materiaux\/trousse-a-outils-festival\/","og_locale":"fr_FR","og_type":"article","og_title":"Tool-Case Festival - Materialpool Bern","og_description":"50-Teiliges Tool-Case Das N\u00f6tigste schnell zur Hand - sauber geordnet mit CRDBAG full und half Bricks","og_url":"https:\/\/www.materialpoolbern.ch\/fr\/materiaux\/trousse-a-outils-festival\/","og_site_name":"Materialpool Bern","article_modified_time":"2026-04-13T13:55:23+00:00","og_image":[{"width":2560,"height":1920,"url":"https:\/\/www.materialpoolbern.ch\/wp-content\/uploads\/2026\/04\/IMG_3502-1-scaled.jpg","type":"image\/jpeg"}],"twitter_card":"summary_large_image","twitter_misc":{"Dur\u00e9e de lecture estim\u00e9e":"1 minute"},"schema":{"@context":"https:\/\/schema.org","@graph":[{"@type":"WebPage","@id":"https:\/\/www.materialpoolbern.ch\/material\/tool-case-festival\/","url":"https:\/\/www.materialpoolbern.ch\/material\/tool-case-festival\/","name":"Festival Tool-Case - R\u00e9serve de mat\u00e9riel de Berne","isPartOf":{"@id":"https:\/\/www.materialpoolbern.ch\/#website"},"primaryImageOfPage":{"@id":"https:\/\/www.materialpoolbern.ch\/material\/tool-case-festival\/#primaryimage"},"image":{"@id":"https:\/\/www.materialpoolbern.ch\/material\/tool-case-festival\/#primaryimage"},"thumbnailUrl":"https:\/\/www.materialpoolbern.ch\/wp-content\/uploads\/2026\/04\/IMG_3507-scaled.png","datePublished":"2026-04-08T14:36:09+00:00","dateModified":"2026-04-13T13:55:23+00:00","breadcrumb":{"@id":"https:\/\/www.materialpoolbern.ch\/material\/tool-case-festival\/#breadcrumb"},"inLanguage":"fr-FR","potentialAction":[{"@type":"ReadAction","target":["https:\/\/www.materialpoolbern.ch\/material\/tool-case-festival\/"]}]},{"@type":"ImageObject","inLanguage":"fr-FR","@id":"https:\/\/www.materialpoolbern.ch\/material\/tool-case-festival\/#primaryimage","url":"https:\/\/www.materialpoolbern.ch\/wp-content\/uploads\/2026\/04\/IMG_3507-scaled.png","contentUrl":"https:\/\/www.materialpoolbern.ch\/wp-content\/uploads\/2026\/04\/IMG_3507-scaled.png","width":1920,"height":2560},{"@type":"BreadcrumbList","@id":"https:\/\/www.materialpoolbern.ch\/material\/tool-case-festival\/#breadcrumb","itemListElement":[{"@type":"ListItem","position":1,"name":"Startseite","item":"https:\/\/www.materialpoolbern.ch\/"},{"@type":"ListItem","position":2,"name":"Material","item":"https:\/\/www.materialpoolbern.ch\/material\/"},{"@type":"ListItem","position":3,"name":"Tool-Case Festival"}]},{"@type":"WebSite","@id":"https:\/\/www.materialpoolbern.ch\/#website","url":"https:\/\/www.materialpoolbern.ch\/","name":"Pool De Mat\u00e9riel Berne","description":"Mat\u00e9riel pour les professionnels de la culture","publisher":{"@id":"https:\/\/www.materialpoolbern.ch\/#organization"},"potentialAction":[{"@type":"SearchAction","target":{"@type":"EntryPoint","urlTemplate":"https:\/\/www.materialpoolbern.ch\/?s={search_term_string}"},"query-input":{"@type":"PropertyValueSpecification","valueRequired":true,"valueName":"search_term_string"}}],"inLanguage":"fr-FR"},{"@type":"Organization","@id":"https:\/\/www.materialpoolbern.ch\/#organization","name":"Pool De Mat\u00e9riel Berne","url":"https:\/\/www.materialpoolbern.ch\/","logo":{"@type":"ImageObject","inLanguage":"fr-FR","@id":"https:\/\/www.materialpoolbern.ch\/#\/schema\/logo\/image\/","url":"https:\/\/www.materialpoolbern.ch\/wp-content\/uploads\/2019\/11\/Logo_materialpool.png","contentUrl":"https:\/\/www.materialpoolbern.ch\/wp-content\/uploads\/2019\/11\/Logo_materialpool.png","width":758,"height":295,"caption":"Materialpool Bern"},"image":{"@id":"https:\/\/www.materialpoolbern.ch\/#\/schema\/logo\/image\/"}}]}},"_links":{"self":[{"href":"https:\/\/www.materialpoolbern.ch\/fr\/wp-json\/wp\/v2\/product\/18745","targetHints":{"allow":["GET"]}}],"collection":[{"href":"https:\/\/www.materialpoolbern.ch\/fr\/wp-json\/wp\/v2\/product"}],"about":[{"href":"https:\/\/www.materialpoolbern.ch\/fr\/wp-json\/wp\/v2\/types\/product"}],"wp:featuredmedia":[{"embeddable":true,"href":"https:\/\/www.materialpoolbern.ch\/fr\/wp-json\/wp\/v2\/media\/18761"}],"wp:attachment":[{"href":"https:\/\/www.materialpoolbern.ch\/fr\/wp-json\/wp\/v2\/media?parent=18745"}],"wp:term":[{"taxonomy":"product_brand","embeddable":true,"href":"https:\/\/www.materialpoolbern.ch\/fr\/wp-json\/wp\/v2\/product_brand?post=18745"},{"taxonomy":"product_cat","embeddable":true,"href":"https:\/\/www.materialpoolbern.ch\/fr\/wp-json\/wp\/v2\/product_cat?post=18745"},{"taxonomy":"product_tag","embeddable":true,"href":"https:\/\/www.materialpoolbern.ch\/fr\/wp-json\/wp\/v2\/product_tag?post=18745"}],"curies":[{"name":"wp","href":"https:\/\/api.w.org\/{rel}","templated":true}]}}