{"id":18746,"date":"2026-04-08T16:36:09","date_gmt":"2026-04-08T14:36:09","guid":{"rendered":"https:\/\/www.materialpoolbern.ch\/material\/sonnect-soundbullet\/"},"modified":"2026-04-13T15:55:24","modified_gmt":"2026-04-13T13:55:24","slug":"sonnect-barre-de-son","status":"publish","type":"product","link":"https:\/\/www.materialpoolbern.ch\/fr\/material\/sonnect-soundbullet\/","title":{"rendered":"Sonnect Soundbullet"},"content":{"rendered":"<p><strong>Trouver rapidement les erreurs<\/strong><br \/>Localisez les erreurs rapidement et efficacement !<br \/>Le Sound Bullet est un outil rapide et puissant qui peut servir de remplacement \u00e0 tout \u00e9l\u00e9ment traitant des signaux audio.<\/p>\n<p><strong>Outil pr\u00e9ventif<\/strong><br \/>Le Sound Bullet vous fournit un diagnostic imm\u00e9diat pour vous aider \u00e0 \u00e9viter les probl\u00e8mes dans les configurations audio complexes avant qu'il ne soit trop tard.<\/p>\n<p><strong>Signaux d<\/strong><br \/>La sortie jack de 6,3 mm peut \u00e9galement \u00eatre utilis\u00e9e comme entr\u00e9e pour \u00e9couter la sortie d'un instrument. L'adaptateur jack-jack compact inclus vous permet de connecter directement votre Sound Bullet \u00e0 des bo\u00eetes DI, des amplis de guitare ou de clavier, sans c\u00e2bles de raccordement suppl\u00e9mentaires.<\/p>\n<p><strong>Nombreuses applications possibles<\/strong><br \/>Con\u00e7u pour des applications allant du sonorisation en direct \u00e0 l'enregistrement en studio, en passant par la radiodiffusion et la t\u00e9l\u00e9vision.<\/p>\n<p><strong>Tester les c\u00e2bles audio VT<\/strong><br \/>En g\u00e9n\u00e9rant la sortie du signal via le connecteur mini-jack de 3,5 mm, vous pouvez tester les lignes audio VT pour les conf\u00e9rences. Testez les lignes mini-jack pour les repr\u00e9sentations th\u00e9\u00e2trales avant que la production n'arrive sur site.<\/p>\n<p>Toujours \u00e0 port\u00e9e de main dans votre poche ou son \u00e9tui compact \u00e0 clip : branchez-le directement dans les entr\u00e9es de bo\u00eetiers XLR ou DI, v\u00e9rifiez l'autre c\u00f4t\u00e9, et c'est parti !<br \/>D\u00e9velopp\u00e9 avec soin par des ing\u00e9nieurs du son pour des ing\u00e9nieurs du son, il vous aide \u00e0 cr\u00e9er et \u00e0 s\u00e9curiser une base audio exceptionnelle pour votre prochain spectacle.<\/p>","protected":false},"excerpt":{"rendered":"<p>Testeur audio rechargeable de poche<br \/>Le Sound Bullet (2\u00e8me g\u00e9n\u00e9ration) est l'oscilloscope audio rechargeable original de poche.<br \/>Un outil puissant de pr\u00e9vention et de d\u00e9pannage, toujours \u00e0 port\u00e9e de main quand vous en avez besoin.<\/p>\n<p>Accessoires : c\u00e2ble de chargement USC C et adaptateur secteur<\/p>\n<p>(Composant de la mallette \u00e0 outils)<\/p>","protected":false},"featured_media":18753,"template":"","meta":[],"product_brand":[],"product_cat":[13188],"product_tag":[],"class_list":{"0":"post-18746","1":"product","2":"type-product","3":"status-publish","4":"has-post-thumbnail","6":"product_cat-diverses-audio","8":"first","9":"instock","10":"shipping-taxable","11":"product-type-rentable"},"yoast_head":"<!-- This site is optimized with the Yoast SEO plugin v27.5 - https:\/\/yoast.com\/product\/yoast-seo-wordpress\/ -->\n<title>Sonnect Soundbullet - Materialpool Bern<\/title>\n<meta name=\"robots\" content=\"index, follow, max-snippet:-1, max-image-preview:large, max-video-preview:-1\" \/>\n<link rel=\"canonical\" href=\"https:\/\/www.materialpoolbern.ch\/fr\/materiaux\/sonnect-barre-de-son\/\" \/>\n<meta property=\"og:locale\" content=\"fr_FR\" \/>\n<meta property=\"og:type\" content=\"article\" \/>\n<meta property=\"og:title\" content=\"Sonnect Soundbullet - Materialpool Bern\" \/>\n<meta property=\"og:description\" content=\"Wiederaufladbarer Audiotester im TaschenformatDas Sound Bullet (2. Generation) ist der originale wiederaufladbare Audiotester im Taschenformat.Ein leistungsstarkes Werkzeug zur Vorbeugung und Fehlerbehebung, das immer zur Hand ist, wenn Sie es brauchen. Zubeh\u00f6r:\u00a0USC C Ladekabel und Netzteil(Bestandteil vom Tool-Case)\" \/>\n<meta property=\"og:url\" content=\"https:\/\/www.materialpoolbern.ch\/fr\/materiaux\/sonnect-barre-de-son\/\" \/>\n<meta property=\"og:site_name\" content=\"Materialpool Bern\" \/>\n<meta property=\"article:modified_time\" content=\"2026-04-13T13:55:24+00:00\" \/>\n<meta name=\"twitter:card\" content=\"summary_large_image\" \/>\n<meta name=\"twitter:label1\" content=\"Dur\u00e9e de lecture estim\u00e9e\" \/>\n\t<meta name=\"twitter:data1\" content=\"1 minute\" \/>\n<script type=\"application\/ld+json\" class=\"yoast-schema-graph\">{\"@context\":\"https:\\\/\\\/schema.org\",\"@graph\":[{\"@type\":\"WebPage\",\"@id\":\"https:\\\/\\\/www.materialpoolbern.ch\\\/material\\\/sonnect-soundbullet\\\/\",\"url\":\"https:\\\/\\\/www.materialpoolbern.ch\\\/material\\\/sonnect-soundbullet\\\/\",\"name\":\"Sonnect Soundbullet - Materialpool Bern\",\"isPartOf\":{\"@id\":\"https:\\\/\\\/www.materialpoolbern.ch\\\/#website\"},\"primaryImageOfPage\":{\"@id\":\"https:\\\/\\\/www.materialpoolbern.ch\\\/material\\\/sonnect-soundbullet\\\/#primaryimage\"},\"image\":{\"@id\":\"https:\\\/\\\/www.materialpoolbern.ch\\\/material\\\/sonnect-soundbullet\\\/#primaryimage\"},\"thumbnailUrl\":\"https:\\\/\\\/www.materialpoolbern.ch\\\/wp-content\\\/uploads\\\/2026\\\/04\\\/SB-gen2_04-2.jpg\",\"datePublished\":\"2026-04-08T14:36:09+00:00\",\"dateModified\":\"2026-04-13T13:55:24+00:00\",\"breadcrumb\":{\"@id\":\"https:\\\/\\\/www.materialpoolbern.ch\\\/material\\\/sonnect-soundbullet\\\/#breadcrumb\"},\"inLanguage\":\"fr-FR\",\"potentialAction\":[{\"@type\":\"ReadAction\",\"target\":[\"https:\\\/\\\/www.materialpoolbern.ch\\\/material\\\/sonnect-soundbullet\\\/\"]}]},{\"@type\":\"ImageObject\",\"inLanguage\":\"fr-FR\",\"@id\":\"https:\\\/\\\/www.materialpoolbern.ch\\\/material\\\/sonnect-soundbullet\\\/#primaryimage\",\"url\":\"https:\\\/\\\/www.materialpoolbern.ch\\\/wp-content\\\/uploads\\\/2026\\\/04\\\/SB-gen2_04-2.jpg\",\"contentUrl\":\"https:\\\/\\\/www.materialpoolbern.ch\\\/wp-content\\\/uploads\\\/2026\\\/04\\\/SB-gen2_04-2.jpg\",\"width\":1000,\"height\":1000},{\"@type\":\"BreadcrumbList\",\"@id\":\"https:\\\/\\\/www.materialpoolbern.ch\\\/material\\\/sonnect-soundbullet\\\/#breadcrumb\",\"itemListElement\":[{\"@type\":\"ListItem\",\"position\":1,\"name\":\"Startseite\",\"item\":\"https:\\\/\\\/www.materialpoolbern.ch\\\/\"},{\"@type\":\"ListItem\",\"position\":2,\"name\":\"Material\",\"item\":\"https:\\\/\\\/www.materialpoolbern.ch\\\/material\\\/\"},{\"@type\":\"ListItem\",\"position\":3,\"name\":\"Sonnect Soundbullet\"}]},{\"@type\":\"WebSite\",\"@id\":\"https:\\\/\\\/www.materialpoolbern.ch\\\/#website\",\"url\":\"https:\\\/\\\/www.materialpoolbern.ch\\\/\",\"name\":\"Materialpool Bern\",\"description\":\"Material f\u00fcr Kulturschaffende\",\"publisher\":{\"@id\":\"https:\\\/\\\/www.materialpoolbern.ch\\\/#organization\"},\"potentialAction\":[{\"@type\":\"SearchAction\",\"target\":{\"@type\":\"EntryPoint\",\"urlTemplate\":\"https:\\\/\\\/www.materialpoolbern.ch\\\/?s={search_term_string}\"},\"query-input\":{\"@type\":\"PropertyValueSpecification\",\"valueRequired\":true,\"valueName\":\"search_term_string\"}}],\"inLanguage\":\"fr-FR\"},{\"@type\":\"Organization\",\"@id\":\"https:\\\/\\\/www.materialpoolbern.ch\\\/#organization\",\"name\":\"Materialpool Bern\",\"url\":\"https:\\\/\\\/www.materialpoolbern.ch\\\/\",\"logo\":{\"@type\":\"ImageObject\",\"inLanguage\":\"fr-FR\",\"@id\":\"https:\\\/\\\/www.materialpoolbern.ch\\\/#\\\/schema\\\/logo\\\/image\\\/\",\"url\":\"https:\\\/\\\/www.materialpoolbern.ch\\\/wp-content\\\/uploads\\\/2019\\\/11\\\/Logo_materialpool.png\",\"contentUrl\":\"https:\\\/\\\/www.materialpoolbern.ch\\\/wp-content\\\/uploads\\\/2019\\\/11\\\/Logo_materialpool.png\",\"width\":758,\"height\":295,\"caption\":\"Materialpool Bern\"},\"image\":{\"@id\":\"https:\\\/\\\/www.materialpoolbern.ch\\\/#\\\/schema\\\/logo\\\/image\\\/\"}}]}<\/script>\n<!-- \/ Yoast SEO plugin. -->","yoast_head_json":{"title":"Sonnect Soundbullet - Materialpool Bern","robots":{"index":"index","follow":"follow","max-snippet":"max-snippet:-1","max-image-preview":"max-image-preview:large","max-video-preview":"max-video-preview:-1"},"canonical":"https:\/\/www.materialpoolbern.ch\/fr\/materiaux\/sonnect-barre-de-son\/","og_locale":"fr_FR","og_type":"article","og_title":"Sonnect Soundbullet - Materialpool Bern","og_description":"Wiederaufladbarer Audiotester im TaschenformatDas Sound Bullet (2. Generation) ist der originale wiederaufladbare Audiotester im Taschenformat.Ein leistungsstarkes Werkzeug zur Vorbeugung und Fehlerbehebung, das immer zur Hand ist, wenn Sie es brauchen. Zubeh\u00f6r:\u00a0USC C Ladekabel und Netzteil(Bestandteil vom Tool-Case)","og_url":"https:\/\/www.materialpoolbern.ch\/fr\/materiaux\/sonnect-barre-de-son\/","og_site_name":"Materialpool Bern","article_modified_time":"2026-04-13T13:55:24+00:00","twitter_card":"summary_large_image","twitter_misc":{"Dur\u00e9e de lecture estim\u00e9e":"1 minute"},"schema":{"@context":"https:\/\/schema.org","@graph":[{"@type":"WebPage","@id":"https:\/\/www.materialpoolbern.ch\/material\/sonnect-soundbullet\/","url":"https:\/\/www.materialpoolbern.ch\/material\/sonnect-soundbullet\/","name":"Sonnect Soundbullet - Materialpool Bern","isPartOf":{"@id":"https:\/\/www.materialpoolbern.ch\/#website"},"primaryImageOfPage":{"@id":"https:\/\/www.materialpoolbern.ch\/material\/sonnect-soundbullet\/#primaryimage"},"image":{"@id":"https:\/\/www.materialpoolbern.ch\/material\/sonnect-soundbullet\/#primaryimage"},"thumbnailUrl":"https:\/\/www.materialpoolbern.ch\/wp-content\/uploads\/2026\/04\/SB-gen2_04-2.jpg","datePublished":"2026-04-08T14:36:09+00:00","dateModified":"2026-04-13T13:55:24+00:00","breadcrumb":{"@id":"https:\/\/www.materialpoolbern.ch\/material\/sonnect-soundbullet\/#breadcrumb"},"inLanguage":"fr-FR","potentialAction":[{"@type":"ReadAction","target":["https:\/\/www.materialpoolbern.ch\/material\/sonnect-soundbullet\/"]}]},{"@type":"ImageObject","inLanguage":"fr-FR","@id":"https:\/\/www.materialpoolbern.ch\/material\/sonnect-soundbullet\/#primaryimage","url":"https:\/\/www.materialpoolbern.ch\/wp-content\/uploads\/2026\/04\/SB-gen2_04-2.jpg","contentUrl":"https:\/\/www.materialpoolbern.ch\/wp-content\/uploads\/2026\/04\/SB-gen2_04-2.jpg","width":1000,"height":1000},{"@type":"BreadcrumbList","@id":"https:\/\/www.materialpoolbern.ch\/material\/sonnect-soundbullet\/#breadcrumb","itemListElement":[{"@type":"ListItem","position":1,"name":"Startseite","item":"https:\/\/www.materialpoolbern.ch\/"},{"@type":"ListItem","position":2,"name":"Material","item":"https:\/\/www.materialpoolbern.ch\/material\/"},{"@type":"ListItem","position":3,"name":"Sonnect Soundbullet"}]},{"@type":"WebSite","@id":"https:\/\/www.materialpoolbern.ch\/#website","url":"https:\/\/www.materialpoolbern.ch\/","name":"Pool De Mat\u00e9riel Berne","description":"Mat\u00e9riel pour les professionnels de la culture","publisher":{"@id":"https:\/\/www.materialpoolbern.ch\/#organization"},"potentialAction":[{"@type":"SearchAction","target":{"@type":"EntryPoint","urlTemplate":"https:\/\/www.materialpoolbern.ch\/?s={search_term_string}"},"query-input":{"@type":"PropertyValueSpecification","valueRequired":true,"valueName":"search_term_string"}}],"inLanguage":"fr-FR"},{"@type":"Organization","@id":"https:\/\/www.materialpoolbern.ch\/#organization","name":"Pool De Mat\u00e9riel Berne","url":"https:\/\/www.materialpoolbern.ch\/","logo":{"@type":"ImageObject","inLanguage":"fr-FR","@id":"https:\/\/www.materialpoolbern.ch\/#\/schema\/logo\/image\/","url":"https:\/\/www.materialpoolbern.ch\/wp-content\/uploads\/2019\/11\/Logo_materialpool.png","contentUrl":"https:\/\/www.materialpoolbern.ch\/wp-content\/uploads\/2019\/11\/Logo_materialpool.png","width":758,"height":295,"caption":"Materialpool Bern"},"image":{"@id":"https:\/\/www.materialpoolbern.ch\/#\/schema\/logo\/image\/"}}]}},"_links":{"self":[{"href":"https:\/\/www.materialpoolbern.ch\/fr\/wp-json\/wp\/v2\/product\/18746","targetHints":{"allow":["GET"]}}],"collection":[{"href":"https:\/\/www.materialpoolbern.ch\/fr\/wp-json\/wp\/v2\/product"}],"about":[{"href":"https:\/\/www.materialpoolbern.ch\/fr\/wp-json\/wp\/v2\/types\/product"}],"wp:featuredmedia":[{"embeddable":true,"href":"https:\/\/www.materialpoolbern.ch\/fr\/wp-json\/wp\/v2\/media\/18753"}],"wp:attachment":[{"href":"https:\/\/www.materialpoolbern.ch\/fr\/wp-json\/wp\/v2\/media?parent=18746"}],"wp:term":[{"taxonomy":"product_brand","embeddable":true,"href":"https:\/\/www.materialpoolbern.ch\/fr\/wp-json\/wp\/v2\/product_brand?post=18746"},{"taxonomy":"product_cat","embeddable":true,"href":"https:\/\/www.materialpoolbern.ch\/fr\/wp-json\/wp\/v2\/product_cat?post=18746"},{"taxonomy":"product_tag","embeddable":true,"href":"https:\/\/www.materialpoolbern.ch\/fr\/wp-json\/wp\/v2\/product_tag?post=18746"}],"curies":[{"name":"wp","href":"https:\/\/api.w.org\/{rel}","templated":true}]}}